{"id":193,"date":"2011-11-30T12:56:00","date_gmt":"2011-11-30T11:56:00","guid":{"rendered":"https:\/\/blogs.ua.es\/comunicacionypublicosespecificos\/?page_id=193"},"modified":"2017-10-01T17:14:16","modified_gmt":"2017-10-01T16:14:16","slug":"premios","status":"publish","type":"page","link":"https:\/\/blogs.ua.es\/comunicacionypublicosespecificos\/premios\/","title":{"rendered":"Premios"},"content":{"rendered":"<p><strong>Victoria Tur-Vi\u00f1es:<\/strong><\/p>\n<h3 class=\"post_title\"><a title=\"Victoria Tur Vi\u00f1es, Doctora en Sociolog\u00ed\u00ada de la Universidad de Alicante, XIV Premio Hermes\" href=\"http:\/\/atrcv.org\/victoria-tur-vines-doctora-en-sociologi%c2%ada-de-la-universidad-de-alicante-xiv-premio-hermes\/\" rel=\"bookmark\">Victoria Tur Vi\u00f1es, Doctora en Sociolog\u00ed\u00ada de la Universidad de Alicante, XIV Premio Hermes.<\/a>\u00a0La Asociaci\u00f3n<a href=\"http:\/\/atrcv.org\/\">\u00a0ATR-CV<\/a>, Asociaci\u00f3n de Consumidores de Medios de la Comunidad Valenciana cuyo objetivo es trabajar activamente por una comunicaci\u00f3n responsable otorga el XIV\u00a0<a href=\"http:\/\/atrcv.org\/actividades\/premio-hermes\/historia-del-premio\/\">Premio Hermes<\/a>\u00a0a\u00a0<a href=\"https:\/\/cvnet.cpd.ua.es\/curriculum-breve\/es\/tur-vines-victoria\/5345\">Victoria Tur-Vi\u00f1es<\/a>, Investigadora Principal de este grupo de investigaci\u00f3n.<\/h3>\n<p><strong>Irene Ramos-Soler:<\/strong><\/p>\n<p>19\u00ba Premio Nacional de Investigaci\u00f3n \u201cDr.\u00a0 Rogeli Duocastella\u201d otorgado por la Fundaci\u00f3n \u201cLa Caixa\u201d en 2007 por el trabajo de investigaci\u00f3n <em>El Estilo de Vida de los Mayores y la Publicidad\u201d.<\/em> Cuant\u00eda del premio: 18.000 euros.<\/p>\n","protected":false},"excerpt":{"rendered":"<p>Victoria Tur-Vi\u00f1es: Victoria Tur Vi\u00f1es, Doctora en Sociolog\u00ed\u00ada de la Universidad de Alicante, XIV Premio Hermes.\u00a0La Asociaci\u00f3n\u00a0ATR-CV, Asociaci\u00f3n de Consumidores de Medios de la Comunidad Valenciana cuyo objetivo es trabajar activamente por una comunicaci\u00f3n responsable otorga el XIV\u00a0Premio Hermes\u00a0a\u00a0Victoria Tur-Vi\u00f1es, &hellip; <a href=\"https:\/\/blogs.ua.es\/comunicacionypublicosespecificos\/premios\/\">Continue reading <span class=\"meta-nav\">&rarr;<\/span><\/a><\/p>\n","protected":false},"author":2406,"featured_media":0,"parent":0,"menu_order":0,"comment_status":"closed","ping_status":"closed","template":"","meta":{"footnotes":""},"class_list":["post-193","page","type-page","status-publish","hentry"],"_links":{"self":[{"href":"https:\/\/blogs.ua.es\/comunicacionypublicosespecificos\/wp-json\/wp\/v2\/pages\/193","targetHints":{"allow":["GET"]}}],"collection":[{"href":"https:\/\/blogs.ua.es\/comunicacionypublicosespecificos\/wp-json\/wp\/v2\/pages"}],"about":[{"href":"https:\/\/blogs.ua.es\/comunicacionypublicosespecificos\/wp-json\/wp\/v2\/types\/page"}],"author":[{"embeddable":true,"href":"https:\/\/blogs.ua.es\/comunicacionypublicosespecificos\/wp-json\/wp\/v2\/users\/2406"}],"replies":[{"embeddable":true,"href":"https:\/\/blogs.ua.es\/comunicacionypublicosespecificos\/wp-json\/wp\/v2\/comments?post=193"}],"version-history":[{"count":5,"href":"https:\/\/blogs.ua.es\/comunicacionypublicosespecificos\/wp-json\/wp\/v2\/pages\/193\/revisions"}],"predecessor-version":[{"id":526,"href":"https:\/\/blogs.ua.es\/comunicacionypublicosespecificos\/wp-json\/wp\/v2\/pages\/193\/revisions\/526"}],"wp:attachment":[{"href":"https:\/\/blogs.ua.es\/comunicacionypublicosespecificos\/wp-json\/wp\/v2\/media?parent=193"}],"curies":[{"name":"wp","href":"https:\/\/api.w.org\/{rel}","templated":true}]}}