{"id":470,"date":"2013-02-13T17:43:47","date_gmt":"2013-02-13T16:43:47","guid":{"rendered":"https:\/\/blogs.ua.es\/comunicacionypublicosespecificos\/?page_id=470"},"modified":"2017-10-01T17:05:12","modified_gmt":"2017-10-01T16:05:12","slug":"revista-mediterranea-de-comunicacion","status":"publish","type":"page","link":"https:\/\/blogs.ua.es\/comunicacionypublicosespecificos\/revista-mediterranea-de-comunicacion\/","title":{"rendered":"Revista Mediterr\u00e1nea de Comunicaci\u00f3n"},"content":{"rendered":"<p><a href=\"https:\/\/blogs.ua.es\/comunicacionypublicosespecificos\/files\/2013\/02\/Mediterr\u00e1nea-nuevo2.jpg\"><img loading=\"lazy\" decoding=\"async\" class=\"alignleft size-full wp-image-484\" src=\"https:\/\/blogs.ua.es\/comunicacionypublicosespecificos\/files\/2013\/02\/Mediterr\u00e1nea-nuevo2.jpg\" alt=\"Mediterr\u00e1nea-nuevo2\" width=\"920\" height=\"300\" srcset=\"https:\/\/blogs.ua.es\/comunicacionypublicosespecificos\/files\/2013\/02\/Mediterr\u00e1nea-nuevo2.jpg 920w, https:\/\/blogs.ua.es\/comunicacionypublicosespecificos\/files\/2013\/02\/Mediterr\u00e1nea-nuevo2-300x97.jpg 300w\" sizes=\"auto, (max-width: 920px) 100vw, 920px\" \/><\/a><\/p>\n<p style=\"text-align: center\"><a title=\"http:\/\/www.mediterranea-comunicacion.org\/\" href=\"https:\/\/www.mediterranea-comunicacion.org\/index\" target=\"_blank\" rel=\"noopener\">http:\/\/www.mediterranea-comunicacion.org\/<\/a><\/p>\n<p><strong>Revista Mediterr\u00e1nea de Comunicaci\u00f3n (RMC) \/ Mediterranean Journal of Communication\u00a0(MJC)\u00a0<\/strong>publica art\u00edculos, revisiones y ensayos cient\u00edficos revisados por pares relacionados con la comunicaci\u00f3n comercial, persuasiva, period\u00edstica o audiovisual. Centra su inter\u00e9s en las investigaciones realizadas en pa\u00edses de la cuenca del Mediterr\u00e1neo. Tambi\u00e9n se valoran trabajos de la tem\u00e1tica realizados en instituciones de pa\u00edses geogr\u00e1ficamente lim\u00edtrofes o culturalmente hermanados siempre que representen experiencias relevantes de inter\u00e9s para la cuenca del Mediterr\u00e1neo. \u00a0Son especialmente bienvenidos aquellos textos con planteamientos interdisciplinares, originales y aportaciones innovadoras que utilicen con rigor la metodolog\u00eda del \u00e1mbito. La revista se publica en acceso abierto, es multiling\u00fce y refleja las tendencias futuras que afectan a la comunicaci\u00f3n.<\/p>\n<p>Est\u00e1 destinada a investigadores acad\u00e9micos, consolidados o en formaci\u00f3n, que quieran difundir los resultados de sus investigaciones mediante la publicaci\u00f3n cient\u00edfica. Pretende dar un servicio a la comunidad cient\u00edfica internacional potenciando un espacio de intercambio donde compartir, promocionar y difundir la producci\u00f3n cient\u00edfica acad\u00e9mica derivada de la investigaci\u00f3n aplicada a la comunicaci\u00f3n social.<\/p>\n<p>No aplica cargo alguno a los autores por procesar o publicar un art\u00edculo.<\/p>\n<table class=\"announcements\">\n<tbody>\n<tr class=\"title\">\n<td class=\"title\">\n<h4>Mediterr\u00e1nea entra en el EMERGING SOURCE CITATION INDEX (ESCI)- Clarivate (antigua Thomson Reuters).<\/h4>\n<\/td>\n<td class=\"more\"><\/td>\n<\/tr>\n<tr class=\"description\">\n<td class=\"description\">ESCI de Clarivate (antigua Thomson Reuters) es una base de datos donde figuran las revistas que est\u00e1n siendo evaluadas para entrar a formar parte de las bases de datos de Web of Science Core Collections Web of Science (SCI, SSCI &amp; A&amp;HCI). La inclusi\u00f3n mejora ostensiblemente la visibilidad de la revista y permitir\u00e1 disponer de m\u00e9tricas de citaci\u00f3n en esta base de datos.<\/p>\n<p><strong><img decoding=\"async\" src=\"https:\/\/www.mediterranea-comunicacion.org\/public\/site\/images\/victoriatur\/ESCI_21.png\" alt=\"\" \/><\/strong><\/td>\n<\/tr>\n<\/tbody>\n<\/table>\n<p>&nbsp;<\/p>\n","protected":false},"excerpt":{"rendered":"<p>http:\/\/www.mediterranea-comunicacion.org\/ Revista Mediterr\u00e1nea de Comunicaci\u00f3n (RMC) \/ Mediterranean Journal of Communication\u00a0(MJC)\u00a0publica art\u00edculos, revisiones y ensayos cient\u00edficos revisados por pares relacionados con la comunicaci\u00f3n comercial, persuasiva, period\u00edstica o audiovisual. Centra su inter\u00e9s en las investigaciones realizadas en pa\u00edses de la cuenca &hellip; <a href=\"https:\/\/blogs.ua.es\/comunicacionypublicosespecificos\/revista-mediterranea-de-comunicacion\/\">Continue reading <span class=\"meta-nav\">&rarr;<\/span><\/a><\/p>\n","protected":false},"author":2406,"featured_media":471,"parent":0,"menu_order":0,"comment_status":"closed","ping_status":"closed","template":"","meta":{"footnotes":""},"class_list":["post-470","page","type-page","status-publish","has-post-thumbnail","hentry"],"_links":{"self":[{"href":"https:\/\/blogs.ua.es\/comunicacionypublicosespecificos\/wp-json\/wp\/v2\/pages\/470","targetHints":{"allow":["GET"]}}],"collection":[{"href":"https:\/\/blogs.ua.es\/comunicacionypublicosespecificos\/wp-json\/wp\/v2\/pages"}],"about":[{"href":"https:\/\/blogs.ua.es\/comunicacionypublicosespecificos\/wp-json\/wp\/v2\/types\/page"}],"author":[{"embeddable":true,"href":"https:\/\/blogs.ua.es\/comunicacionypublicosespecificos\/wp-json\/wp\/v2\/users\/2406"}],"replies":[{"embeddable":true,"href":"https:\/\/blogs.ua.es\/comunicacionypublicosespecificos\/wp-json\/wp\/v2\/comments?post=470"}],"version-history":[{"count":8,"href":"https:\/\/blogs.ua.es\/comunicacionypublicosespecificos\/wp-json\/wp\/v2\/pages\/470\/revisions"}],"predecessor-version":[{"id":524,"href":"https:\/\/blogs.ua.es\/comunicacionypublicosespecificos\/wp-json\/wp\/v2\/pages\/470\/revisions\/524"}],"wp:featuredmedia":[{"embeddable":true,"href":"https:\/\/blogs.ua.es\/comunicacionypublicosespecificos\/wp-json\/wp\/v2\/media\/471"}],"wp:attachment":[{"href":"https:\/\/blogs.ua.es\/comunicacionypublicosespecificos\/wp-json\/wp\/v2\/media?parent=470"}],"curies":[{"name":"wp","href":"https:\/\/api.w.org\/{rel}","templated":true}]}}