{"id":10,"date":"2012-12-07T09:26:42","date_gmt":"2012-12-07T09:26:42","guid":{"rendered":"https:\/\/blogs.ua.es\/conchapiquer\/?page_id=10"},"modified":"2013-02-01T18:40:45","modified_gmt":"2013-02-01T18:40:45","slug":"presentacion","status":"publish","type":"page","link":"https:\/\/blogs.ua.es\/conchapiquer\/presentacion\/","title":{"rendered":"1. Presentaci\u00f3n"},"content":{"rendered":"<p style=\"text-align: justify\">Somos Marina del R\u00edo y Lidia Garc\u00eda, alumnas de primero en el Grado de Humanidades, de la Universidad de Alicante.\u00a0En este blog sobre la cantante Concha Piquer, enmarcado en el &#8220;Taller de creaci\u00f3n de contenidos multimedia&#8221; de la asignatura <a href=\"http:\/\/cv1.cpd.ua.es\/ConsPlanesEstudio\/cvFichaAsiEEES.asp?wCodEst=C003&amp;wcodasi=32001&amp;wLengua=C&amp;scaca=2012-13\" target=\"_blank\">&#8220;Fuentes y documentos para la historia&#8221;<\/a>, \u00a0trataremos de ofrecer las referencias bibliogr\u00e1ficas m\u00e1s destacadas acerca de la trayectoria profesional de esta figura fundamental de la canci\u00f3n espa\u00f1ola del s. XX.<\/p>\n<p style=\"text-align: justify\"><a href=\"https:\/\/blogs.ua.es\/conchapiquer\/files\/2012\/12\/logo-ua.png\"><img loading=\"lazy\" decoding=\"async\" class=\"aligncenter size-full wp-image-14\" src=\"https:\/\/blogs.ua.es\/conchapiquer\/files\/2012\/12\/logo-ua.png\" alt=\"Universidad de Alicante\" width=\"263\" height=\"45\" \/><\/a><\/p>\n<p>&nbsp;<\/p>\n","protected":false},"excerpt":{"rendered":"<p>Somos Marina del R\u00edo y Lidia Garc\u00eda, alumnas de primero en el Grado de Humanidades, de la Universidad de Alicante.\u00a0En este blog sobre la cantante Concha Piquer, enmarcado en el &#8220;Taller de creaci\u00f3n de contenidos multimedia&#8221; de la asignatura &#8220;Fuentes &hellip; <a href=\"https:\/\/blogs.ua.es\/conchapiquer\/presentacion\/\">Continue reading <span class=\"meta-nav\">&rarr;<\/span><\/a><\/p>\n","protected":false},"author":3019,"featured_media":0,"parent":0,"menu_order":1,"comment_status":"open","ping_status":"closed","template":"","meta":{"footnotes":""},"class_list":["post-10","page","type-page","status-publish","hentry"],"_links":{"self":[{"href":"https:\/\/blogs.ua.es\/conchapiquer\/wp-json\/wp\/v2\/pages\/10","targetHints":{"allow":["GET"]}}],"collection":[{"href":"https:\/\/blogs.ua.es\/conchapiquer\/wp-json\/wp\/v2\/pages"}],"about":[{"href":"https:\/\/blogs.ua.es\/conchapiquer\/wp-json\/wp\/v2\/types\/page"}],"author":[{"embeddable":true,"href":"https:\/\/blogs.ua.es\/conchapiquer\/wp-json\/wp\/v2\/users\/3019"}],"replies":[{"embeddable":true,"href":"https:\/\/blogs.ua.es\/conchapiquer\/wp-json\/wp\/v2\/comments?post=10"}],"version-history":[{"count":10,"href":"https:\/\/blogs.ua.es\/conchapiquer\/wp-json\/wp\/v2\/pages\/10\/revisions"}],"predecessor-version":[{"id":12,"href":"https:\/\/blogs.ua.es\/conchapiquer\/wp-json\/wp\/v2\/pages\/10\/revisions\/12"}],"wp:attachment":[{"href":"https:\/\/blogs.ua.es\/conchapiquer\/wp-json\/wp\/v2\/media?parent=10"}],"curies":[{"name":"wp","href":"https:\/\/api.w.org\/{rel}","templated":true}]}}