{"id":24,"date":"2012-12-15T09:03:14","date_gmt":"2012-12-15T09:03:14","guid":{"rendered":"https:\/\/blogs.ua.es\/conchapiquer\/?page_id=24"},"modified":"2013-02-01T18:14:05","modified_gmt":"2013-02-01T18:14:05","slug":"introduccion","status":"publish","type":"page","link":"https:\/\/blogs.ua.es\/conchapiquer\/introduccion\/","title":{"rendered":"2. Explicaci\u00f3n del tema"},"content":{"rendered":"<p style=\"text-align: justify\">Concha Piquer\u00a0(Valencia, 1908- Madrid, 1990) fue una de las principales representantes de la canci\u00f3n espa\u00f1ola, artistas y cr\u00edticos coinciden en afirmar que fue ella quien elev\u00f3 dicho g\u00e9nero a su m\u00e1ximo\u00a0virtuosismo t\u00e9cnico y\u00a0est\u00e9tico. De or\u00edgenes humildes fue descubierta tempranamente\u00a0por el maestro Penella quien la llev\u00f3 a Nueva York con su\u00a0\u00f3pera &#8220;El Gato Mont\u00e9s&#8221;. La joven triunf\u00f3 en Broadway e incluso particip\u00f3 en la primera grabaci\u00f3n sonora de la historia as\u00ed como en la pel\u00edcula &#8220;El cantor de jazz&#8221;. A su regreso a Espa\u00f1a consolid\u00f3 su <a href=\"http:\/\/www.imdb.es\/name\/nm0685035\/#actress\" target=\"_blank\">carrera como actriz<\/a>\u00a0(en la que destacan sus colaboraciones con Flori\u00e1n Rey) y sobretodo como <strong>cantante de copla<\/strong>. Para ella compusieron los maestros Valverde, Quintero, Le\u00f3n y Quiroga piezas que permanecen en la memoria colectiva como &#8220;<a href=\"http:\/\/www.youtube.com\/watch?v=ns72t1BrF30\" target=\"_blank\">Tatuaje<\/a>&#8220;, &#8220;<a href=\"http:\/\/youtu.be\/y8JpAMBO60k\" target=\"_blank\">Ojos verdes<\/a>&#8220;, &#8220;<a href=\"http:\/\/www.youtube.com\/watch?v=Y_VqHglTRkk\" target=\"_blank\">Y sin embargo te quiero<\/a>&#8221; o &#8220;<a href=\"http:\/\/www.youtube.com\/watch?v=6Ciw3WhmLVE\" target=\"_blank\">En tierra extra\u00f1a<\/a>&#8220;.<\/p>\n<p style=\"text-align: justify\"><a href=\"https:\/\/blogs.ua.es\/conchapiquer\/introduccion\/concha-piquer\/\" rel=\"attachment wp-att-204\"><img loading=\"lazy\" decoding=\"async\" class=\"aligncenter size-full wp-image-204\" src=\"https:\/\/blogs.ua.es\/conchapiquer\/files\/2012\/12\/concha-piquer.jpg\" alt=\"\" width=\"320\" height=\"427\" srcset=\"https:\/\/blogs.ua.es\/conchapiquer\/files\/2012\/12\/concha-piquer.jpg 320w, https:\/\/blogs.ua.es\/conchapiquer\/files\/2012\/12\/concha-piquer-217x290.jpg 217w, https:\/\/blogs.ua.es\/conchapiquer\/files\/2012\/12\/concha-piquer-224x300.jpg 224w\" sizes=\"auto, (max-width: 320px) 100vw, 320px\" \/><\/a><\/p>\n<p>&nbsp;<\/p>\n<p>&nbsp;<\/p>\n","protected":false},"excerpt":{"rendered":"<p>Concha Piquer\u00a0(Valencia, 1908- Madrid, 1990) fue una de las principales representantes de la canci\u00f3n espa\u00f1ola, artistas y cr\u00edticos coinciden en afirmar que fue ella quien elev\u00f3 dicho g\u00e9nero a su m\u00e1ximo\u00a0virtuosismo t\u00e9cnico y\u00a0est\u00e9tico. De or\u00edgenes humildes fue descubierta tempranamente\u00a0por el &hellip; <a href=\"https:\/\/blogs.ua.es\/conchapiquer\/introduccion\/\">Continue reading <span class=\"meta-nav\">&rarr;<\/span><\/a><\/p>\n","protected":false},"author":3019,"featured_media":0,"parent":0,"menu_order":2,"comment_status":"open","ping_status":"closed","template":"","meta":{"footnotes":""},"class_list":["post-24","page","type-page","status-publish","hentry"],"_links":{"self":[{"href":"https:\/\/blogs.ua.es\/conchapiquer\/wp-json\/wp\/v2\/pages\/24","targetHints":{"allow":["GET"]}}],"collection":[{"href":"https:\/\/blogs.ua.es\/conchapiquer\/wp-json\/wp\/v2\/pages"}],"about":[{"href":"https:\/\/blogs.ua.es\/conchapiquer\/wp-json\/wp\/v2\/types\/page"}],"author":[{"embeddable":true,"href":"https:\/\/blogs.ua.es\/conchapiquer\/wp-json\/wp\/v2\/users\/3019"}],"replies":[{"embeddable":true,"href":"https:\/\/blogs.ua.es\/conchapiquer\/wp-json\/wp\/v2\/comments?post=24"}],"version-history":[{"count":16,"href":"https:\/\/blogs.ua.es\/conchapiquer\/wp-json\/wp\/v2\/pages\/24\/revisions"}],"predecessor-version":[{"id":257,"href":"https:\/\/blogs.ua.es\/conchapiquer\/wp-json\/wp\/v2\/pages\/24\/revisions\/257"}],"wp:attachment":[{"href":"https:\/\/blogs.ua.es\/conchapiquer\/wp-json\/wp\/v2\/media?parent=24"}],"curies":[{"name":"wp","href":"https:\/\/api.w.org\/{rel}","templated":true}]}}