{"id":26,"date":"2012-12-15T13:04:15","date_gmt":"2012-12-15T13:04:15","guid":{"rendered":"https:\/\/blogs.ua.es\/conchapiquer\/?page_id=26"},"modified":"2013-02-07T10:23:51","modified_gmt":"2013-02-07T10:23:51","slug":"metodologia","status":"publish","type":"page","link":"https:\/\/blogs.ua.es\/conchapiquer\/metodologia\/","title":{"rendered":"5. Valoraci\u00f3n cr\u00edtica de las fuentes"},"content":{"rendered":"<p style=\"text-align: justify\" align=\"JUSTIFY\">En cuanto a la valoraci\u00f3n cr\u00edtica de las fuentes comenzaremos por\u00a0mencionar aquellas que nos parecen de mayor utilidad. De todas las fuentes rese\u00f1adas destacaremos el documental de RTVE <strong>&#8220;Imprescindibles&#8221;<\/strong> por ofrecer una valiosa informaci\u00f3n panor\u00e1mica de la atribulada vida profesional de Concha Piquer e indagar en el reciente descubrimiento de su intervenci\u00f3n en la primera grabaci\u00f3n sonora de la historia. Otros documentos de TVE como la noticia de su muerte y el reportaje de Informe Semanal que se emiti\u00f3 tras \u00e9sta tambi\u00e9n resultan esclarecedores a la hora de entender tanto la trayectoria de la cantante como, sobretodo, el calado de su legado cultural en la sociedad espa\u00f1ola.<\/p>\n<p style=\"text-align: justify\" align=\"JUSTIFY\">Otro documento muy interesante, disponible en la Biblioteca\u00a0de la UA, \u00a0es el programa de <strong>&#8220;Cantares&#8221;<\/strong> dedicado a ella, pues en contadas ocasiones la cantante ofrec\u00eda entrevistas de tanta profundidad en las que exponer su trabajo y su particular visi\u00f3n de la copla y de la vida en primera persona.<\/p>\n<p style=\"text-align: justify\">En cuanto a los recursos textuales consultados nos gustar\u00eda destacar tanto la escasez de los mismos como la dificultad que hemos tenido para acceder a ellos. Ante la ausencia de monograf\u00edas sobre Concha Piquer hemos rese\u00f1ado obras que abordan la canci\u00f3n espa\u00f1ola de modo gen\u00e9rico dentro de las cuales la informaci\u00f3n sobre la cantante aparece intercalada entre datos de otros muchos artistas (muchas veces no dividos en cap\u00edtulos, lo que dificulta su localizaci\u00f3n). La <strong>escasez de trabajos acad\u00e9micos rigurosos<\/strong> sobre copla, cuanto menos espec\u00edficos sobre Concha Piquer, posiblemente se deba a la marginaci\u00f3n a la que se ha visto sometido el g\u00e9nero por parte de las \u00e9lites intelectuales. En este sentido resulta curioso que las pocas tesis que hemos encontrado (a cuyo contenido \u00edntegro no hemos tenido acceso) que abordan, aunque tangencialmente, la obra de\u00a0 Concha Piquer pertenezcan a universidades extranjeras (como los trabajos de <a href=\"http:\/\/www.worldcat.org\/title\/shaping-the-madre-patria-spanish-and-argentine-female-icons-of-the-1940s\/oclc\/063172734\" target=\"_blank\">Catherine Elise Wood Lange<\/a> y <a href=\"http:\/\/dialnet.unirioja.es\/servlet\/articulo?codigo=1059048\" target=\"_blank\">Eva Maria Woods<\/a>). En cualquier caso, dentro de los recursos textuales, destacan <strong>&#8220;Memoria de la copla&#8221; de M.\u00a0Rom\u00e1n<\/strong>\u00a0por su sencillez expositiva y su abundante aportaci\u00f3n de datos, y\u00a0 <strong>&#8220;La canci\u00f3n espa\u00f1ola (de la Caramba a Isabel Pantoja)&#8221; de J. Blas Vega<\/strong> que destaca precisamente por\u00a0el car\u00e1cter riguroso que tanto se echa en falta en otras publicaciones.<\/p>\n","protected":false},"excerpt":{"rendered":"<p>En cuanto a la valoraci\u00f3n cr\u00edtica de las fuentes comenzaremos por\u00a0mencionar aquellas que nos parecen de mayor utilidad. De todas las fuentes rese\u00f1adas destacaremos el documental de RTVE &#8220;Imprescindibles&#8221; por ofrecer una valiosa informaci\u00f3n panor\u00e1mica de la atribulada vida profesional &hellip; <a href=\"https:\/\/blogs.ua.es\/conchapiquer\/metodologia\/\">Continue reading <span class=\"meta-nav\">&rarr;<\/span><\/a><\/p>\n","protected":false},"author":3019,"featured_media":0,"parent":0,"menu_order":5,"comment_status":"open","ping_status":"closed","template":"","meta":{"footnotes":""},"class_list":["post-26","page","type-page","status-publish","hentry"],"_links":{"self":[{"href":"https:\/\/blogs.ua.es\/conchapiquer\/wp-json\/wp\/v2\/pages\/26","targetHints":{"allow":["GET"]}}],"collection":[{"href":"https:\/\/blogs.ua.es\/conchapiquer\/wp-json\/wp\/v2\/pages"}],"about":[{"href":"https:\/\/blogs.ua.es\/conchapiquer\/wp-json\/wp\/v2\/types\/page"}],"author":[{"embeddable":true,"href":"https:\/\/blogs.ua.es\/conchapiquer\/wp-json\/wp\/v2\/users\/3019"}],"replies":[{"embeddable":true,"href":"https:\/\/blogs.ua.es\/conchapiquer\/wp-json\/wp\/v2\/comments?post=26"}],"version-history":[{"count":11,"href":"https:\/\/blogs.ua.es\/conchapiquer\/wp-json\/wp\/v2\/pages\/26\/revisions"}],"predecessor-version":[{"id":215,"href":"https:\/\/blogs.ua.es\/conchapiquer\/wp-json\/wp\/v2\/pages\/26\/revisions\/215"}],"wp:attachment":[{"href":"https:\/\/blogs.ua.es\/conchapiquer\/wp-json\/wp\/v2\/media?parent=26"}],"curies":[{"name":"wp","href":"https:\/\/api.w.org\/{rel}","templated":true}]}}