{"id":13,"date":"2008-12-02T12:49:45","date_gmt":"2008-12-02T11:49:45","guid":{"rendered":"https:\/\/blogs.ua.es\/concurso08\/?page_id=13"},"modified":"2009-02-02T09:32:24","modified_gmt":"2009-02-02T08:32:24","slug":"inscripciones","status":"publish","type":"page","link":"https:\/\/blogs.ua.es\/concurso08\/inscripciones\/","title":{"rendered":"Inscripciones"},"content":{"rendered":"<p>La inscripci\u00f3 al concurs de blogsUA est\u00e0 tancada.<br \/>\nLamentem les mol\u00e8sties.<br \/>\n&#8212;<br \/>\nLa inscripci\u00f3n al concurso de blogsUA est\u00e1 cerrada.<br \/>\nLamentamos las molestias.<\/p>\n","protected":false},"excerpt":{"rendered":"<p>La inscripci\u00f3 al concurs de blogsUA est\u00e0 tancada. Lamentem les mol\u00e8sties. &#8212; La inscripci\u00f3n al concurso de blogsUA est\u00e1 cerrada. Lamentamos las molestias.<\/p>\n","protected":false},"author":59,"featured_media":0,"parent":0,"menu_order":2,"comment_status":"closed","ping_status":"closed","template":"","meta":{"footnotes":""},"class_list":["post-13","page","type-page","status-publish","hentry"],"_links":{"self":[{"href":"https:\/\/blogs.ua.es\/concurso08\/wp-json\/wp\/v2\/pages\/13","targetHints":{"allow":["GET"]}}],"collection":[{"href":"https:\/\/blogs.ua.es\/concurso08\/wp-json\/wp\/v2\/pages"}],"about":[{"href":"https:\/\/blogs.ua.es\/concurso08\/wp-json\/wp\/v2\/types\/page"}],"author":[{"embeddable":true,"href":"https:\/\/blogs.ua.es\/concurso08\/wp-json\/wp\/v2\/users\/59"}],"replies":[{"embeddable":true,"href":"https:\/\/blogs.ua.es\/concurso08\/wp-json\/wp\/v2\/comments?post=13"}],"version-history":[{"count":8,"href":"https:\/\/blogs.ua.es\/concurso08\/wp-json\/wp\/v2\/pages\/13\/revisions"}],"predecessor-version":[{"id":40,"href":"https:\/\/blogs.ua.es\/concurso08\/wp-json\/wp\/v2\/pages\/13\/revisions\/40"}],"wp:attachment":[{"href":"https:\/\/blogs.ua.es\/concurso08\/wp-json\/wp\/v2\/media?parent=13"}],"curies":[{"name":"wp","href":"https:\/\/api.w.org\/{rel}","templated":true}]}}