{"id":3,"date":"2008-12-02T12:14:25","date_gmt":"2008-12-02T11:14:25","guid":{"rendered":"https:\/\/blogs.ua.es\/concurso08\/?page_id=3"},"modified":"2008-12-17T11:49:18","modified_gmt":"2008-12-17T10:49:18","slug":"fechas-importantes","status":"publish","type":"page","link":"https:\/\/blogs.ua.es\/concurso08\/fechas-importantes\/","title":{"rendered":"Fechas Importantes"},"content":{"rendered":"<p>Calendari del Concurs:<\/p>\n<ul>\n<li> <strong>Inscripci\u00f3<\/strong>: Fins el 30\/01\/2009 <\/li>\n<li> <strong>Avaluaci\u00f3<\/strong>: Fins el 30\/04\/2009 (S&#8217;avaluar\u00e0 l&#8217;evoluci\u00f3 del blog des de la seua creaci\u00f3 fins esta data)\n<\/li>\n<li> <strong>Entrega de premis<\/strong>: Durant els actes previstos per al dia d&#8217;Internet<\/li>\n<\/ul>\n<p>&#8212;<\/p>\n<p>Calendario del Concurso:<\/p>\n<ul>\n<li> <strong>Inscripci\u00f3n<\/strong>: Hasta el 30\/01\/2009 <\/li>\n<li> <strong>Evaluaci\u00f3n<\/strong>: Hasta el 30\/04\/2009 (Se evaluar\u00e1 la evoluci\u00f3n del blog desde su creaci\u00f3n hasta esta fecha)<\/li>\n<li> <strong>Entrega de premios<\/strong>: Durante los actos previstos para el d\u00eda de Internet<\/li>\n<\/ul>\n","protected":false},"excerpt":{"rendered":"<p>Calendari del Concurs: Inscripci\u00f3: Fins el 30\/01\/2009 Avaluaci\u00f3: Fins el 30\/04\/2009 (S&#8217;avaluar\u00e0 l&#8217;evoluci\u00f3 del blog des de la seua creaci\u00f3 fins esta data) Entrega de premis: Durant els actes previstos per al dia d&#8217;Internet &#8212; Calendario del Concurso: Inscripci\u00f3n: Hasta el 30\/01\/2009 Evaluaci\u00f3n: Hasta el 30\/04\/2009 (Se evaluar\u00e1 la evoluci\u00f3n del blog desde su creaci\u00f3n [&hellip;]<\/p>\n","protected":false},"author":59,"featured_media":0,"parent":0,"menu_order":0,"comment_status":"closed","ping_status":"closed","template":"","meta":{"footnotes":""},"class_list":["post-3","page","type-page","status-publish","hentry"],"_links":{"self":[{"href":"https:\/\/blogs.ua.es\/concurso08\/wp-json\/wp\/v2\/pages\/3","targetHints":{"allow":["GET"]}}],"collection":[{"href":"https:\/\/blogs.ua.es\/concurso08\/wp-json\/wp\/v2\/pages"}],"about":[{"href":"https:\/\/blogs.ua.es\/concurso08\/wp-json\/wp\/v2\/types\/page"}],"author":[{"embeddable":true,"href":"https:\/\/blogs.ua.es\/concurso08\/wp-json\/wp\/v2\/users\/59"}],"replies":[{"embeddable":true,"href":"https:\/\/blogs.ua.es\/concurso08\/wp-json\/wp\/v2\/comments?post=3"}],"version-history":[{"count":7,"href":"https:\/\/blogs.ua.es\/concurso08\/wp-json\/wp\/v2\/pages\/3\/revisions"}],"predecessor-version":[{"id":37,"href":"https:\/\/blogs.ua.es\/concurso08\/wp-json\/wp\/v2\/pages\/3\/revisions\/37"}],"wp:attachment":[{"href":"https:\/\/blogs.ua.es\/concurso08\/wp-json\/wp\/v2\/media?parent=3"}],"curies":[{"name":"wp","href":"https:\/\/api.w.org\/{rel}","templated":true}]}}