{"id":10,"date":"2009-09-25T10:42:20","date_gmt":"2009-09-25T08:42:20","guid":{"rendered":"https:\/\/blogs.ua.es\/concurso09\/?page_id=10"},"modified":"2009-12-25T11:38:01","modified_gmt":"2009-12-25T09:38:01","slug":"inscripciones","status":"publish","type":"page","link":"https:\/\/blogs.ua.es\/concurso09\/inscripciones\/","title":{"rendered":"Inscripciones"},"content":{"rendered":"<p>La inscripci\u00f3 al concurs de blogsUA est\u00e0 tancada.<br \/>\nLamentem les mol\u00e8sties.<br \/>\n\u2014<br \/>\nLa inscripci\u00f3n al concurso de blogsUA est\u00e1 cerrada.<br \/>\nLamentamos las molestias.<\/p>\n","protected":false},"excerpt":{"rendered":"<p>La inscripci\u00f3 al concurs de blogsUA est\u00e0 tancada. Lamentem les mol\u00e8sties. \u2014 La inscripci\u00f3n al concurso de blogsUA est\u00e1 cerrada. Lamentamos las molestias.<\/p>\n","protected":false},"author":59,"featured_media":0,"parent":0,"menu_order":2,"comment_status":"closed","ping_status":"closed","template":"","meta":{"footnotes":""},"class_list":["post-10","page","type-page","status-publish","hentry"],"_links":{"self":[{"href":"https:\/\/blogs.ua.es\/concurso09\/wp-json\/wp\/v2\/pages\/10","targetHints":{"allow":["GET"]}}],"collection":[{"href":"https:\/\/blogs.ua.es\/concurso09\/wp-json\/wp\/v2\/pages"}],"about":[{"href":"https:\/\/blogs.ua.es\/concurso09\/wp-json\/wp\/v2\/types\/page"}],"author":[{"embeddable":true,"href":"https:\/\/blogs.ua.es\/concurso09\/wp-json\/wp\/v2\/users\/59"}],"replies":[{"embeddable":true,"href":"https:\/\/blogs.ua.es\/concurso09\/wp-json\/wp\/v2\/comments?post=10"}],"version-history":[{"count":5,"href":"https:\/\/blogs.ua.es\/concurso09\/wp-json\/wp\/v2\/pages\/10\/revisions"}],"predecessor-version":[{"id":212,"href":"https:\/\/blogs.ua.es\/concurso09\/wp-json\/wp\/v2\/pages\/10\/revisions\/212"}],"wp:attachment":[{"href":"https:\/\/blogs.ua.es\/concurso09\/wp-json\/wp\/v2\/media?parent=10"}],"curies":[{"name":"wp","href":"https:\/\/api.w.org\/{rel}","templated":true}]}}