{"id":13,"date":"2009-09-25T11:08:01","date_gmt":"2009-09-25T09:08:01","guid":{"rendered":"https:\/\/blogs.ua.es\/concurso09\/?page_id=13"},"modified":"2009-11-20T10:30:43","modified_gmt":"2009-11-20T08:30:43","slug":"premios","status":"publish","type":"page","link":"https:\/\/blogs.ua.es\/concurso09\/premios\/","title":{"rendered":"Premios"},"content":{"rendered":"<p>Hi haur\u00e0 un primer premi i dos esments especials per a cada una de les categories a qu\u00e8 pots presentar el teu blog:<\/p>\n<ul>\n<li>Categoria General<\/li>\n<li>Categorio Tem\u00e0tica<\/li>\n<li>Categoria Asignatura<\/li>\n<li>Categoria Contingut Did\u00e0ctic<\/li>\n<li>Categoria Institucional<\/li>\n<\/ul>\n<p>El premi ser\u00e0 un gadget tecnol\u00f2gic (iPod Touch, Netbook o equivalent)<\/p>\n<p>&#8212;<\/p>\n<p>Habr\u00e1 un primer premio y dos menciones especiales para cada una de las categor\u00edas a las que puedes presentar tu blog:<\/p>\n<ul>\n<li>Categor\u00eda General<\/li>\n<li>Categor\u00eda Tem\u00e1tica<\/li>\n<li>Categor\u00eda Asignatura<\/li>\n<li>Categor\u00eda Contenido Did\u00e1ctico<\/li>\n<li>Categor\u00eda Institucional<\/li>\n<\/ul>\n<p>El premio ser\u00e1 un gadget tecnol\u00f3gico (iPod Touch, Netbook o equivalente)<\/p>\n","protected":false},"excerpt":{"rendered":"<p>Hi haur\u00e0 un primer premi i dos esments especials per a cada una de les categories a qu\u00e8 pots presentar el teu blog: Categoria General Categorio Tem\u00e0tica Categoria Asignatura Categoria Contingut Did\u00e0ctic Categoria Institucional El premi ser\u00e0 un gadget tecnol\u00f2gic (iPod Touch, Netbook o equivalent) &#8212; Habr\u00e1 un primer premio y dos menciones especiales para [&hellip;]<\/p>\n","protected":false},"author":59,"featured_media":0,"parent":0,"menu_order":3,"comment_status":"closed","ping_status":"closed","template":"","meta":{"footnotes":""},"class_list":["post-13","page","type-page","status-publish","hentry"],"_links":{"self":[{"href":"https:\/\/blogs.ua.es\/concurso09\/wp-json\/wp\/v2\/pages\/13","targetHints":{"allow":["GET"]}}],"collection":[{"href":"https:\/\/blogs.ua.es\/concurso09\/wp-json\/wp\/v2\/pages"}],"about":[{"href":"https:\/\/blogs.ua.es\/concurso09\/wp-json\/wp\/v2\/types\/page"}],"author":[{"embeddable":true,"href":"https:\/\/blogs.ua.es\/concurso09\/wp-json\/wp\/v2\/users\/59"}],"replies":[{"embeddable":true,"href":"https:\/\/blogs.ua.es\/concurso09\/wp-json\/wp\/v2\/comments?post=13"}],"version-history":[{"count":6,"href":"https:\/\/blogs.ua.es\/concurso09\/wp-json\/wp\/v2\/pages\/13\/revisions"}],"predecessor-version":[{"id":45,"href":"https:\/\/blogs.ua.es\/concurso09\/wp-json\/wp\/v2\/pages\/13\/revisions\/45"}],"wp:attachment":[{"href":"https:\/\/blogs.ua.es\/concurso09\/wp-json\/wp\/v2\/media?parent=13"}],"curies":[{"name":"wp","href":"https:\/\/api.w.org\/{rel}","templated":true}]}}