{"id":15,"date":"2009-09-25T11:09:34","date_gmt":"2009-09-25T09:09:34","guid":{"rendered":"https:\/\/blogs.ua.es\/concurso09\/?page_id=15"},"modified":"2009-10-29T10:50:51","modified_gmt":"2009-10-29T08:50:51","slug":"blogs-concursantes","status":"publish","type":"page","link":"https:\/\/blogs.ua.es\/concurso09\/blogs-concursantes\/","title":{"rendered":"Blogs Concursantes"},"content":{"rendered":"<p>Inscriu-te al II Concurs de blogs.ua.es i el teu blog apareixer\u00e0 anunciat en aquesta secci\u00f3.<\/p>\n<p>&#8212;<\/p>\n<p>Inscr\u00edbete al II Concurso de blogs.ua.es y tu blog aparecer\u00e1 anunciado en esta secci\u00f3n.<\/p>\n","protected":false},"excerpt":{"rendered":"<p>Inscriu-te al II Concurs de blogs.ua.es i el teu blog apareixer\u00e0 anunciat en aquesta secci\u00f3. &#8212; Inscr\u00edbete al II Concurso de blogs.ua.es y tu blog aparecer\u00e1 anunciado en esta secci\u00f3n.<\/p>\n","protected":false},"author":59,"featured_media":0,"parent":0,"menu_order":4,"comment_status":"closed","ping_status":"closed","template":"","meta":{"footnotes":""},"class_list":["post-15","page","type-page","status-publish","hentry"],"_links":{"self":[{"href":"https:\/\/blogs.ua.es\/concurso09\/wp-json\/wp\/v2\/pages\/15","targetHints":{"allow":["GET"]}}],"collection":[{"href":"https:\/\/blogs.ua.es\/concurso09\/wp-json\/wp\/v2\/pages"}],"about":[{"href":"https:\/\/blogs.ua.es\/concurso09\/wp-json\/wp\/v2\/types\/page"}],"author":[{"embeddable":true,"href":"https:\/\/blogs.ua.es\/concurso09\/wp-json\/wp\/v2\/users\/59"}],"replies":[{"embeddable":true,"href":"https:\/\/blogs.ua.es\/concurso09\/wp-json\/wp\/v2\/comments?post=15"}],"version-history":[{"count":5,"href":"https:\/\/blogs.ua.es\/concurso09\/wp-json\/wp\/v2\/pages\/15\/revisions"}],"predecessor-version":[{"id":17,"href":"https:\/\/blogs.ua.es\/concurso09\/wp-json\/wp\/v2\/pages\/15\/revisions\/17"}],"wp:attachment":[{"href":"https:\/\/blogs.ua.es\/concurso09\/wp-json\/wp\/v2\/media?parent=15"}],"curies":[{"name":"wp","href":"https:\/\/api.w.org\/{rel}","templated":true}]}}