{"id":52,"date":"2009-11-24T11:39:05","date_gmt":"2009-11-24T09:39:05","guid":{"rendered":"https:\/\/blogs.ua.es\/concurso09\/?page_id=52"},"modified":"2009-12-03T13:32:17","modified_gmt":"2009-12-03T11:32:17","slug":"categoria-tematica","status":"publish","type":"page","link":"https:\/\/blogs.ua.es\/concurso09\/blogs-concursantes\/categoria-tematica\/","title":{"rendered":"Categor\u00eda: Tem\u00e1tica"},"content":{"rendered":"<p>Inscriu-te al II Concurs de blogs.ua.es i el teu blog apareixer\u00e0 anunciat en aquesta secci\u00f3.<\/p>\n<p>&#8212;<\/p>\n<p>Inscr\u00edbete al II Concurso de blogs.ua.es y tu blog aparecer\u00e1 anunciado en esta secci\u00f3n.<\/p>\n<table border=\"1\" cellspacing=\"0\" cellpadding=\"2\">\n<tbody>\n<tr>\n<td><a href=\"https:\/\/blogs.ua.es\/pedro\/\"><strong>En busca de la verdad<\/strong><\/a><br \/>Cat. Tem\u00e1tica<\/td>\n<td><a href=\"https:\/\/blogs.ua.es\/danielrodriguez\/\"><strong>Aikido<\/strong><\/a><\/td>\n<\/tr>\n<tr>\n<td><a href=\"https:\/\/blogs.ua.es\/pedro\/\"><img decoding=\"async\" src=\"https:\/\/blogs.ua.es\/concurso09\/files\/2009\/11\/PedroCampoy.PNG\" alt=\"\" width=\"200\" \/><\/a><\/td>\n<td><a href=\"https:\/\/blogs.ua.es\/danielrodriguez\/\"><img decoding=\"async\" src=\"https:\/\/blogs.ua.es\/concurso09\/files\/2009\/11\/DanielRodriguez.PNG\" alt=\"\" width=\"200\" \/><\/a><\/td>\n<\/tr>\n<tr>\n<td>Es un blog que trata temas cientificos pero para todos los publicos<\/td>\n<td>Blog sobre Aikido para principiantes, donde se abordan las preguntas m\u00e1s frecuentes antes y al empezar la pr\u00e1ctica de este arte marcial japon\u00e9s.<\/td>\n<\/tr>\n<tr>\n<td><a href=\"https:\/\/blogs.ua.es\/concurso09\/2009\/11\/24\/%C2%A1%C2%A1-nuevo-concursante-2\/\">Comentar<\/a><\/td>\n<td><a href=\"https:\/\/blogs.ua.es\/concurso09\/2009\/11\/27\/%C2%A1%C2%A1-nuevo-concursante-6\/\">Comentar<\/a><\/td>\n<\/tr>\n<tr>\n<td><\/td>\n<td><\/td>\n<\/tr>\n<tr>\n<td><a href=\"https:\/\/blogs.ua.es\/ende\/\"><strong>Ende<\/strong><\/a><br \/>Cat. Tem\u00e1tica<\/td>\n<td><a href=\"https:\/\/blogs.ua.es\/erasmo\/\"><strong>El hogar de la Estulticia<\/strong><\/a>Cat. Tem\u00e1tica<\/td>\n<\/tr>\n<tr>\n<td><a href=\"https:\/\/blogs.ua.es\/ende\/\"><img decoding=\"async\" src=\"https:\/\/blogs.ua.es\/concurso09\/files\/2009\/11\/PauOrera.PNG\" alt=\"\" width=\"200\" \/><\/a><\/td>\n<td><a href=\"https:\/\/blogs.ua.es\/erasmo\/\"><img decoding=\"async\" src=\"https:\/\/blogs.ua.es\/concurso09\/files\/2009\/11\/MarianoSaez.PNG\" alt=\"\" width=\"200\" \/><\/a><\/td>\n<\/tr>\n<tr>\n<td>El blog describeix el dia a dia del grup \u201cEnde\u201d, creat per estudiants de l\u2019universitat amb moltes ganes de fer-se un lloc al m\u00f3n de la m\u00fasica<\/td>\n<td>Blog sobre el humanista Erasmo de Rotterdam, su obra y su mundo.<\/td>\n<\/tr>\n<tr>\n<td><a href=\"https:\/\/blogs.ua.es\/concurso09\/2009\/11\/30\/%C2%A1%C2%A1-nou-concursant\/\">Comentar<\/a><\/td>\n<td><a href=\"https:\/\/blogs.ua.es\/concurso09\/2009\/11\/30\/%C2%A1%C2%A1-nuevo-concursante-10\/\">Comentar<\/a><\/td>\n<\/tr>\n<tr>\n<td><\/td>\n<td><\/td>\n<\/tr>\n<tr>\n<td><a href=\"https:\/\/blogs.ua.es\/elmonteida\/\"><strong>Entre el Olimpo y el Ida<\/strong><\/a><br \/>Cat. Tem\u00e1tica<\/td>\n<td><a href=\"https:\/\/blogs.ua.es\/barbarroja\/\"><strong>Barbarroja &#8211; El pirata turco<\/strong><\/a><\/td>\n<\/tr>\n<tr>\n<td><a href=\"https:\/\/blogs.ua.es\/elmonteida\/\"><img decoding=\"async\" src=\"https:\/\/blogs.ua.es\/concurso09\/files\/2009\/11\/RubenMedian.PNG\" alt=\"\" width=\"200\" \/><\/a><\/td>\n<td><a href=\"https:\/\/blogs.ua.es\/barbarroja\/\"><img decoding=\"async\" src=\"https:\/\/blogs.ua.es\/concurso09\/files\/2009\/12\/MAngelesTristan.PNG\" alt=\"\" width=\"200\" \/><\/a><\/td>\n<\/tr>\n<tr>\n<td>Blog on s\u2019aborda la hist\u00f2ria i la cultura de l\u2019antiga Gr\u00e8cia tant com la seva mitologia i les noticies que hi pertanyen<\/td>\n<td>el protagonista del blog es el pirata turco Barbarroja. Su vida<br \/>\nest\u00e1 envuelta de leyendas que lo describen como uno de los corsarios m\u00e1s<br \/>\ntemidos del Mediterr\u00e1neo. Adem\u00e1s, sus ataques se centraron sobre nuestras<br \/>\ncostas, sobre el Levante espa\u00f1ol. El blog trata de contar todo lo que le<br \/>\nocurri\u00f3 a este interesante personaje y todo lo que estuvo relacionado con \u00e9l,<br \/>\npues la pirater\u00eda, pienso, es un tema que a muchos nos llama la atenci\u00f3n.<\/td>\n<\/tr>\n<tr>\n<td><a href=\"https:\/\/blogs.ua.es\/concurso09\/2009\/11\/30\/%C2%A1%C2%A1-nou-concursant-2\/\">Comentar<\/a><\/td>\n<td><a href=\"https:\/\/blogs.ua.es\/concurso09\/2009\/12\/01\/%C2%A1%C2%A1-nuevo-concursante-11\/\">Comentar<\/a><\/td>\n<\/tr>\n<tr>\n<td><\/td>\n<td><\/td>\n<\/tr>\n<tr>\n<td><a href=\"https:\/\/blogs.ua.es\/solimanelmagnifico\/\"><strong>Solim\u00e1n el Magn\u00edfico<\/strong><\/a><br \/>Cat. Tem\u00e1tica<\/td>\n<td><a href=\"https:\/\/blogs.ua.es\/montano\/\"><strong>Borja Monta\u00f1o<\/strong><\/a>Cat. Tem\u00e1tica<\/td>\n<\/tr>\n<tr>\n<td><a href=\"https:\/\/blogs.ua.es\/solimanelmagnifico\/\"><img decoding=\"async\" src=\"https:\/\/blogs.ua.es\/concurso09\/files\/2009\/12\/CristinaMarin.PNG\" alt=\"\" width=\"200\" \/><\/a><\/td>\n<td><a href=\"https:\/\/blogs.ua.es\/montano\/\"><img decoding=\"async\" src=\"https:\/\/blogs.ua.es\/concurso09\/files\/2009\/12\/BorjaMontano.PNG\" alt=\"\" width=\"200\" \/><\/a><\/td>\n<\/tr>\n<tr>\n<td>Mi blog est\u00e1 dedicado al gran sult\u00e1n Turco Solim\u00e1n, el cual se gan\u00f3 el apodo de \u201cEl Magn\u00edfico\u201d gracias a los grandes avances que logr\u00f3 su naci\u00f3n bajo su reinado.<\/td>\n<td>Breve descripci\u00f3n del mismo: en este blog comento aspectos diversos relacionados con la econom\u00eda del agua, asimismo difundo las conclusiones de investigaciones cient\u00edficas m\u00e1s relevantes en este \u00e1mbito as\u00ed como de mis investigaciones<\/td>\n<\/tr>\n<tr>\n<td><a href=\"https:\/\/blogs.ua.es\/concurso09\/2009\/12\/02\/%C2%A1%C2%A1-nuevo-concursante-16\">Comentar<\/a><\/td>\n<td><a href=\"https:\/\/blogs.ua.es\/concurso09\/2009\/12\/03\/%C2%A1%C2%A1-nuevo-concursante-17\/\">Comentar<\/a><\/td>\n<\/tr>\n<\/tbody>\n<\/table>\n","protected":false},"excerpt":{"rendered":"<p>Inscriu-te al II Concurs de blogs.ua.es i el teu blog apareixer\u00e0 anunciat en aquesta secci\u00f3. &#8212; Inscr\u00edbete al II Concurso de blogs.ua.es y tu blog aparecer\u00e1 anunciado en esta secci\u00f3n. En busca de la verdadCat. Tem\u00e1tica Aikido Es un blog que trata temas cientificos pero para todos los publicos Blog sobre Aikido para principiantes, donde [&hellip;]<\/p>\n","protected":false},"author":59,"featured_media":0,"parent":15,"menu_order":1,"comment_status":"closed","ping_status":"closed","template":"","meta":{"footnotes":""},"class_list":["post-52","page","type-page","status-publish","hentry"],"_links":{"self":[{"href":"https:\/\/blogs.ua.es\/concurso09\/wp-json\/wp\/v2\/pages\/52","targetHints":{"allow":["GET"]}}],"collection":[{"href":"https:\/\/blogs.ua.es\/concurso09\/wp-json\/wp\/v2\/pages"}],"about":[{"href":"https:\/\/blogs.ua.es\/concurso09\/wp-json\/wp\/v2\/types\/page"}],"author":[{"embeddable":true,"href":"https:\/\/blogs.ua.es\/concurso09\/wp-json\/wp\/v2\/users\/59"}],"replies":[{"embeddable":true,"href":"https:\/\/blogs.ua.es\/concurso09\/wp-json\/wp\/v2\/comments?post=52"}],"version-history":[{"count":14,"href":"https:\/\/blogs.ua.es\/concurso09\/wp-json\/wp\/v2\/pages\/52\/revisions"}],"predecessor-version":[{"id":62,"href":"https:\/\/blogs.ua.es\/concurso09\/wp-json\/wp\/v2\/pages\/52\/revisions\/62"}],"up":[{"embeddable":true,"href":"https:\/\/blogs.ua.es\/concurso09\/wp-json\/wp\/v2\/pages\/15"}],"wp:attachment":[{"href":"https:\/\/blogs.ua.es\/concurso09\/wp-json\/wp\/v2\/media?parent=52"}],"curies":[{"name":"wp","href":"https:\/\/api.w.org\/{rel}","templated":true}]}}