{"id":54,"date":"2009-11-24T11:39:37","date_gmt":"2009-11-24T09:39:37","guid":{"rendered":"https:\/\/blogs.ua.es\/concurso09\/?page_id=54"},"modified":"2010-01-21T10:29:25","modified_gmt":"2010-01-21T08:29:25","slug":"categoria-asignatura","status":"publish","type":"page","link":"https:\/\/blogs.ua.es\/concurso09\/blogs-concursantes\/categoria-asignatura\/","title":{"rendered":"Categor\u00eda: Asignatura"},"content":{"rendered":"<p>Inscriu-te al II Concurs de blogs.ua.es i el teu blog apareixer\u00e0 anunciat en aquesta secci\u00f3.<\/p>\n<p>&#8212;<\/p>\n<p>Inscr\u00edbete al II Concurso de blogs.ua.es y tu blog aparecer\u00e1 anunciado en esta secci\u00f3n.<\/p>\n<table border=\"1\" cellspacing=\"0\" cellpadding=\"2\">\n<tbody>\n<tr>\n<td><a href=\"https:\/\/blogs.ua.es\/germanadefoix\/\"><strong>Germana de Foix<\/strong><\/a><br \/>Cat. Asignatura<\/td>\n<td><a href=\"https:\/\/blogs.ua.es\/jaumealacant\/\"><strong>Sobre la Tolerancia<\/strong><\/a><br \/>Cat. Asignatura<\/td>\n<\/tr>\n<tr>\n<td><a href=\"https:\/\/blogs.ua.es\/germanadefoix\/\"><img decoding=\"async\" src=\"https:\/\/blogs.ua.es\/concurso09\/files\/2009\/11\/ClaraMaria.PNG\" alt=\"\" width=\"200\" \/><\/a><\/td>\n<td><a href=\"https:\/\/blogs.ua.es\/jaumealacant\/\"><img decoding=\"async\" src=\"https:\/\/blogs.ua.es\/concurso09\/files\/2009\/11\/JaumeAlema%C3%B1.PNG\" alt=\"\" width=\"200\" \/><\/a><\/td>\n<\/tr>\n<tr>\n<td>El blog trata sobre Germana de Foix, una mujer tal vez poco conocida en la historia de Espa\u00f1a pero interesante<\/td>\n<td>Se trata de un blog que se dirige a mis alumnos como medio directo de comunicaci\u00f3n y en el que les indico las caracter\u00edsticas de la asignatura, las modificaciones legales que se vayan produciendo, mis libros y art\u00edculos publicados, noticias de inter\u00e9s jur\u00eddico, etc. Adem\u00e1s, es un blog donde no s\u00f3lo pueden hacer las observaciones que quieran, sino tambi\u00e9n pueden escribir sobre cualquier asunto aunque nada tenga que ver con la asignatura impartida. Por \u00faltimo, y entre otras posibilidades ofrecidas en el blog, incluyo un \u201cObservatorio sobre el proceso laboral\u201d dirigido a estudiantes, docentes, profesionales del Derecho, jueces, etc.<\/td>\n<\/tr>\n<tr>\n<td><a href=\"https:\/\/blogs.ua.es\/concurso09\/2009\/11\/27\/%C2%A1%C2%A1-nuevo-concursante-7\/\">Comentar<\/a><\/td>\n<td><a href=\"https:\/\/blogs.ua.es\/concurso09\/2009\/11\/30\/%C2%A1%C2%A1-nuevo-concursante-9\/\">Comentar<\/a><\/td>\n<\/tr>\n<tr>\n<td><\/td>\n<td><\/td>\n<\/tr>\n<tr>\n<td><a href=\"https:\/\/blogs.ua.es\/larubikah1990\/\"><strong>L\u00f3gica Computacional<\/strong><\/a><br \/>Cat. Asignatura<\/td>\n<td><a href=\"https:\/\/blogs.ua.es\/ceueah\/\"><strong>Experto en Elaboraci\u00f3n Artesanal de Helados<\/strong><\/a><br \/>Cat. Asignatura<\/td>\n<\/tr>\n<tr>\n<td><a href=\"https:\/\/blogs.ua.es\/larubikah1990\/\"><img decoding=\"async\" src=\"https:\/\/blogs.ua.es\/concurso09\/files\/2009\/11\/CristinaGiner.PNG\" alt=\"\" width=\"200\" \/><\/a><\/td>\n<td><a href=\"https:\/\/blogs.ua.es\/ceueah\/\"><img decoding=\"async\" src=\"https:\/\/blogs.ua.es\/concurso09\/files\/2009\/12\/JuanMora.PNG\" alt=\"\" width=\"200\" \/><\/a><\/td>\n<\/tr>\n<tr>\n<td>El blog est\u00e1 dedicado a la asignatura de L\u00f3gica Computacional de primer a\u00f1o de<br \/>\nInformatica, ya sea de las t\u00e9cnicas o de la superior, ya que es el mismo<br \/>\ntemario.<\/td>\n<td>El blog est\u00e1 dirigido a los estudiantes del Curso de Experto Universitario en Elaboraci\u00f3n Artesanal de Helados. El objetivo es crear un canal de comunicaci\u00f3n en el que simult\u00e1neamente podamos participar todos los alumnos y profesores del Curso, as\u00ed como profesionales interesados en los temas planteados. El blog sirve de punto de encuentro natural y necesario si tenemos en cuenta el caracter eminentemente semipresencial del Curso. Est\u00e1 dise\u00f1ado en diferentes p\u00e1ginas, cada una de ellas centrada en los diferentes bloques tem\u00e1ticos del curso.<\/td>\n<\/tr>\n<tr>\n<td><a href=\"https:\/\/blogs.ua.es\/concurso09\/2009\/11\/30\/%C2%A1%C2%A1-nuevo-concursante-8\/\">Comentar<\/a><\/td>\n<td><a href=\"https:\/\/blogs.ua.es\/concurso09\/2009\/12\/09\/%C2%A1%C2%A1-nuevo-concursante-19\/\">Comentar<\/a><\/td>\n<\/tr>\n<tr>\n<td><\/td>\n<td><\/td>\n<\/tr>\n<tr>\n<td><a href=\"https:\/\/blogs.ua.es\/fisicateleco\/\"><strong>Fundamentos F\u00edsicos de la Ingenier\u00eda<\/strong><\/a><br \/>Cat. Asignatura<\/td>\n<td><a href=\"https:\/\/blogs.ua.es\/asuncionlledo\/\"><strong>Bases Pedag\u00f3gicas de ADEI<\/strong><\/a><\/td>\n<\/tr>\n<tr>\n<td><a href=\"https:\/\/blogs.ua.es\/fisicateleco\/\"><img decoding=\"async\" src=\"https:\/\/blogs.ua.es\/concurso09\/files\/2009\/12\/AugustoBelendez.PNG\" alt=\"\" width=\"200\" \/><\/a><\/td>\n<td><a href=\"https:\/\/blogs.ua.es\/asuncionlledo\/\"><img decoding=\"async\" src=\"https:\/\/blogs.ua.es\/concurso09\/files\/2009\/12\/AsuncionLledo.PNG\" alt=\"\" width=\"200\" \/><\/a><\/td>\n<\/tr>\n<tr>\n<td>Blog de la asignatura \u201cFundamentos F\u00edsicos de la Ingenier\u00eda\u201d de la<br \/>\ntitulaci\u00f3n de Ingenier\u00eda T\u00e9cnica de Telecomunicaci\u00f3n, especialidad Sonido e Imagen, de la Escuela Polit\u00e9cnica Superior. Se presenta informaci\u00f3n de la asignatura, la titulaci\u00f3n, los temas a estudiar, bibliograf\u00eda, divulgaci\u00f3n cient\u00edfica, materiales docentes, noticias de inter\u00e9s para los estudiantes, etc.<\/td>\n<td>El Blog Bases Pedag\u00f3gicas de ADEI, est\u00e1 creado por Asunci\u00f3n<br \/>\nLled\u00f3 Carreres, coordinadora de la asignatura de Bases Pedag\u00f3gicas de la<br \/>\nEducaci\u00f3n Especial de 2\u00ba curso del T\u00edtulo de Maestro en todas sus<br \/>\nespecialidades. este Blog es una herramienta m\u00e1s de aprendizaje cooperativo e interactivo de esta asignatura y que asume como reto con su implementaci\u00f3n: conocer, comprender y compartir la diversidad desde una perspectiva inclusiva de la educaci\u00f3n en la atenci\u00f3n a la diversidad. Profesorado y alumnado nos vamos a convertir en protagonistas de nuestros conocimientos, aprendizajes y experiencias<\/td>\n<\/tr>\n<tr>\n<td><a href=\"https:\/\/blogs.ua.es\/concurso09\/2009\/12\/15\/%C2%A1%C2%A1-nuevo-concursante-22\/\">Comentar<\/a><\/td>\n<td><a href=\"https:\/\/blogs.ua.es\/concurso09\/2009\/12\/22\/%C2%A1%C2%A1-nuevo-concursante-25\/\">Comentar<\/a><\/td>\n<\/tr>\n<tr>\n<td><\/td>\n<td><\/td>\n<\/tr>\n<tr>\n<td><a href=\"https:\/\/blogs.ua.es\/friedrichludwiggottlobfrege\/\"><strong>\u00a1Qu\u00e9 divertida es la L\u00f3gica!<\/strong><\/a><br \/>Cat. Asignatura<\/td>\n<td><a href=\"\"><strong><\/strong><\/a><\/td>\n<\/tr>\n<tr>\n<td><a href=\"https:\/\/blogs.ua.es\/friedrichludwiggottlobfrege\/\"><img decoding=\"async\" src=\"https:\/\/blogs.ua.es\/concurso09\/files\/2009\/12\/FranciscoGarcia.PNG\" alt=\"\" width=\"200\" \/><\/a><\/td>\n<td><a href=\"\"><img decoding=\"async\" src=\"\" alt=\"\" width=\"200\" \/><\/a><\/td>\n<\/tr>\n<tr>\n<td>El blog presentado a concurso tiene por objeto relatar la experiencia vivida como alumno de primer curso de la Licenciatura en Matem\u00e1ticas de un estudiante de la UA, tambi\u00e9n Profesor Titular de \u00e9sta, nuestra Universidad, en el discurrir de la impartici\u00f3n de la asignatura \u201cL\u00f3gica de Primer Orden\u201d por parte de la profesora D\u00f1a. M\u00aa Jes\u00fas Castel de Haro adscrita al Dpto. de Ciencia de la Computaci\u00f3n e Inteligencia Artificial.<\/td>\n<td><\/td>\n<\/tr>\n<tr>\n<td><a href=\"https:\/\/blogs.ua.es\/concurso09\/2009\/12\/23\/%C2%A1%C2%A1-nuevo-concursante-26\/\">Comentar<\/a><\/td>\n<td><a href=\"\"><\/a><\/td>\n<\/tr>\n<tr>\n<td><\/td>\n<td><\/td>\n<\/tr>\n<\/tbody>\n<\/table>\n","protected":false},"excerpt":{"rendered":"<p>Inscriu-te al II Concurs de blogs.ua.es i el teu blog apareixer\u00e0 anunciat en aquesta secci\u00f3. &#8212; Inscr\u00edbete al II Concurso de blogs.ua.es y tu blog aparecer\u00e1 anunciado en esta secci\u00f3n. Germana de FoixCat. Asignatura Sobre la ToleranciaCat. Asignatura El blog trata sobre Germana de Foix, una mujer tal vez poco conocida en la historia de [&hellip;]<\/p>\n","protected":false},"author":59,"featured_media":0,"parent":15,"menu_order":2,"comment_status":"closed","ping_status":"closed","template":"","meta":{"footnotes":""},"class_list":["post-54","page","type-page","status-publish","hentry"],"_links":{"self":[{"href":"https:\/\/blogs.ua.es\/concurso09\/wp-json\/wp\/v2\/pages\/54","targetHints":{"allow":["GET"]}}],"collection":[{"href":"https:\/\/blogs.ua.es\/concurso09\/wp-json\/wp\/v2\/pages"}],"about":[{"href":"https:\/\/blogs.ua.es\/concurso09\/wp-json\/wp\/v2\/types\/page"}],"author":[{"embeddable":true,"href":"https:\/\/blogs.ua.es\/concurso09\/wp-json\/wp\/v2\/users\/59"}],"replies":[{"embeddable":true,"href":"https:\/\/blogs.ua.es\/concurso09\/wp-json\/wp\/v2\/comments?post=54"}],"version-history":[{"count":11,"href":"https:\/\/blogs.ua.es\/concurso09\/wp-json\/wp\/v2\/pages\/54\/revisions"}],"predecessor-version":[{"id":237,"href":"https:\/\/blogs.ua.es\/concurso09\/wp-json\/wp\/v2\/pages\/54\/revisions\/237"}],"up":[{"embeddable":true,"href":"https:\/\/blogs.ua.es\/concurso09\/wp-json\/wp\/v2\/pages\/15"}],"wp:attachment":[{"href":"https:\/\/blogs.ua.es\/concurso09\/wp-json\/wp\/v2\/media?parent=54"}],"curies":[{"name":"wp","href":"https:\/\/api.w.org\/{rel}","templated":true}]}}