{"id":56,"date":"2009-11-24T11:40:14","date_gmt":"2009-11-24T09:40:14","guid":{"rendered":"https:\/\/blogs.ua.es\/concurso09\/?page_id=56"},"modified":"2009-12-22T20:36:58","modified_gmt":"2009-12-22T18:36:58","slug":"categoria-contenido-educativo","status":"publish","type":"page","link":"https:\/\/blogs.ua.es\/concurso09\/blogs-concursantes\/categoria-contenido-educativo\/","title":{"rendered":"Categor\u00eda: Contenido Did\u00e1ctico"},"content":{"rendered":"<p>Inscriu-te al II Concurs de blogs.ua.es i el teu blog apareixer\u00e0 anunciat en aquesta secci\u00f3.<\/p>\n<p>&#8212;<\/p>\n<p>Inscr\u00edbete al II Concurso de blogs.ua.es y tu blog aparecer\u00e1 anunciado en esta secci\u00f3n.<\/p>\n<table border=\"1\" cellspacing=\"0\" cellpadding=\"2\">\n<tbody>\n<tr>\n<td><a href=\"https:\/\/blogs.ua.es\/webdev\/\"><strong>Ayuda para desarrolladores Web<\/strong><\/a><br \/>Cat. Contenido Did\u00e1ctico<\/td>\n<td><a href=\"https:\/\/blogs.ua.es\/santiago\/\">Bit\u00e1cora de Santi Carbonell UA<strong><\/strong><\/a><br \/>Cat. Contenido Did\u00e1ctico<\/td>\n<\/tr>\n<tr>\n<td><a href=\"https:\/\/blogs.ua.es\/webdev\/\"><img decoding=\"async\" src=\"https:\/\/blogs.ua.es\/concurso09\/files\/2009\/11\/JC.PNG\" alt=\"\" width=\"200\" \/><\/a><\/td>\n<td><a href=\"https:\/\/blogs.ua.es\/santiago\/\"><img decoding=\"async\" src=\"https:\/\/blogs.ua.es\/concurso09\/files\/2009\/12\/SantiCarbonell.PNG\" alt=\"\" width=\"200\" \/><\/a><\/td>\n<\/tr>\n<tr>\n<td>Blog sobre programaci\u00f3n web, ejemplos y soluciones a problemas corrientes.<\/td>\n<td>Bit\u00e0cora de difusi\u00f3 de la cultura grega, antiga y contempor\u00e0nia. Cont\u00e9<br \/>\ninformaci\u00f3 actualitzada sobre cursos y beques en Gr\u00e8cia, seminaris i congresos<br \/>\nde llengua i literatura cl\u00e0ssica i neohel\u00b7l\u00e8nica, materials propis, bibliograf\u00eda<br \/>\ni recursos digitals complementaris de les assignatures impartides en filologia i<br \/>\nhumanitats, enlla\u00e7os a webs del m\u00f3n grecorom\u00e0, articles de did\u00e0ctica i treballs<br \/>\nd\u2019alumnes.<\/td>\n<\/tr>\n<tr>\n<td><a href=\"https:\/\/blogs.ua.es\/concurso09\/2009\/11\/25\/%C2%A1%C2%A1-nuevo-concursante-3\/\">Comentar<\/a><\/td>\n<td><a href=\"https:\/\/blogs.ua.es\/concurso09\/2009\/12\/01\/%C2%A1%C2%A1-nou-concursant-3\/\">Comentar<\/a><\/td>\n<\/tr>\n<tr>\n<td><\/td>\n<td><\/td>\n<\/tr>\n<tr>\n<td><a href=\"https:\/\/blogs.ua.es\/educa06\/\"><strong>Recursos para Educaci\u00f3n Infantil<\/strong><\/a><br \/>Cat. Contenido Did\u00e1ctico<\/td>\n<td><a href=\"https:\/\/blogs.ua.es\/sociotecno\/\"><strong>Sociotecno<\/strong><\/a><\/td>\n<\/tr>\n<tr>\n<td><a href=\"https:\/\/blogs.ua.es\/educa06\/\"><img decoding=\"async\" src=\"https:\/\/blogs.ua.es\/concurso09\/files\/2009\/12\/AuroraFourcade.PNG\" alt=\"\" width=\"200\" \/><\/a><\/td>\n<td><a href=\"https:\/\/blogs.ua.es\/sociotecno\/\"><img decoding=\"async\" src=\"https:\/\/blogs.ua.es\/concurso09\/files\/2009\/12\/ElenaJorge.PNG\" alt=\"\" width=\"200\" \/><\/a><\/td>\n<\/tr>\n<tr>\n<td>Este es un proyecto colaborativo de b\u00fasqueda, recopilaci\u00f3n y rese\u00f1a de todas aquellas p\u00e1ginas web, art\u00edculos, libros y materiales que puedan servir de complemento a la formaci\u00f3n de Maestr@ de Educaci\u00f3n Infantil.<\/td>\n<td>Este blog contiene los temas impartidos en la asignatura<br \/>\nSOCIOLOG\u00cdA de la TECNOLOG\u00cdA, e incluye adem\u00e1s, noticias, eventos y material complementario,relacionado con el contenido de la misma.<\/td>\n<\/tr>\n<tr>\n<td><a href=\"https:\/\/blogs.ua.es\/concurso09\/2009\/12\/21\/%C2%A1%C2%A1-nuevo-concursante-23\/\">Comentar<\/a><\/td>\n<td><a href=\"https:\/\/blogs.ua.es\/concurso09\/2009\/12\/22\/%C2%A1%C2%A1-nuevo-concursante-24\/\">Comentar<\/a><\/td>\n<\/tr>\n<tr>\n<td><\/td>\n<td><\/td>\n<\/tr>\n<\/tbody>\n<\/table>\n","protected":false},"excerpt":{"rendered":"<p>Inscriu-te al II Concurs de blogs.ua.es i el teu blog apareixer\u00e0 anunciat en aquesta secci\u00f3. &#8212; Inscr\u00edbete al II Concurso de blogs.ua.es y tu blog aparecer\u00e1 anunciado en esta secci\u00f3n. Ayuda para desarrolladores WebCat. Contenido Did\u00e1ctico Bit\u00e1cora de Santi Carbonell UACat. Contenido Did\u00e1ctico Blog sobre programaci\u00f3n web, ejemplos y soluciones a problemas corrientes. Bit\u00e0cora de [&hellip;]<\/p>\n","protected":false},"author":59,"featured_media":0,"parent":15,"menu_order":3,"comment_status":"closed","ping_status":"closed","template":"","meta":{"footnotes":""},"class_list":["post-56","page","type-page","status-publish","hentry"],"_links":{"self":[{"href":"https:\/\/blogs.ua.es\/concurso09\/wp-json\/wp\/v2\/pages\/56","targetHints":{"allow":["GET"]}}],"collection":[{"href":"https:\/\/blogs.ua.es\/concurso09\/wp-json\/wp\/v2\/pages"}],"about":[{"href":"https:\/\/blogs.ua.es\/concurso09\/wp-json\/wp\/v2\/types\/page"}],"author":[{"embeddable":true,"href":"https:\/\/blogs.ua.es\/concurso09\/wp-json\/wp\/v2\/users\/59"}],"replies":[{"embeddable":true,"href":"https:\/\/blogs.ua.es\/concurso09\/wp-json\/wp\/v2\/comments?post=56"}],"version-history":[{"count":8,"href":"https:\/\/blogs.ua.es\/concurso09\/wp-json\/wp\/v2\/pages\/56\/revisions"}],"predecessor-version":[{"id":70,"href":"https:\/\/blogs.ua.es\/concurso09\/wp-json\/wp\/v2\/pages\/56\/revisions\/70"}],"up":[{"embeddable":true,"href":"https:\/\/blogs.ua.es\/concurso09\/wp-json\/wp\/v2\/pages\/15"}],"wp:attachment":[{"href":"https:\/\/blogs.ua.es\/concurso09\/wp-json\/wp\/v2\/media?parent=56"}],"curies":[{"name":"wp","href":"https:\/\/api.w.org\/{rel}","templated":true}]}}