{"id":58,"date":"2009-11-24T11:41:03","date_gmt":"2009-11-24T09:41:03","guid":{"rendered":"https:\/\/blogs.ua.es\/concurso09\/?page_id=58"},"modified":"2009-12-15T10:18:49","modified_gmt":"2009-12-15T08:18:49","slug":"categoria-institucional","status":"publish","type":"page","link":"https:\/\/blogs.ua.es\/concurso09\/blogs-concursantes\/categoria-institucional\/","title":{"rendered":"Categor\u00eda: Institucional"},"content":{"rendered":"<p>Inscriu-te al II Concurs de blogs.ua.es i el teu blog apareixer\u00e0 anunciat en aquesta secci\u00f3.<\/p>\n<p>&#8212;<\/p>\n<p>Inscr\u00edbete al II Concurso de blogs.ua.es y tu blog aparecer\u00e1 anunciado en esta secci\u00f3n.<\/p>\n<table border=\"1\" cellspacing=\"0\" cellpadding=\"2\">\n<tbody>\n<tr>\n<td><a href=\"https:\/\/blogs.ua.es\/repositorio\/\"><strong>Repositorio Institucional UA<\/strong><\/a><br \/>Cat. Institucional<\/td>\n<td><a href=\"https:\/\/blogs.ua.es\/labseps\/\"><strong>Unidad de Laboratorios de la EPS<\/strong><\/a><\/td>\n<\/tr>\n<tr>\n<td><a href=\"https:\/\/blogs.ua.es\/repositorio\/\"><img decoding=\"async\" src=\"https:\/\/blogs.ua.es\/concurso09\/files\/2009\/11\/RUA.PNG\" alt=\"\" width=\"200\" \/><\/a><\/td>\n<td><a href=\"https:\/\/blogs.ua.es\/labseps\/\"><img decoding=\"async\" src=\"https:\/\/blogs.ua.es\/concurso09\/files\/2009\/12\/JAGil.PNG\" alt=\"\" width=\"200\" \/><\/a><\/td>\n<\/tr>\n<tr>\n<td>Blog de RUA, Repositorio Institucional de la<br \/>\nUniversidad de Alicante; ofrece noticias, novedades y convocatorias relativas a<br \/>\nRUA, as\u00ed como otras informaciones relevantes sobre conocimiento abierto y<br \/>\npublicaci\u00f3n cient\u00edfica y docente.<\/td>\n<td>Blog de la Unidad de Laboratorios de la Escuela Polit\u00e9cnica Superior mantenido por los t\u00e9cnicos de laboratorio de la Escuela Polit\u00e9cnica Superior de Alicante.Nuestra intenci\u00f3n es que sirva para poder fomentar la participaci\u00f3n de todos y que contribuya a mejorar y facilitar la actividad docente y de estudio de nuestros usuarios.<\/td>\n<\/tr>\n<tr>\n<td><a href=\"https:\/\/blogs.ua.es\/concurso09\/2009\/11\/24\/%C2%A1%C2%A1-nuevo-concursante\/\">Comentar<\/a><\/td>\n<td><a href=\"https:\/\/blogs.ua.es\/concurso09\/2009\/12\/02\/%C2%A1%C2%A1-nuevo-concursante-15\/\">Comentar<\/a><\/td>\n<\/tr>\n<tr>\n<td><\/td>\n<\/tr>\n<tr>\n<td><a href=\"https:\/\/blogs.ua.es\/bibliotecauniversitaria\/\"><strong>El libro distraido<\/strong><\/a><br \/>Cat. Institucional<\/td>\n<td><a href=\"\"><strong><\/strong><\/a><\/td>\n<\/tr>\n<tr>\n<td><a href=\"https:\/\/blogs.ua.es\/bibliotecauniversitaria\/\"><img decoding=\"async\" src=\"https:\/\/blogs.ua.es\/concurso09\/files\/2009\/12\/MariaEsteban.PNG\" alt=\"\" width=\"200\" \/><\/a><\/td>\n<td><a href=\"\"><img decoding=\"async\" src=\"\" alt=\"\" width=\"200\" \/><\/a><\/td>\n<\/tr>\n<tr>\n<td>Blog institucional de la Biblioteca de la Universidad de Alicante, que se crea como espacio de comunicaci\u00f3n con la comunidad universitaria, y en especial como medio de participaci\u00f3n y en relaci\u00f3n con la misma.. Se pretende ofrecer una \u201cventana\u201d para que puedan asomarse a lo que est\u00e1 aconteciendo en el mundo de la Biblioteca. Tambi\u00e9n queremos transmitir lo m\u00e1s relevante que ocurra (noticias, proyectos, eventos) relacionado con nuestra Universidad, la Biblioteca, o con entornos que nos resulten cercanos y de inter\u00e9s.<\/td>\n<td><\/td>\n<\/tr>\n<tr>\n<td><a href=\"https:\/\/blogs.ua.es\/concurso09\/2009\/12\/14\/%C2%A1%C2%A1-nuevo-concursante-21\/\">Comentar<\/a><\/td>\n<td><a href=\"\"><\/a><\/td>\n<\/tr>\n<\/tbody>\n<\/table>\n","protected":false},"excerpt":{"rendered":"<p>Inscriu-te al II Concurs de blogs.ua.es i el teu blog apareixer\u00e0 anunciat en aquesta secci\u00f3. &#8212; Inscr\u00edbete al II Concurso de blogs.ua.es y tu blog aparecer\u00e1 anunciado en esta secci\u00f3n. Repositorio Institucional UACat. Institucional Unidad de Laboratorios de la EPS Blog de RUA, Repositorio Institucional de la Universidad de Alicante; ofrece noticias, novedades y convocatorias [&hellip;]<\/p>\n","protected":false},"author":59,"featured_media":0,"parent":15,"menu_order":4,"comment_status":"closed","ping_status":"closed","template":"","meta":{"footnotes":""},"class_list":["post-58","page","type-page","status-publish","hentry"],"_links":{"self":[{"href":"https:\/\/blogs.ua.es\/concurso09\/wp-json\/wp\/v2\/pages\/58","targetHints":{"allow":["GET"]}}],"collection":[{"href":"https:\/\/blogs.ua.es\/concurso09\/wp-json\/wp\/v2\/pages"}],"about":[{"href":"https:\/\/blogs.ua.es\/concurso09\/wp-json\/wp\/v2\/types\/page"}],"author":[{"embeddable":true,"href":"https:\/\/blogs.ua.es\/concurso09\/wp-json\/wp\/v2\/users\/59"}],"replies":[{"embeddable":true,"href":"https:\/\/blogs.ua.es\/concurso09\/wp-json\/wp\/v2\/comments?post=58"}],"version-history":[{"count":8,"href":"https:\/\/blogs.ua.es\/concurso09\/wp-json\/wp\/v2\/pages\/58\/revisions"}],"predecessor-version":[{"id":183,"href":"https:\/\/blogs.ua.es\/concurso09\/wp-json\/wp\/v2\/pages\/58\/revisions\/183"}],"up":[{"embeddable":true,"href":"https:\/\/blogs.ua.es\/concurso09\/wp-json\/wp\/v2\/pages\/15"}],"wp:attachment":[{"href":"https:\/\/blogs.ua.es\/concurso09\/wp-json\/wp\/v2\/media?parent=58"}],"curies":[{"name":"wp","href":"https:\/\/api.w.org\/{rel}","templated":true}]}}