{"id":15,"date":"2010-10-22T14:14:31","date_gmt":"2010-10-22T12:14:31","guid":{"rendered":"https:\/\/blogs.ua.es\/concurso10\/"},"modified":"2010-10-25T13:49:38","modified_gmt":"2010-10-25T11:49:38","slug":"categoria-general","status":"publish","type":"page","link":"https:\/\/blogs.ua.es\/concurso10\/blogs-concursantes\/categoria-general\/","title":{"rendered":"Categor\u00eda: General"},"content":{"rendered":"<p>Inscriu-te al III Concurs de blogs.ua.es i el teu blog apareixer\u00e0 anunciat en aquesta secci\u00f3.<\/p>\n<p>&#8212;<\/p>\n<p>Inscr\u00edbete al III Concurso de blogs.ua.es y tu blog aparecer\u00e1 anunciado en esta secci\u00f3n.<\/p>\n","protected":false},"excerpt":{"rendered":"<p>Inscriu-te al III Concurs de blogs.ua.es i el teu blog apareixer\u00e0 anunciat en aquesta secci\u00f3. &#8212; Inscr\u00edbete al III Concurso de blogs.ua.es y tu blog aparecer\u00e1 anunciado en esta secci\u00f3n.<\/p>\n","protected":false},"author":59,"featured_media":0,"parent":13,"menu_order":0,"comment_status":"closed","ping_status":"closed","template":"","meta":{"footnotes":""},"class_list":["post-15","page","type-page","status-publish","hentry"],"_links":{"self":[{"href":"https:\/\/blogs.ua.es\/concurso10\/wp-json\/wp\/v2\/pages\/15","targetHints":{"allow":["GET"]}}],"collection":[{"href":"https:\/\/blogs.ua.es\/concurso10\/wp-json\/wp\/v2\/pages"}],"about":[{"href":"https:\/\/blogs.ua.es\/concurso10\/wp-json\/wp\/v2\/types\/page"}],"author":[{"embeddable":true,"href":"https:\/\/blogs.ua.es\/concurso10\/wp-json\/wp\/v2\/users\/59"}],"replies":[{"embeddable":true,"href":"https:\/\/blogs.ua.es\/concurso10\/wp-json\/wp\/v2\/comments?post=15"}],"version-history":[{"count":6,"href":"https:\/\/blogs.ua.es\/concurso10\/wp-json\/wp\/v2\/pages\/15\/revisions"}],"predecessor-version":[{"id":32,"href":"https:\/\/blogs.ua.es\/concurso10\/wp-json\/wp\/v2\/pages\/15\/revisions\/32"}],"up":[{"embeddable":true,"href":"https:\/\/blogs.ua.es\/concurso10\/wp-json\/wp\/v2\/pages\/13"}],"wp:attachment":[{"href":"https:\/\/blogs.ua.es\/concurso10\/wp-json\/wp\/v2\/media?parent=15"}],"curies":[{"name":"wp","href":"https:\/\/api.w.org\/{rel}","templated":true}]}}