{"id":153,"date":"2011-04-01T14:18:59","date_gmt":"2011-04-01T12:18:59","guid":{"rendered":"https:\/\/blogs.ua.es\/concurso10\/"},"modified":"2011-04-01T14:18:59","modified_gmt":"2011-04-01T12:18:59","slug":"inscripcion-2","status":"publish","type":"page","link":"https:\/\/blogs.ua.es\/concurso10\/inscripcion-2\/","title":{"rendered":"Inscripci\u00f3n"},"content":{"rendered":"<p>La inscripci\u00f3 al concurs de blogsUA est\u00e0 tancada.<br \/>\nLamentem les mol\u00e8sties.<br \/>\n\u2014<br \/>\nLa inscripci\u00f3n al concurso de blogsUA est\u00e1 cerrada.<br \/>\nLamentamos las molestias.<\/p>\n","protected":false},"excerpt":{"rendered":"<p>La inscripci\u00f3 al concurs de blogsUA est\u00e0 tancada. Lamentem les mol\u00e8sties. \u2014 La inscripci\u00f3n al concurso de blogsUA est\u00e1 cerrada. Lamentamos las molestias.<\/p>\n","protected":false},"author":59,"featured_media":0,"parent":0,"menu_order":0,"comment_status":"closed","ping_status":"closed","template":"","meta":{"footnotes":""},"class_list":["post-153","page","type-page","status-publish","hentry"],"_links":{"self":[{"href":"https:\/\/blogs.ua.es\/concurso10\/wp-json\/wp\/v2\/pages\/153","targetHints":{"allow":["GET"]}}],"collection":[{"href":"https:\/\/blogs.ua.es\/concurso10\/wp-json\/wp\/v2\/pages"}],"about":[{"href":"https:\/\/blogs.ua.es\/concurso10\/wp-json\/wp\/v2\/types\/page"}],"author":[{"embeddable":true,"href":"https:\/\/blogs.ua.es\/concurso10\/wp-json\/wp\/v2\/users\/59"}],"replies":[{"embeddable":true,"href":"https:\/\/blogs.ua.es\/concurso10\/wp-json\/wp\/v2\/comments?post=153"}],"version-history":[{"count":1,"href":"https:\/\/blogs.ua.es\/concurso10\/wp-json\/wp\/v2\/pages\/153\/revisions"}],"predecessor-version":[{"id":154,"href":"https:\/\/blogs.ua.es\/concurso10\/wp-json\/wp\/v2\/pages\/153\/revisions\/154"}],"wp:attachment":[{"href":"https:\/\/blogs.ua.es\/concurso10\/wp-json\/wp\/v2\/media?parent=153"}],"curies":[{"name":"wp","href":"https:\/\/api.w.org\/{rel}","templated":true}]}}