{"id":18,"date":"2019-11-07T13:01:08","date_gmt":"2019-11-07T13:01:08","guid":{"rendered":"https:\/\/blogs.ua.es\/congresofilipinismo\/?page_id=18"},"modified":"2019-11-07T13:01:08","modified_gmt":"2019-11-07T13:01:08","slug":"comite-organizador","status":"publish","type":"page","link":"https:\/\/blogs.ua.es\/congresofilipinismo\/comite-organizador\/","title":{"rendered":"Comit\u00e9 organizador"},"content":{"rendered":"<p><strong>DIRECCI\u00d3N:<\/strong><\/p>\n<p><strong>Prof. Dr. Bernardita R. Churchill<\/strong><\/p>\n<p>President <em>emeritus<\/em>, Philippine Studies Association, Inc.<br \/>\nChair, International Council for Philippine Studies<\/p>\n<p><strong>Prof. Dr.<\/strong><strong> Pedro Aull\u00f3n de Haro<\/strong><\/p>\n<p>Director, Instituto Juan Andr\u00e9s<br \/>\nDirector, Grupo de Investigaci\u00f3n HUMANISMO-EUROPA (Universidad de Alicante)<\/p>\n<p><strong>Prof. Dr. Isaac Donoso<\/strong><\/p>\n<p>Facultad de Filosof\u03afa y Letras<br \/>\nUniversidad de Alicante<\/p>\n<p><strong>SECRETARIOS de organizaci\u00f3n:<\/strong><\/p>\n<p><strong>Davide Mombelli<\/strong> (Universidad de Alicante)<br \/>\n<strong>Natalia Timoshenko Kuznetsova<\/strong> (Universidad de Alicante)<\/p>\n","protected":false},"excerpt":{"rendered":"<p>DIRECCI\u00d3N: Prof. Dr. Bernardita R. Churchill President emeritus, Philippine Studies Association, Inc. Chair, International Council for Philippine Studies Prof. Dr. Pedro Aull\u00f3n de Haro Director, Instituto Juan Andr\u00e9s Director, Grupo de Investigaci\u00f3n HUMANISMO-EUROPA (Universidad de Alicante) Prof. Dr. Isaac Donoso &hellip; <a href=\"https:\/\/blogs.ua.es\/congresofilipinismo\/comite-organizador\/\">Continue reading <span class=\"meta-nav\">&rarr;<\/span><\/a><\/p>\n","protected":false},"author":4354,"featured_media":0,"parent":0,"menu_order":0,"comment_status":"closed","ping_status":"closed","template":"","meta":{"footnotes":""},"class_list":["post-18","page","type-page","status-publish","hentry"],"_links":{"self":[{"href":"https:\/\/blogs.ua.es\/congresofilipinismo\/wp-json\/wp\/v2\/pages\/18","targetHints":{"allow":["GET"]}}],"collection":[{"href":"https:\/\/blogs.ua.es\/congresofilipinismo\/wp-json\/wp\/v2\/pages"}],"about":[{"href":"https:\/\/blogs.ua.es\/congresofilipinismo\/wp-json\/wp\/v2\/types\/page"}],"author":[{"embeddable":true,"href":"https:\/\/blogs.ua.es\/congresofilipinismo\/wp-json\/wp\/v2\/users\/4354"}],"replies":[{"embeddable":true,"href":"https:\/\/blogs.ua.es\/congresofilipinismo\/wp-json\/wp\/v2\/comments?post=18"}],"version-history":[{"count":1,"href":"https:\/\/blogs.ua.es\/congresofilipinismo\/wp-json\/wp\/v2\/pages\/18\/revisions"}],"predecessor-version":[{"id":19,"href":"https:\/\/blogs.ua.es\/congresofilipinismo\/wp-json\/wp\/v2\/pages\/18\/revisions\/19"}],"wp:attachment":[{"href":"https:\/\/blogs.ua.es\/congresofilipinismo\/wp-json\/wp\/v2\/media?parent=18"}],"curies":[{"name":"wp","href":"https:\/\/api.w.org\/{rel}","templated":true}]}}