{"id":2,"date":"2019-11-06T19:27:27","date_gmt":"2019-11-06T19:27:27","guid":{"rendered":"https:\/\/blogs.ua.es\/congresofilipinismo\/?page_id=2"},"modified":"2019-11-07T13:02:32","modified_gmt":"2019-11-07T13:02:32","slug":"pagina-ejemplo","status":"publish","type":"page","link":"https:\/\/blogs.ua.es\/congresofilipinismo\/pagina-ejemplo\/","title":{"rendered":"Instituciones patrocinadoras"},"content":{"rendered":"<p>Universidad de Alicante<br \/>\nPhilippine Studies Association, Inc.<br \/>\nInternational Council for Philippine Studies Conferences (ICOPHIL<br \/>\nNational Commission for Culture and the Arts (NCCA) Manila<br \/>\nPhilippine Studies Group (PSG) \u2013 Southeast Asia Council (SEAC),<br \/>\nAssociation for Asian Studies (AAS) USA<br \/>\nCenter for Philippine Studies, University of Hawai\u2019i at Mano\u2019a<br \/>\nInstituto Juan Andr\u00e9s de Comparat\u00edstica y Globalizaci\u00f3n<br \/>\nGrupo de investigaci\u00f3n HUMANISMO-EUROPA (UA)<br \/>\nProyecto del Ministerio de Ciencia, Innovaci\u00f3n y Universidades (Ref.: PGC2018-098126-B-100)<\/p>\n","protected":false},"excerpt":{"rendered":"<p>Universidad de Alicante Philippine Studies Association, Inc. International Council for Philippine Studies Conferences (ICOPHIL National Commission for Culture and the Arts (NCCA) Manila Philippine Studies Group (PSG) \u2013 Southeast Asia Council (SEAC), Association for Asian Studies (AAS) USA Center for &hellip; <a href=\"https:\/\/blogs.ua.es\/congresofilipinismo\/pagina-ejemplo\/\">Continue reading <span class=\"meta-nav\">&rarr;<\/span><\/a><\/p>\n","protected":false},"author":4354,"featured_media":0,"parent":0,"menu_order":0,"comment_status":"closed","ping_status":"open","template":"","meta":{"footnotes":""},"class_list":["post-2","page","type-page","status-publish","hentry"],"_links":{"self":[{"href":"https:\/\/blogs.ua.es\/congresofilipinismo\/wp-json\/wp\/v2\/pages\/2","targetHints":{"allow":["GET"]}}],"collection":[{"href":"https:\/\/blogs.ua.es\/congresofilipinismo\/wp-json\/wp\/v2\/pages"}],"about":[{"href":"https:\/\/blogs.ua.es\/congresofilipinismo\/wp-json\/wp\/v2\/types\/page"}],"author":[{"embeddable":true,"href":"https:\/\/blogs.ua.es\/congresofilipinismo\/wp-json\/wp\/v2\/users\/4354"}],"replies":[{"embeddable":true,"href":"https:\/\/blogs.ua.es\/congresofilipinismo\/wp-json\/wp\/v2\/comments?post=2"}],"version-history":[{"count":1,"href":"https:\/\/blogs.ua.es\/congresofilipinismo\/wp-json\/wp\/v2\/pages\/2\/revisions"}],"predecessor-version":[{"id":20,"href":"https:\/\/blogs.ua.es\/congresofilipinismo\/wp-json\/wp\/v2\/pages\/2\/revisions\/20"}],"wp:attachment":[{"href":"https:\/\/blogs.ua.es\/congresofilipinismo\/wp-json\/wp\/v2\/media?parent=2"}],"curies":[{"name":"wp","href":"https:\/\/api.w.org\/{rel}","templated":true}]}}