{"id":21,"date":"2019-11-07T13:03:11","date_gmt":"2019-11-07T13:03:11","guid":{"rendered":"https:\/\/blogs.ua.es\/congresofilipinismo\/?page_id=21"},"modified":"2019-11-25T12:42:50","modified_gmt":"2019-11-25T12:42:50","slug":"lineas-tematicas","status":"publish","type":"page","link":"https:\/\/blogs.ua.es\/congresofilipinismo\/lineas-tematicas\/","title":{"rendered":"L\u00edneas tem\u00e1ticas"},"content":{"rendered":"<p>Filipinas y el mundo: historias conectadas<br \/>\nQuinientos a\u00f1os de cultura hispano-filipina (1521-2021)<br \/>\nLa Escuela Universalista Espa\u00f1ola, la Ilustraci\u00f3n y Filipinas<br \/>\nFilipinas en el contexto del siglo XXI<br \/>\nRepensar la naci\u00f3n: idioma, cultura y cambio social<br \/>\nLiteratura filipina en lenguas filipinas vern\u00e1culas, espa\u00f1ol e ingl\u00e9s<br \/>\nEl idioma filipino en el mundo<br \/>\nEl Islam y la escritura yawi en Filipinas<br \/>\nMindanao y la construcci\u00f3n de la paz en el Sudeste asi\u00e1tico<br \/>\nAntropolog\u00eda y etnograf\u00eda de los pueblos filipinos.<br \/>\nLa geopol\u00edtica del mar de Filipinas occidental \/ mar de China meridional<br \/>\nIdentidades desde los m\u00e1rgenes: mujeres, LGBTQ +, IP e IDP<br \/>\nMedios de comunicaci\u00f3n, libertad de prensa y futuro de la democracia<br \/>\nFundamentalismo y cambio ideol\u00f3gico en el siglo XXI<br \/>\nCambio clim\u00e1tico y ecolog\u00eda en el archipi\u00e9lago filipino<br \/>\nCiudadan\u00eda y di\u00e1spora filipina<br \/>\nEl futuro es asi\u00e1tico, \u00bftambi\u00e9n para Filipinas?<br \/>\nArtes esc\u00e9nicas, Rituales, Humanidades Digitales, Literatura oral<br \/>\nHistoria de los alimentos y Alfabetizaci\u00f3n alimentaria<\/p>\n","protected":false},"excerpt":{"rendered":"<p>Filipinas y el mundo: historias conectadas Quinientos a\u00f1os de cultura hispano-filipina (1521-2021) La Escuela Universalista Espa\u00f1ola, la Ilustraci\u00f3n y Filipinas Filipinas en el contexto del siglo XXI Repensar la naci\u00f3n: idioma, cultura y cambio social Literatura filipina en lenguas filipinas &hellip; <a href=\"https:\/\/blogs.ua.es\/congresofilipinismo\/lineas-tematicas\/\">Continue reading <span class=\"meta-nav\">&rarr;<\/span><\/a><\/p>\n","protected":false},"author":4354,"featured_media":0,"parent":0,"menu_order":0,"comment_status":"closed","ping_status":"closed","template":"","meta":{"footnotes":""},"class_list":["post-21","page","type-page","status-publish","hentry"],"_links":{"self":[{"href":"https:\/\/blogs.ua.es\/congresofilipinismo\/wp-json\/wp\/v2\/pages\/21","targetHints":{"allow":["GET"]}}],"collection":[{"href":"https:\/\/blogs.ua.es\/congresofilipinismo\/wp-json\/wp\/v2\/pages"}],"about":[{"href":"https:\/\/blogs.ua.es\/congresofilipinismo\/wp-json\/wp\/v2\/types\/page"}],"author":[{"embeddable":true,"href":"https:\/\/blogs.ua.es\/congresofilipinismo\/wp-json\/wp\/v2\/users\/4354"}],"replies":[{"embeddable":true,"href":"https:\/\/blogs.ua.es\/congresofilipinismo\/wp-json\/wp\/v2\/comments?post=21"}],"version-history":[{"count":3,"href":"https:\/\/blogs.ua.es\/congresofilipinismo\/wp-json\/wp\/v2\/pages\/21\/revisions"}],"predecessor-version":[{"id":75,"href":"https:\/\/blogs.ua.es\/congresofilipinismo\/wp-json\/wp\/v2\/pages\/21\/revisions\/75"}],"wp:attachment":[{"href":"https:\/\/blogs.ua.es\/congresofilipinismo\/wp-json\/wp\/v2\/media?parent=21"}],"curies":[{"name":"wp","href":"https:\/\/api.w.org\/{rel}","templated":true}]}}