{"id":23,"date":"2019-11-07T13:03:53","date_gmt":"2019-11-07T13:03:53","guid":{"rendered":"https:\/\/blogs.ua.es\/congresofilipinismo\/?page_id=23"},"modified":"2019-11-25T12:46:57","modified_gmt":"2019-11-25T12:46:57","slug":"presentacion-solicitudes","status":"publish","type":"page","link":"https:\/\/blogs.ua.es\/congresofilipinismo\/presentacion-solicitudes\/","title":{"rendered":"Presentaci\u00f3n solicitudes"},"content":{"rendered":"<p>Todas las propuestas (entre 250 y 300 palabras) ser\u00e1n enviadas en formato doc o docx a las siguientes direcciones:<\/p>\n<p>philstudiesassociation@gmail.com<\/p>\n<p>cc: Bernardita R. Churchill<br \/>\nnitachurchill@hotmail.com<\/p>\n<p>Isaac Donoso<br \/>\nisaacdonoso@yahoo.es<\/p>\n<p>Clement C. Camposano<br \/>\ncccamposano@up.edu.ph<\/p>\n<p>Elizabeth L. Enriquez<br \/>\nelenriquez@up.edu.ph<\/p>\n<p>Se espera que los participantes financien su inscripci\u00f3n, viaje y alojamiento. Se insta a los comunicantes y participantes a buscar financiaci\u00f3n institucional.<\/p>\n<p>Los <em>abstracts<\/em> escritos en filipino y en espa\u00f1ol deber\u00e1n ir acompa\u00f1ados por su traducci\u00f3n inglesa.<\/p>\n","protected":false},"excerpt":{"rendered":"<p>Todas las propuestas (entre 250 y 300 palabras) ser\u00e1n enviadas en formato doc o docx a las siguientes direcciones: philstudiesassociation@gmail.com cc: Bernardita R. Churchill nitachurchill@hotmail.com Isaac Donoso isaacdonoso@yahoo.es Clement C. Camposano cccamposano@up.edu.ph Elizabeth L. Enriquez elenriquez@up.edu.ph Se espera que los &hellip; <a href=\"https:\/\/blogs.ua.es\/congresofilipinismo\/presentacion-solicitudes\/\">Continue reading <span class=\"meta-nav\">&rarr;<\/span><\/a><\/p>\n","protected":false},"author":4354,"featured_media":0,"parent":0,"menu_order":0,"comment_status":"closed","ping_status":"closed","template":"","meta":{"footnotes":""},"class_list":["post-23","page","type-page","status-publish","hentry"],"_links":{"self":[{"href":"https:\/\/blogs.ua.es\/congresofilipinismo\/wp-json\/wp\/v2\/pages\/23","targetHints":{"allow":["GET"]}}],"collection":[{"href":"https:\/\/blogs.ua.es\/congresofilipinismo\/wp-json\/wp\/v2\/pages"}],"about":[{"href":"https:\/\/blogs.ua.es\/congresofilipinismo\/wp-json\/wp\/v2\/types\/page"}],"author":[{"embeddable":true,"href":"https:\/\/blogs.ua.es\/congresofilipinismo\/wp-json\/wp\/v2\/users\/4354"}],"replies":[{"embeddable":true,"href":"https:\/\/blogs.ua.es\/congresofilipinismo\/wp-json\/wp\/v2\/comments?post=23"}],"version-history":[{"count":5,"href":"https:\/\/blogs.ua.es\/congresofilipinismo\/wp-json\/wp\/v2\/pages\/23\/revisions"}],"predecessor-version":[{"id":79,"href":"https:\/\/blogs.ua.es\/congresofilipinismo\/wp-json\/wp\/v2\/pages\/23\/revisions\/79"}],"wp:attachment":[{"href":"https:\/\/blogs.ua.es\/congresofilipinismo\/wp-json\/wp\/v2\/media?parent=23"}],"curies":[{"name":"wp","href":"https:\/\/api.w.org\/{rel}","templated":true}]}}