{"id":26,"date":"2019-11-07T13:05:35","date_gmt":"2019-11-07T13:05:35","guid":{"rendered":"https:\/\/blogs.ua.es\/congresofilipinismo\/?page_id=26"},"modified":"2019-11-25T12:45:18","modified_gmt":"2019-11-25T12:45:18","slug":"fechas-clave","status":"publish","type":"page","link":"https:\/\/blogs.ua.es\/congresofilipinismo\/fechas-clave\/","title":{"rendered":"Fechas clave"},"content":{"rendered":"<p>15 de diciembre de 2019 <strong>(postergada al 31 de enero de 2020)<\/strong>:<br \/>\nFecha l\u00edmite para la entrega de res\u00famenes individuales y propuestas de panel y de mesa redonda.<\/p>\n<p>1 de marzo de 2020:<br \/>\nInicio de las notificaciones de aceptaci\u00f3n de res\u00famenes y propuestas de panel y mesa redonda.<\/p>\n<p>1 de marzo de 2020 \u2013 30 de junio de 2020:<br \/>\nInscripci\u00f3n anticipada<\/p>\n<p>31 de mayo de 2020:<br \/>\nFecha l\u00edmite de inscripci\u00f3n para comunicaciones y mesas redondas. (Las comunicaciones y mesas redondas ser\u00e1n incluidas en el programa cuando el pago \u00edntegro de la inscripci\u00f3n a la conferencia sea recibido y dentro de la fecha l\u00edmite).<\/p>\n<p>31 de julio de 2020:<br \/>\nFecha l\u00edmite de presentaci\u00f3n de trabajos completos. Los trabajos se considerar\u00e1n para su publicaci\u00f3n en Filipinas, en la Revista de la Asociaci\u00f3n de Estudios Filipinos, y en Espa\u00f1a en un volumen especial publicado por el Instituto Juan Andr\u00e9s.<\/p>\n<p>21-23 de septiembre de 2020:<br \/>\nCongreso<\/p>\n<p>24 de septiembre de 2020:<br \/>\nExcursi\u00f3n por la provincia de Alicante (actividad opcional posterior al congreso)<\/p>\n","protected":false},"excerpt":{"rendered":"<p>15 de diciembre de 2019 (postergada al 31 de enero de 2020): Fecha l\u00edmite para la entrega de res\u00famenes individuales y propuestas de panel y de mesa redonda. 1 de marzo de 2020: Inicio de las notificaciones de aceptaci\u00f3n de &hellip; <a href=\"https:\/\/blogs.ua.es\/congresofilipinismo\/fechas-clave\/\">Continue reading <span class=\"meta-nav\">&rarr;<\/span><\/a><\/p>\n","protected":false},"author":4354,"featured_media":0,"parent":0,"menu_order":0,"comment_status":"closed","ping_status":"closed","template":"","meta":{"footnotes":""},"class_list":["post-26","page","type-page","status-publish","hentry"],"_links":{"self":[{"href":"https:\/\/blogs.ua.es\/congresofilipinismo\/wp-json\/wp\/v2\/pages\/26","targetHints":{"allow":["GET"]}}],"collection":[{"href":"https:\/\/blogs.ua.es\/congresofilipinismo\/wp-json\/wp\/v2\/pages"}],"about":[{"href":"https:\/\/blogs.ua.es\/congresofilipinismo\/wp-json\/wp\/v2\/types\/page"}],"author":[{"embeddable":true,"href":"https:\/\/blogs.ua.es\/congresofilipinismo\/wp-json\/wp\/v2\/users\/4354"}],"replies":[{"embeddable":true,"href":"https:\/\/blogs.ua.es\/congresofilipinismo\/wp-json\/wp\/v2\/comments?post=26"}],"version-history":[{"count":3,"href":"https:\/\/blogs.ua.es\/congresofilipinismo\/wp-json\/wp\/v2\/pages\/26\/revisions"}],"predecessor-version":[{"id":78,"href":"https:\/\/blogs.ua.es\/congresofilipinismo\/wp-json\/wp\/v2\/pages\/26\/revisions\/78"}],"wp:attachment":[{"href":"https:\/\/blogs.ua.es\/congresofilipinismo\/wp-json\/wp\/v2\/media?parent=26"}],"curies":[{"name":"wp","href":"https:\/\/api.w.org\/{rel}","templated":true}]}}