{"id":54,"date":"2019-11-07T21:15:49","date_gmt":"2019-11-07T21:15:49","guid":{"rendered":"https:\/\/blogs.ua.es\/congresofilipinismo\/?page_id=54"},"modified":"2019-11-07T21:15:49","modified_gmt":"2019-11-07T21:15:49","slug":"inscripcion","status":"publish","type":"page","link":"https:\/\/blogs.ua.es\/congresofilipinismo\/inscripcion\/","title":{"rendered":"Inscripci\u00f3n"},"content":{"rendered":"<p><strong>Tarifa de inscripci\u00f3n anticipada<\/strong> (1 de marzo &#8211; 30 de junio de 2020)<\/p>\n<p>Participantes residentes en Filipinas: PhP 7,000 \u00f3 US$135 \u00f3 \u20ac120*<br \/>\nParticipantes con residencia fuera de Filipinas: US$180 \u00f3 \u20ac162*<\/p>\n<p><strong>Tarifa regular<\/strong> (1 de julio &#8211; presencialmente al comienzo del congreso el 21 de septiembre de 2020)<\/p>\n<p>Participantes residentes en Filipinas: PhP 7,850 \u00f3 US$150 \u00f3 \u20ac130*<br \/>\nParticipantes con residencia fuera de Filipinas: US$200 \u00f3 \u20ac180*<\/p>\n<p>Estudiantes en curso: US$75 \u00f3 \u20ac65*<\/p>\n<p><em>* Para pagos realizados desde fuera de Filipinas: a trav\u00e9s de PayPal o dep\u00f3sito bancario, por favor a\u00f1ada US$5 \u00f3 \u20ac4.50 (gastos de env\u00edo).<\/em><\/p>\n<p>Los <strong>pagos<\/strong> se pueden realizar a trav\u00e9s de los siguientes medios (o presencialmente en efectivo al comienzo del congreso):<\/p>\n<p><strong>Para pagos realizados en Filipinas<\/strong>:<\/p>\n<p>Philippine National Bank<br \/>\nTitular de la cuenta: Philippine Studies Association, Inc.<br \/>\nN\u00famero de cuenta: 108670009522<br \/>\nAddress: #3 Apacible Street, UP Campus, Diliman, Quezon City<br \/>\nSWIFT CODE: PNBM-PHMM<\/p>\n<p>PayPal<br \/>\nphilstudiesassociation@gmail.com<\/p>\n<p>El recibo de dep\u00f3sito\/justificante de pago debe enviarse por correo electr\u00f3nico a philstudiesassociation@gmail.com o presentarse en el momento de la inscripci\u00f3n en el congreso.<\/p>\n<p><strong>Para pagos realizados desde el resto del mundo<\/strong>:<\/p>\n<p>Banco: BANKIA. (Avda. Oscar Espla, 30. 03003 Alicante \u2013 Espa\u00f1a)<br \/>\nTitular de la cuenta: Instituto Juan Andres<br \/>\nIBAN: ES 09 2038 6165 81 6000 175 381<br \/>\nBIC \/ SWIFT: C A H M E S M M X X X<br \/>\nConcepto: ICOPHIL11_Apellidos_Nombre<\/p>\n<p>El recibo de dep\u00f3sito\/justificante de pago debe enviarse por correo electr\u00f3nico a institutojuanandres@gmail.com o presentarse en el momento de la inscripci\u00f3n en el congreso.<\/p>\n<p>LOS PARTICIPANTES DEBER\u00c1N FINANCIAR SU PROPIA CUOTA DE INSCRIPCI\u00d3N, VIAJE Y ALOJAMIENTO.<br \/>\nSE INSTA A LOS PONENTES Y PARTICIPANTES A BUSCAR FINANCIACI\u00d3N INSTITUCIONAL.<\/p>\n","protected":false},"excerpt":{"rendered":"<p>Tarifa de inscripci\u00f3n anticipada (1 de marzo &#8211; 30 de junio de 2020) Participantes residentes en Filipinas: PhP 7,000 \u00f3 US$135 \u00f3 \u20ac120* Participantes con residencia fuera de Filipinas: US$180 \u00f3 \u20ac162* Tarifa regular (1 de julio &#8211; presencialmente al &hellip; <a href=\"https:\/\/blogs.ua.es\/congresofilipinismo\/inscripcion\/\">Continue reading <span class=\"meta-nav\">&rarr;<\/span><\/a><\/p>\n","protected":false},"author":4354,"featured_media":0,"parent":0,"menu_order":0,"comment_status":"closed","ping_status":"closed","template":"","meta":{"footnotes":""},"class_list":["post-54","page","type-page","status-publish","hentry"],"_links":{"self":[{"href":"https:\/\/blogs.ua.es\/congresofilipinismo\/wp-json\/wp\/v2\/pages\/54","targetHints":{"allow":["GET"]}}],"collection":[{"href":"https:\/\/blogs.ua.es\/congresofilipinismo\/wp-json\/wp\/v2\/pages"}],"about":[{"href":"https:\/\/blogs.ua.es\/congresofilipinismo\/wp-json\/wp\/v2\/types\/page"}],"author":[{"embeddable":true,"href":"https:\/\/blogs.ua.es\/congresofilipinismo\/wp-json\/wp\/v2\/users\/4354"}],"replies":[{"embeddable":true,"href":"https:\/\/blogs.ua.es\/congresofilipinismo\/wp-json\/wp\/v2\/comments?post=54"}],"version-history":[{"count":1,"href":"https:\/\/blogs.ua.es\/congresofilipinismo\/wp-json\/wp\/v2\/pages\/54\/revisions"}],"predecessor-version":[{"id":56,"href":"https:\/\/blogs.ua.es\/congresofilipinismo\/wp-json\/wp\/v2\/pages\/54\/revisions\/56"}],"wp:attachment":[{"href":"https:\/\/blogs.ua.es\/congresofilipinismo\/wp-json\/wp\/v2\/media?parent=54"}],"curies":[{"name":"wp","href":"https:\/\/api.w.org\/{rel}","templated":true}]}}