{"id":61,"date":"2019-11-08T16:10:37","date_gmt":"2019-11-08T16:10:37","guid":{"rendered":"https:\/\/blogs.ua.es\/congresofilipinismo\/?page_id=61"},"modified":"2019-11-14T13:06:03","modified_gmt":"2019-11-14T13:06:03","slug":"alojamiento-en-alicante","status":"publish","type":"page","link":"https:\/\/blogs.ua.es\/congresofilipinismo\/alojamiento-en-alicante\/","title":{"rendered":"Alojamiento en Alicante"},"content":{"rendered":"<p><a href=\"https:\/\/www.alicanteturismo.com\/\">Alicante TURISMO<\/a><\/p>\n<p><a href=\"https:\/\/web.ua.es\/es\/universidad-alicante\/documentos\/plano-del-campus.pdf\">PLANO DEL CAMPUS<\/a><\/p>\n<p><a href=\"https:\/\/www.google.es\/maps\/@38.3857957,-0.5130425,15.7z\">UA en Google maps, Street View UA<\/a><\/p>\n<p><a href=\"https:\/\/www.sigua.ua.es\/\">Sistema de informaci\u00f3n geogr\u00e1fica de la UA<\/a><\/p>\n<h2><span style=\"color: #ffffff\">.<\/span><br \/>\nALOJAMIENTO<\/h2>\n<p>Recomendamos:<\/p>\n<p>VILLA ALOJAMIENTO Y CONGRESOS | VILLA UNIVERSITARIA<br \/>\nDirecci\u00f3n: AVDA VICENTE SAVALL, 16,<br \/>\n03690 San Vicente del Raspeig (Espa\u00f1a)<br \/>\nTel.: +34 966 142 042<br \/>\nFax: +34 966 388 138<br \/>\nEmail: reservas@villaalojamiento.es \/ comercial2@villauniversitaria.com<br \/>\nLocalizador reserva: <b>ICOPHIL<\/b><br \/>\nWeb: http:\/\/www.villaalojamiento.es\/<br \/>\n<a href=\"https:\/\/blogs.ua.es\/congresofilipinismo\/files\/2019\/11\/COTIZACI\u00d3N_CONGRESO-SOBRE-FILIPINISMO-UA.pdf\">Consultar TARIFAS<\/a><\/p>\n<hr \/>\n<p>Apartahotel Palacio Homes<br \/>\nc\/B\u00e1rbara 3, (Alicante).<br \/>\nTel\u00e9fono: + 34 673 13 87 60<br \/>\nEmail: reservas@palaciohomes.es<br \/>\nWeb: https:\/\/www.palaciohomes.es\/barbara3\/<\/p>\n<p>HOSPES AMERIGO *****<br \/>\nC\/ Rafael Altamira 7, Alicante 03002<br \/>\nTel +34-965146570<br \/>\nFax +34-965146571<br \/>\namerigo@hospes.es<br \/>\nhttp:\/\/www.hospes.es<br \/>\nSituaci\u00f3n: Centro Hist\u00f3rico.<br \/>\nArea: Old town<\/p>\n<p>AC HOTEL ALICANTE BY MARRIOTT ****<br \/>\nAv. de Elche 3, Alicante 03008<br \/>\nTel +34-965120178<br \/>\nFax +34-965135360<br \/>\nacalicante@ac-hotels.com<br \/>\nhttp:\/\/www.ac-hotels.com<br \/>\nSituaci\u00f3n: Alicante Sur<br \/>\nArea: Alicante South<\/p>\n<p>EUROSTARS CENTRUM ALICANTE ****<br \/>\nC\/ Pintor Lorenzo Casanova 31, Alicante 03003<br \/>\nTel +34-965130440<br \/>\nFax +34-965928323<br \/>\nreservas@eurostarscentrumalicante.com<br \/>\nhttp:\/\/www.eurostarshotelcompany.com\/eurostars-centrum-alicante.html<br \/>\nSituaci\u00f3n: Alicante Centro<br \/>\nArea: Alicante center<\/p>\n<p>EUROSTARS LUCENTUM ****<br \/>\nAv. Alfonso X El Sabio 11, Alicante 03004<br \/>\nTel +34-966590700<br \/>\nFax +34-966590710info@eurostarslucentum.com<br \/>\nhttp:\/\/www.eurostarslucentum.com<br \/>\nSituaci\u00f3n: Alicante Centro<br \/>\nArea: Alicante center<\/p>\n<p>EUROSTARS MEDITERR\u00c1NEA PLAZA ****<br \/>\nPlaza Ayuntamiento 6, Alicante 03002<br \/>\nTel +34-965210188<br \/>\nFax +34-965206750<br \/>\nreservas@eurostarsmediterraneaplaza.com<br \/>\nhttp:\/\/www.eurostarsmediterraneaplaza.com<br \/>\nSituaci\u00f3n: Junto a Ayuntamiento. Centro Hist\u00f3rico<br \/>\nArea: Old town, Town Hall square<\/p>\n<p>MELIA ALICANTE ****<br \/>\nPlaza del Puerto 3, Alicante 03001<br \/>\nTel +34 965 205 000<br \/>\nFax. +34 965 204 756<br \/>\nmelia.alicante@melia.com<br \/>\nhttp:\/\/www.melia.com<br \/>\nSituaci\u00f3n: Playa Postiguet- Marina Deportiva<br \/>\nArea: Postiguet beach, Sports Marina<\/p>\n<p>SPA PORTA MARIS &amp; SUITES DEL MAR ****<br \/>\nPlaza Puerta del Mar 3, Alicante 03002<br \/>\nTel +34-965147021<br \/>\nfax +34-965216945<br \/>\nreservas@hotelspaportamaris.com<br \/>\nhttp:\/\/www.hotelspaportamaris.com<br \/>\nhttp:\/\/www.suitesdelmar.com\/<br \/>\nSituaci\u00f3n: Playa Postiguet- Marina Deportiva<br \/>\nArea: Postiguet beach, Sports Marina<\/p>\n<p>TRYP GRAN SOL ****<br \/>\nAv. Rambla Mendez Nu\u00f1ez 3, Alicante 03002<br \/>\nTel +34-965203000<br \/>\nFax +34-965211439<br \/>\nreservas.tryp.gransol@solmelia.com<br \/>\nhttp:\/\/www.solmelia.com<br \/>\nSituaci\u00f3n: Alicante Centro, junto a Explanada<br \/>\nArea: Alicante center, near to Postiguet beach and Explanada<\/p>\n<p>LA CITY HOTEL ***<br \/>\nAv. de Salamanca 16, Alicante 03005<br \/>\nTel +34-965131973<br \/>\nFax +34-965132482<br \/>\ninfo@lacityhotel.com<br \/>\nhttp:\/\/www.lacityhotel.com<br \/>\nSituaci\u00f3n: Alicante Centro. Junto a Estaci\u00f3n de trenes Renfe<br \/>\nArea: Alicante center, near to Railway Station<\/p>\n<p>MAYA ***<br \/>\nC\/ Can\u00f3nigo Manuel Penalva s\/n, Alicante 03004<br \/>\nTel +34-965261211<br \/>\nFax +34-965261976<br \/>\nmaya@hotelalicantemaya.com<br \/>\nhttp:\/\/www.hotelalicantemaya.com<br \/>\nSituaci\u00f3n: Cerca de playa Postiguet, Castillo Santa B\u00e1rbara y Museo Arqueol\u00f3gico MARQ<br \/>\nArea: Near to Postiguet beach, MARQ Museum and Castle of Santa B\u00e1rbara<\/p>\n<p>GOYA DE ALICANTE **<br \/>\nC\/ Maestro Breton 19, Alicante 03004<br \/>\nTel +34-965141659<br \/>\nFax +34-965200130<br \/>\nreservas@hotelgoyadealicante.es<br \/>\nhttp:\/\/www.hotelgoyadealicante.es<br \/>\nSituaci\u00f3n: Alicante Centro. Cerca de Av Alfonso X El Sabio<br \/>\nArea: Alicante center, near to Alfonso X EL Sabio<\/p>\n","protected":false},"excerpt":{"rendered":"<p>Alicante TURISMO PLANO DEL CAMPUS UA en Google maps, Street View UA Sistema de informaci\u00f3n geogr\u00e1fica de la UA . ALOJAMIENTO Recomendamos: VILLA ALOJAMIENTO Y CONGRESOS | VILLA UNIVERSITARIA Direcci\u00f3n: AVDA VICENTE SAVALL, 16, 03690 San Vicente del Raspeig (Espa\u00f1a) &hellip; <a href=\"https:\/\/blogs.ua.es\/congresofilipinismo\/alojamiento-en-alicante\/\">Continue reading <span class=\"meta-nav\">&rarr;<\/span><\/a><\/p>\n","protected":false},"author":4354,"featured_media":0,"parent":0,"menu_order":0,"comment_status":"closed","ping_status":"closed","template":"","meta":{"footnotes":""},"class_list":["post-61","page","type-page","status-publish","hentry"],"_links":{"self":[{"href":"https:\/\/blogs.ua.es\/congresofilipinismo\/wp-json\/wp\/v2\/pages\/61","targetHints":{"allow":["GET"]}}],"collection":[{"href":"https:\/\/blogs.ua.es\/congresofilipinismo\/wp-json\/wp\/v2\/pages"}],"about":[{"href":"https:\/\/blogs.ua.es\/congresofilipinismo\/wp-json\/wp\/v2\/types\/page"}],"author":[{"embeddable":true,"href":"https:\/\/blogs.ua.es\/congresofilipinismo\/wp-json\/wp\/v2\/users\/4354"}],"replies":[{"embeddable":true,"href":"https:\/\/blogs.ua.es\/congresofilipinismo\/wp-json\/wp\/v2\/comments?post=61"}],"version-history":[{"count":10,"href":"https:\/\/blogs.ua.es\/congresofilipinismo\/wp-json\/wp\/v2\/pages\/61\/revisions"}],"predecessor-version":[{"id":73,"href":"https:\/\/blogs.ua.es\/congresofilipinismo\/wp-json\/wp\/v2\/pages\/61\/revisions\/73"}],"wp:attachment":[{"href":"https:\/\/blogs.ua.es\/congresofilipinismo\/wp-json\/wp\/v2\/media?parent=61"}],"curies":[{"name":"wp","href":"https:\/\/api.w.org\/{rel}","templated":true}]}}