{"id":11,"date":"2011-11-18T09:19:04","date_gmt":"2011-11-18T09:19:04","guid":{"rendered":"https:\/\/blogs.ua.es\/conjuntosarqueologicosalicante\/?page_id=11"},"modified":"2012-03-04T18:57:55","modified_gmt":"2012-03-04T18:57:55","slug":"presentacion","status":"publish","type":"page","link":"https:\/\/blogs.ua.es\/conjuntosarqueologicosalicante\/presentacion\/","title":{"rendered":"Presentaci\u00f3n"},"content":{"rendered":"<p>El blog <strong>Conjuntos Arqueol\u00f3gicos de la Provincia de Alicante<\/strong> est\u00e1 realizado por los<br \/>\nestudiantes Esteban Alejandro Saravia Gedes y Antonio G\u00f3mez Garc\u00eda, pertenecientes al primer a\u00f1o del Grado en Historia de la Universidad de Alicante.<\/p>\n<p>Hemos escogido el tema de los conjuntos arqueol\u00f3gicos de la provincia de Alicante porque consideramos que, en general, el conocimiento y difusi\u00f3n acerca de los diferentes yacimientos que tenemos por toda la provincia es escaso y queremos contribuir a mejorar esa difusi\u00f3n entre el p\u00fablico no especializado, ya que vivimos en una provincia con un pasado \u00edbero, romano, musulman&#8230; muy importante.<\/p>\n<p>La finalidad de este blog es recopilar y divulgar informaci\u00f3n sobre los diferentes conjuntos<br \/>\narqueol\u00f3gicos de la provincia de Alicante, con la particularidad de que abarcamos todos los per\u00edodos hist\u00f3rico sin distinci\u00f3n.<\/p>\n<p>Esperamos que les sea de su agrado nuestra actividad y desde aqu\u00ed les animamos, si es posible, a que dejen algun comentario, sugerencia o cr\u00edtica para poder ir realizando nuestra tarea de manera cada vez m\u00e1s eficiente.<\/p>\n<p>Antonio G\u00f3mez y Esteban Saravia .<\/p>\n<p>&nbsp;<\/p>\n","protected":false},"excerpt":{"rendered":"<p>El blog Conjuntos Arqueol\u00f3gicos de la Provincia de Alicante est\u00e1 realizado por los estudiantes Esteban Alejandro Saravia Gedes y Antonio G\u00f3mez Garc\u00eda, pertenecientes al primer a\u00f1o del Grado en Historia de la Universidad de Alicante. Hemos escogido el tema de &hellip; <a href=\"https:\/\/blogs.ua.es\/conjuntosarqueologicosalicante\/presentacion\/\">Continue reading <span class=\"meta-nav\">&rarr;<\/span><\/a><\/p>\n","protected":false},"author":2331,"featured_media":0,"parent":0,"menu_order":0,"comment_status":"open","ping_status":"open","template":"","meta":{"footnotes":""},"class_list":["post-11","page","type-page","status-publish","hentry"],"_links":{"self":[{"href":"https:\/\/blogs.ua.es\/conjuntosarqueologicosalicante\/wp-json\/wp\/v2\/pages\/11","targetHints":{"allow":["GET"]}}],"collection":[{"href":"https:\/\/blogs.ua.es\/conjuntosarqueologicosalicante\/wp-json\/wp\/v2\/pages"}],"about":[{"href":"https:\/\/blogs.ua.es\/conjuntosarqueologicosalicante\/wp-json\/wp\/v2\/types\/page"}],"author":[{"embeddable":true,"href":"https:\/\/blogs.ua.es\/conjuntosarqueologicosalicante\/wp-json\/wp\/v2\/users\/2331"}],"replies":[{"embeddable":true,"href":"https:\/\/blogs.ua.es\/conjuntosarqueologicosalicante\/wp-json\/wp\/v2\/comments?post=11"}],"version-history":[{"count":7,"href":"https:\/\/blogs.ua.es\/conjuntosarqueologicosalicante\/wp-json\/wp\/v2\/pages\/11\/revisions"}],"predecessor-version":[{"id":270,"href":"https:\/\/blogs.ua.es\/conjuntosarqueologicosalicante\/wp-json\/wp\/v2\/pages\/11\/revisions\/270"}],"wp:attachment":[{"href":"https:\/\/blogs.ua.es\/conjuntosarqueologicosalicante\/wp-json\/wp\/v2\/media?parent=11"}],"curies":[{"name":"wp","href":"https:\/\/api.w.org\/{rel}","templated":true}]}}