{"id":81,"date":"2011-12-30T12:08:50","date_gmt":"2011-12-30T12:08:50","guid":{"rendered":"https:\/\/blogs.ua.es\/conjuntosarqueologicosalicante\/?page_id=81"},"modified":"2012-03-04T18:57:55","modified_gmt":"2012-03-04T18:57:55","slug":"metodologia","status":"publish","type":"page","link":"https:\/\/blogs.ua.es\/conjuntosarqueologicosalicante\/metodologia\/","title":{"rendered":"Metodolog\u00eda"},"content":{"rendered":"<p>A la hora de realizar cada una de las entradas del blog hemos consultado detalladamente numerosos textos y p\u00e1ginas web que hemos le\u00eddo detenidamente para luego realizar una redacci\u00f3n en la cual se incluyese lo que se considera la informaci\u00f3n m\u00e1s relevante de cada fuente para traspasarla a cada uno de los apartados del blog.<\/p>\n<p>Adem\u00e1s, hemos utilizado repositorios institucionales como el RUA de la Universidad de Alicante, utilizando la b\u00fasqueda avanzada y buscando por los campos de t\u00edtulo o materia, para encontrar informaci\u00f3n m\u00e1s espec\u00edfica y profesional de un\u00a0determinado yacimiento arqueol\u00f3gico \u00a0o \u00edndices de yacimientos arqueol\u00f3gicos de diversos especialistas a trav\u00e9s de la red.<\/p>\n<p>Como hemos dicho anteriormente, gran parte de la informaci\u00f3n consultada procede de diferentes p\u00e1ginas webs, aunque tambi\u00e9n hemos utilizado informaci\u00f3n de investigaci\u00f3n propia acudiendo de forma presencial a algunos de los yacimientos comentados (La Illeta dels Banyets, el Castillo de Santa B\u00e1rbara etc&#8230;).<\/p>\n","protected":false},"excerpt":{"rendered":"<p>A la hora de realizar cada una de las entradas del blog hemos consultado detalladamente numerosos textos y p\u00e1ginas web que hemos le\u00eddo detenidamente para luego realizar una redacci\u00f3n en la cual se incluyese lo que se considera la informaci\u00f3n &hellip; <a href=\"https:\/\/blogs.ua.es\/conjuntosarqueologicosalicante\/metodologia\/\">Continue reading <span class=\"meta-nav\">&rarr;<\/span><\/a><\/p>\n","protected":false},"author":2351,"featured_media":0,"parent":0,"menu_order":0,"comment_status":"open","ping_status":"open","template":"","meta":{"footnotes":""},"class_list":["post-81","page","type-page","status-publish","hentry"],"_links":{"self":[{"href":"https:\/\/blogs.ua.es\/conjuntosarqueologicosalicante\/wp-json\/wp\/v2\/pages\/81","targetHints":{"allow":["GET"]}}],"collection":[{"href":"https:\/\/blogs.ua.es\/conjuntosarqueologicosalicante\/wp-json\/wp\/v2\/pages"}],"about":[{"href":"https:\/\/blogs.ua.es\/conjuntosarqueologicosalicante\/wp-json\/wp\/v2\/types\/page"}],"author":[{"embeddable":true,"href":"https:\/\/blogs.ua.es\/conjuntosarqueologicosalicante\/wp-json\/wp\/v2\/users\/2351"}],"replies":[{"embeddable":true,"href":"https:\/\/blogs.ua.es\/conjuntosarqueologicosalicante\/wp-json\/wp\/v2\/comments?post=81"}],"version-history":[{"count":6,"href":"https:\/\/blogs.ua.es\/conjuntosarqueologicosalicante\/wp-json\/wp\/v2\/pages\/81\/revisions"}],"predecessor-version":[{"id":269,"href":"https:\/\/blogs.ua.es\/conjuntosarqueologicosalicante\/wp-json\/wp\/v2\/pages\/81\/revisions\/269"}],"wp:attachment":[{"href":"https:\/\/blogs.ua.es\/conjuntosarqueologicosalicante\/wp-json\/wp\/v2\/media?parent=81"}],"curies":[{"name":"wp","href":"https:\/\/api.w.org\/{rel}","templated":true}]}}