{"id":87,"date":"2011-12-30T12:09:49","date_gmt":"2011-12-30T12:09:49","guid":{"rendered":"https:\/\/blogs.ua.es\/conjuntosarqueologicosalicante\/?page_id=87"},"modified":"2012-03-04T18:57:55","modified_gmt":"2012-03-04T18:57:55","slug":"valoracion-de-fuentes","status":"publish","type":"page","link":"https:\/\/blogs.ua.es\/conjuntosarqueologicosalicante\/valoracion-de-fuentes\/","title":{"rendered":"Valoraci\u00f3n de fuentes"},"content":{"rendered":"<p>Respecto a la cantidad de informaci\u00f3n que podemos encontrar y la fiabilidad de las mismas, podemos comentar, en primer lugar, la segunda cuesti\u00f3n. La informaci\u00f3n analizada procede, en primer lugar, de la Web oficial de uno de los m\u00e1s importantes museos arqueol\u00f3gicos de Espa\u00f1a, y en segundo lugar, de repositorios institucionales, buscadores espec\u00edficos, directores y de una p\u00e1gina como la Wikipedia, que si bien puede sufrir algunas modificaciones que alteren la objetividad de los contenidos, estos han sido comprobados antes de la realizaci\u00f3n de las entradas y se puede verificar su veracidad. Respecto a la informaci\u00f3n obtenida de forma presencial, procede de gu\u00edas docentes, es decir, personal cualificado y cuya voz est\u00e1 m\u00e1s que autorizada.<\/p>\n<p>Respecto a la cantidad de informaci\u00f3n disponible, podemos indicar que el vol\u00famen de informaci\u00f3n encontrada acerca de diversos yacimientos va en directa relaci\u00f3n al per\u00edodo hist\u00f3rico al que pertenecen, siendo as\u00ed m\u00e1s abundantes los yacimientos de or\u00edgen \u00edbero, romano o musulm\u00e1n y mucho menos frecuentes los adscritos a la Edad Media, Edad Moderna o a la llamada arqueolog\u00eda industrial.<\/p>\n","protected":false},"excerpt":{"rendered":"<p>Respecto a la cantidad de informaci\u00f3n que podemos encontrar y la fiabilidad de las mismas, podemos comentar, en primer lugar, la segunda cuesti\u00f3n. La informaci\u00f3n analizada procede, en primer lugar, de la Web oficial de uno de los m\u00e1s importantes &hellip; <a href=\"https:\/\/blogs.ua.es\/conjuntosarqueologicosalicante\/valoracion-de-fuentes\/\">Continue reading <span class=\"meta-nav\">&rarr;<\/span><\/a><\/p>\n","protected":false},"author":2351,"featured_media":0,"parent":0,"menu_order":0,"comment_status":"open","ping_status":"open","template":"","meta":{"footnotes":""},"class_list":["post-87","page","type-page","status-publish","hentry"],"_links":{"self":[{"href":"https:\/\/blogs.ua.es\/conjuntosarqueologicosalicante\/wp-json\/wp\/v2\/pages\/87","targetHints":{"allow":["GET"]}}],"collection":[{"href":"https:\/\/blogs.ua.es\/conjuntosarqueologicosalicante\/wp-json\/wp\/v2\/pages"}],"about":[{"href":"https:\/\/blogs.ua.es\/conjuntosarqueologicosalicante\/wp-json\/wp\/v2\/types\/page"}],"author":[{"embeddable":true,"href":"https:\/\/blogs.ua.es\/conjuntosarqueologicosalicante\/wp-json\/wp\/v2\/users\/2351"}],"replies":[{"embeddable":true,"href":"https:\/\/blogs.ua.es\/conjuntosarqueologicosalicante\/wp-json\/wp\/v2\/comments?post=87"}],"version-history":[{"count":6,"href":"https:\/\/blogs.ua.es\/conjuntosarqueologicosalicante\/wp-json\/wp\/v2\/pages\/87\/revisions"}],"predecessor-version":[{"id":272,"href":"https:\/\/blogs.ua.es\/conjuntosarqueologicosalicante\/wp-json\/wp\/v2\/pages\/87\/revisions\/272"}],"wp:attachment":[{"href":"https:\/\/blogs.ua.es\/conjuntosarqueologicosalicante\/wp-json\/wp\/v2\/media?parent=87"}],"curies":[{"name":"wp","href":"https:\/\/api.w.org\/{rel}","templated":true}]}}