{"id":15,"date":"2010-09-28T13:46:42","date_gmt":"2010-09-28T13:46:42","guid":{"rendered":"https:\/\/blogs.ua.es\/contrarreforma\/?page_id=15"},"modified":"2011-01-24T22:42:06","modified_gmt":"2011-01-24T20:42:06","slug":"presentacion","status":"publish","type":"page","link":"https:\/\/blogs.ua.es\/contrarreforma\/presentacion\/","title":{"rendered":"Presentaci\u00f3n"},"content":{"rendered":"<p style=\"text-align: justify\">Este es un blog creado por Natalia en la asignatura <a href=\"https:\/\/blogs.ua.es\/historiamoderna\/\" target=\"_blank\">Historia Moderna de Espa\u00f1a<\/a> de la <a href=\"http:\/\/cv1.cpd.ua.es\/consplanesestudio\/cvAsignaturas.asp?wCodEst=28&amp;Lengua=C&amp;scaca=2010-11\" target=\"_blank\">Licenciatura en Humanidades<\/a>. Se trata de un blog sobre la Contrarreforma, uno de los hitos en la historia de la Iglesia cat\u00f3lica, contextualizado en la horquilla de tiempo de que versa la asignatura.<\/p>\n<p style=\"text-align: justify\">Para acotar un tema tan complejo y debido al protagonismo que Espa\u00f1a desempe\u00f1\u00f3 en tal acontecimiento, nos centraremos en se\u00f1alar la labor espa\u00f1ola. As\u00ed, expondremos de forma clara los hechos fundamentales que caracterizaron el papel de Espa\u00f1a en la Contrarreforma.<\/p>\n<p style=\"text-align: justify\">Esperamos sea un agradable paseo hist\u00f3rico por una reforma (&#8220;reforma&#8221; de la &#8220;reforma&#8221;) eclesial que, dado que afect\u00f3 a los distintos \u00e1mbitos de la vida (la religi\u00f3n estaba muy presente a todos los niveles), es interesante conocer a la hora de abordar la Historia Moderna en Espa\u00f1a. Les invito a ello.<\/p>\n","protected":false},"excerpt":{"rendered":"<p>Este es un blog creado por Natalia en la asignatura Historia Moderna de Espa\u00f1a de la Licenciatura en Humanidades. Se trata de un blog sobre la Contrarreforma, uno de los hitos en la historia de la Iglesia cat\u00f3lica, contextualizado en la horquilla de tiempo de que versa la asignatura. Para acotar un tema tan complejo [&hellip;]<\/p>\n","protected":false},"author":1780,"featured_media":0,"parent":0,"menu_order":0,"comment_status":"open","ping_status":"open","template":"","meta":{"footnotes":""},"class_list":["post-15","page","type-page","status-publish","hentry"],"_links":{"self":[{"href":"https:\/\/blogs.ua.es\/contrarreforma\/wp-json\/wp\/v2\/pages\/15","targetHints":{"allow":["GET"]}}],"collection":[{"href":"https:\/\/blogs.ua.es\/contrarreforma\/wp-json\/wp\/v2\/pages"}],"about":[{"href":"https:\/\/blogs.ua.es\/contrarreforma\/wp-json\/wp\/v2\/types\/page"}],"author":[{"embeddable":true,"href":"https:\/\/blogs.ua.es\/contrarreforma\/wp-json\/wp\/v2\/users\/1780"}],"replies":[{"embeddable":true,"href":"https:\/\/blogs.ua.es\/contrarreforma\/wp-json\/wp\/v2\/comments?post=15"}],"version-history":[{"count":13,"href":"https:\/\/blogs.ua.es\/contrarreforma\/wp-json\/wp\/v2\/pages\/15\/revisions"}],"predecessor-version":[{"id":17,"href":"https:\/\/blogs.ua.es\/contrarreforma\/wp-json\/wp\/v2\/pages\/15\/revisions\/17"}],"wp:attachment":[{"href":"https:\/\/blogs.ua.es\/contrarreforma\/wp-json\/wp\/v2\/media?parent=15"}],"curies":[{"name":"wp","href":"https:\/\/api.w.org\/{rel}","templated":true}]}}