{"id":25,"date":"2010-10-05T15:29:30","date_gmt":"2010-10-05T13:29:30","guid":{"rendered":"https:\/\/blogs.ua.es\/contrarreforma\/conceptualizacion\/"},"modified":"2011-01-10T14:58:53","modified_gmt":"2011-01-10T12:58:53","slug":"conceptualizacion","status":"publish","type":"page","link":"https:\/\/blogs.ua.es\/contrarreforma\/conceptualizacion\/","title":{"rendered":"Conceptualizaci\u00f3n"},"content":{"rendered":"<p style=\"text-align: justify\">Es necesario ser conscientes de que, a pesar de que las conceptualizaciones son necesarias para ordenar el saber, un t\u00e9rmino, como puede ser <em>Contrarreforma<\/em>, no puede dar cuenta de la complejidad de cuanto refiere -de hecho, no lo entenderemos \u00fanicamente como la respuesta de la Iglesia cat\u00f3lica a la Reforma protestante-. De ah\u00ed que, en un intento de dotarlo de mayor profundidad, encontremos a veces referencias al &#8220;<span style=\"color: #000000\"><strong>esp\u00edritu de la Contrarreforma<\/strong><\/span>&#8220;. \u00c9ste, entendido al modo hegeliano, vendr\u00eda a ser el car\u00e1cter subyacente a una coyuntura concreta y expresado en distintas manifestaciones humanas. Teniendo esto presente, intentaremos aproximarnos a los distintos rasgos que caracterizaron el <em>esp\u00edritu <\/em>de este acontecimiento.<\/p>\n<p style=\"text-align: justify\">A modo de aclaraci\u00f3n, y siguiendo con la imprecisi\u00f3n terminol\u00f3gica, cabe pararnos ante las dos maneras de llamar al hecho que nos ocupa: <span style=\"color: #000000\"><strong><em>Contrarreforma <\/em><\/strong><\/span>y <span style=\"color: #000000\"><em><strong>Reforma cat\u00f3lica<\/strong><\/em><\/span>. La primera se opone, formalmente, a la Reforma (protestante), m\u00e1s ello no implica una oposici\u00f3n al Renacimento y al pensamiento humanista en que el protestantismo surgi\u00f3 -de hecho, buena parte de los nuevos valores modernos se hicieron presentes en el <em>esp\u00edritu<\/em> de la Contrarreforma, como es la promoci\u00f3n de la libertad humana-. La segunda denominaci\u00f3n sugiere, por su parte, una v\u00eda alternativa al curso del catolicismo sin connotaciones hostiles como puede transmitir el primer caso.<\/p>\n<p style=\"text-align: justify\">No obstante, aunque a nivel sem\u00e1ntico puedan extraerse diferentes matices, se aceptan ambos t\u00e9rminos como sendas formas diferentes de denominar a un mismo acontecimiento. As\u00ed, nosotros las utilizaremos indistintamente, siendo el t\u00e9rmino <em>Contrarreforma <\/em>el que encabece nuestro blog por haberlo considerado m\u00e1s extendido y proporcionar, as\u00ed, mayor facilidad para su identificaci\u00f3n.<\/p>\n","protected":false},"excerpt":{"rendered":"<p>Es necesario ser conscientes de que, a pesar de que las conceptualizaciones son necesarias para ordenar el saber, un t\u00e9rmino, como puede ser Contrarreforma, no puede dar cuenta de la complejidad de cuanto refiere -de hecho, no lo entenderemos \u00fanicamente como la respuesta de la Iglesia cat\u00f3lica a la Reforma protestante-. De ah\u00ed que, en [&hellip;]<\/p>\n","protected":false},"author":1780,"featured_media":0,"parent":0,"menu_order":0,"comment_status":"open","ping_status":"open","template":"","meta":{"footnotes":""},"class_list":["post-25","page","type-page","status-publish","hentry"],"_links":{"self":[{"href":"https:\/\/blogs.ua.es\/contrarreforma\/wp-json\/wp\/v2\/pages\/25","targetHints":{"allow":["GET"]}}],"collection":[{"href":"https:\/\/blogs.ua.es\/contrarreforma\/wp-json\/wp\/v2\/pages"}],"about":[{"href":"https:\/\/blogs.ua.es\/contrarreforma\/wp-json\/wp\/v2\/types\/page"}],"author":[{"embeddable":true,"href":"https:\/\/blogs.ua.es\/contrarreforma\/wp-json\/wp\/v2\/users\/1780"}],"replies":[{"embeddable":true,"href":"https:\/\/blogs.ua.es\/contrarreforma\/wp-json\/wp\/v2\/comments?post=25"}],"version-history":[{"count":8,"href":"https:\/\/blogs.ua.es\/contrarreforma\/wp-json\/wp\/v2\/pages\/25\/revisions"}],"predecessor-version":[{"id":41,"href":"https:\/\/blogs.ua.es\/contrarreforma\/wp-json\/wp\/v2\/pages\/25\/revisions\/41"}],"wp:attachment":[{"href":"https:\/\/blogs.ua.es\/contrarreforma\/wp-json\/wp\/v2\/media?parent=25"}],"curies":[{"name":"wp","href":"https:\/\/api.w.org\/{rel}","templated":true}]}}