{"id":525,"date":"2011-01-26T22:31:02","date_gmt":"2011-01-26T20:31:02","guid":{"rendered":"https:\/\/blogs.ua.es\/contrarreforma\/"},"modified":"2011-01-26T23:05:27","modified_gmt":"2011-01-26T21:05:27","slug":"recursos-utilizados-2","status":"publish","type":"page","link":"https:\/\/blogs.ua.es\/contrarreforma\/recursos-utilizados-2\/","title":{"rendered":"Recursos utilizados"},"content":{"rendered":"<ul>\n<li><strong>Bibliogr\u00e1ficos<\/strong><\/li>\n<\/ul>\n<p>J. L. Abell\u00e1n, <em>Historia cr\u00edtica del pensamiento espa\u00f1ol<\/em>, vol. II, Espasa-Calpe, Madrid, 1979.<\/p>\n<p>J. L. Abell\u00e1n, <em>Historia cr\u00edtica del pensamiento espa\u00f1ol<\/em>, vol. III, Espasa-Calpe, Madrid, 1981.<\/p>\n<p>C. Ca\u00f1edo-Arg\u00fcelles, <em>Arte y teor\u00eda: la contrarreforma y Espa\u00f1a<\/em>, Arte-Musicolog\u00eda, Servicio de Publicaciones, Universidad de Oviedo, 1982.<\/p>\n<p>J. Lynch, <em>La Espa\u00f1a<\/em><em> de Felipe II<\/em>, traducci\u00f3n de Juan Faci, Grijalbo-Mondadori, Barcelona, 1997.<\/p>\n<p>N. Maquiavelo, <em>El Pr\u00edncipe<\/em> (Comentado por Napole\u00f3n Bonaparte), Colecci\u00f3n Austral, Madrid, 1998.<\/p>\n<p>A. Molina Meli\u00e1, <em>Iglesia y Estado en el Siglo de Oro espa\u00f1ol: El pensamiento de Francisco Su\u00e1rez<\/em>, Universidad de Valencia, 1977.<\/p>\n<p>S. Sebasti\u00e1n, <em>Contrarreforma y barroco: lecturas iconogr\u00e1ficas e iconol\u00f3gicas<\/em>, Alianza Editorial, Madrid, 1985.<\/p>\n<ul>\n<li><strong>P\u00e1ginas web<\/strong><\/li>\n<\/ul>\n<p><a title=\"https:\/\/blogs.ua.es\/historiamoderna\/\" href=\"..\/..\/historiamoderna\/\" target=\"_blank\">https:\/\/blogs.ua.es\/historiamoderna\/<\/a><\/p>\n<p><a title=\"https:\/\/blogs.ua.es\/ideaspoliticas\/\" href=\"..\/..\/ideaspoliticas\/\" target=\"_blank\">https:\/\/blogs.ua.es\/ideaspoliticas\/<\/a><\/p>\n<p><a title=\"http:\/\/www.cervantesvirtual.com\/bib_tematica\/jesuitas\/\" href=\"http:\/\/www.cervantesvirtual.com\/bib_tematica\/jesuitas\/\" target=\"_blank\">http:\/\/www.cervantesvirtual.com\/bib_tema\u2026<\/a><\/p>\n<p><a title=\"http:\/\/bib.cervantesvirtual.com\/bib_autor\/santateresa\/\" href=\"http:\/\/bib.cervantesvirtual.com\/bib_autor\/santateresa\/\" target=\"_blank\">http:\/\/bib.cervantesvirtual.com\/bib_auto\u2026<\/a><\/p>\n<p><a title=\"http:\/\/bib.cervantesvirtual.com\/bib_autor\/sjuandelacruz\/\" href=\"http:\/\/bib.cervantesvirtual.com\/bib_autor\/sjuandelacruz\/\" target=\"_blank\">http:\/\/bib.cervantesvirtual.com\/bib_auto\u2026<\/a><\/p>\n<p style=\"text-align: justify\"><a title=\"http:\/\/es.wikipedia.org\/wiki\/Wikipedia:Portada\" href=\"http:\/\/es.wikipedia.org\/wiki\/Wikipedia:Portada\" target=\"_blank\">http:\/\/es.wikipedia.org\/wiki\/Wikipedia:P\u2026<\/a><\/p>\n","protected":false},"excerpt":{"rendered":"<p>Bibliogr\u00e1ficos J. L. Abell\u00e1n, Historia cr\u00edtica del pensamiento espa\u00f1ol, vol. II, Espasa-Calpe, Madrid, 1979. J. L. Abell\u00e1n, Historia cr\u00edtica del pensamiento espa\u00f1ol, vol. III, Espasa-Calpe, Madrid, 1981. C. Ca\u00f1edo-Arg\u00fcelles, Arte y teor\u00eda: la contrarreforma y Espa\u00f1a, Arte-Musicolog\u00eda, Servicio de Publicaciones, Universidad de Oviedo, 1982. J. Lynch, La Espa\u00f1a de Felipe II, traducci\u00f3n de Juan Faci, [&hellip;]<\/p>\n","protected":false},"author":1780,"featured_media":0,"parent":0,"menu_order":0,"comment_status":"open","ping_status":"open","template":"","meta":{"footnotes":""},"class_list":["post-525","page","type-page","status-publish","hentry"],"_links":{"self":[{"href":"https:\/\/blogs.ua.es\/contrarreforma\/wp-json\/wp\/v2\/pages\/525","targetHints":{"allow":["GET"]}}],"collection":[{"href":"https:\/\/blogs.ua.es\/contrarreforma\/wp-json\/wp\/v2\/pages"}],"about":[{"href":"https:\/\/blogs.ua.es\/contrarreforma\/wp-json\/wp\/v2\/types\/page"}],"author":[{"embeddable":true,"href":"https:\/\/blogs.ua.es\/contrarreforma\/wp-json\/wp\/v2\/users\/1780"}],"replies":[{"embeddable":true,"href":"https:\/\/blogs.ua.es\/contrarreforma\/wp-json\/wp\/v2\/comments?post=525"}],"version-history":[{"count":4,"href":"https:\/\/blogs.ua.es\/contrarreforma\/wp-json\/wp\/v2\/pages\/525\/revisions"}],"predecessor-version":[{"id":527,"href":"https:\/\/blogs.ua.es\/contrarreforma\/wp-json\/wp\/v2\/pages\/525\/revisions\/527"}],"wp:attachment":[{"href":"https:\/\/blogs.ua.es\/contrarreforma\/wp-json\/wp\/v2\/media?parent=525"}],"curies":[{"name":"wp","href":"https:\/\/api.w.org\/{rel}","templated":true}]}}