{"id":102,"date":"2009-10-16T14:34:47","date_gmt":"2009-10-16T12:34:47","guid":{"rendered":"https:\/\/blogs.ua.es\/copla\/?page_id=102"},"modified":"2009-11-10T15:57:09","modified_gmt":"2009-11-10T13:57:09","slug":"formacion","status":"publish","type":"page","link":"https:\/\/blogs.ua.es\/copla\/difusion\/formacion\/","title":{"rendered":"Formaci\u00f3n"},"content":{"rendered":"<p><span style=\"color: #003366\"><strong>Responsable<\/strong><br \/>\nFrancisco Fern\u00e1ndez Carrasco<\/span><\/p>\n<p><span style=\"color: #003366\"><strong>Descripci\u00f3n<\/strong><br \/>\nPara conseguir la integraci\u00f3n del Software Libre en los procesos de ense\u00f1anza-aprendizaje de la Universidad de Alicante, adem\u00e1s de su conocimiento y aceptaci\u00f3n por parte del profesorado y alumnado, es necesaria la realizaci\u00f3n de acciones formativas acerca de su utilizaci\u00f3n.<\/span><\/p>\n<p><span style=\"color: #003366\"><strong>Acciones<\/strong><\/span><\/p>\n<ul>\n<li><span style=\"color: #003366\">Detecci\u00f3n de necesidades formativas del profesorado \/ alumnado de la UA, relacionadas con software libre.<\/span><\/li>\n<li><span style=\"color: #003366\">Acciones formativas derivadas de las necesidades detectadas.<\/span><\/li>\n<li><span style=\"color: #003366\">Empaquetamiento de los contenidos de las acciones formativas anteriores en SCORM e IMS CP para ponerlos disponibles en la web.<\/span><\/li>\n<li><span style=\"color: #003366\">Elaboraci\u00f3n de un listado de tutoriales, manuales, acciones formativas en abierto,&#8230; relacionado con las aplicaciones que se difundan en la web de COPLA.<\/span><\/li>\n<\/ul>\n","protected":false},"excerpt":{"rendered":"<p>Responsable Francisco Fern\u00e1ndez Carrasco Descripci\u00f3n Para conseguir la integraci\u00f3n del Software Libre en los procesos de ense\u00f1anza-aprendizaje de la Universidad de Alicante, adem\u00e1s de su conocimiento y aceptaci\u00f3n por parte del profesorado y alumnado, es necesaria la realizaci\u00f3n de acciones formativas acerca de su utilizaci\u00f3n. Acciones Detecci\u00f3n de necesidades formativas del profesorado \/ alumnado de [&hellip;]<\/p>\n","protected":false},"author":1465,"featured_media":0,"parent":85,"menu_order":2,"comment_status":"closed","ping_status":"closed","template":"","meta":{"footnotes":""},"class_list":["post-102","page","type-page","status-publish","hentry"],"_links":{"self":[{"href":"https:\/\/blogs.ua.es\/copla\/wp-json\/wp\/v2\/pages\/102","targetHints":{"allow":["GET"]}}],"collection":[{"href":"https:\/\/blogs.ua.es\/copla\/wp-json\/wp\/v2\/pages"}],"about":[{"href":"https:\/\/blogs.ua.es\/copla\/wp-json\/wp\/v2\/types\/page"}],"author":[{"embeddable":true,"href":"https:\/\/blogs.ua.es\/copla\/wp-json\/wp\/v2\/users\/1465"}],"replies":[{"embeddable":true,"href":"https:\/\/blogs.ua.es\/copla\/wp-json\/wp\/v2\/comments?post=102"}],"version-history":[{"count":6,"href":"https:\/\/blogs.ua.es\/copla\/wp-json\/wp\/v2\/pages\/102\/revisions"}],"predecessor-version":[{"id":303,"href":"https:\/\/blogs.ua.es\/copla\/wp-json\/wp\/v2\/pages\/102\/revisions\/303"}],"up":[{"embeddable":true,"href":"https:\/\/blogs.ua.es\/copla\/wp-json\/wp\/v2\/pages\/85"}],"wp:attachment":[{"href":"https:\/\/blogs.ua.es\/copla\/wp-json\/wp\/v2\/media?parent=102"}],"curies":[{"name":"wp","href":"https:\/\/api.w.org\/{rel}","templated":true}]}}