{"id":245,"date":"2009-11-10T14:58:22","date_gmt":"2009-11-10T12:58:22","guid":{"rendered":"https:\/\/blogs.ua.es\/copla\/?page_id=245"},"modified":"2009-11-12T19:35:26","modified_gmt":"2009-11-12T17:35:26","slug":"245","status":"publish","type":"page","link":"https:\/\/blogs.ua.es\/copla\/245\/","title":{"rendered":"Eixos Estrat\u00e9gics"},"content":{"rendered":"<p><span style=\"color: #003366\">Per a aconseguir els objectius, el projecte COPLA dividix les seues tasques en distints eixos estrat\u00e8gics. Cada un d&#8217;ells s&#8217;especialitza en unes tasques concretes que unides formen el projecte COPLA en si.<br \/>\n<\/span><br \/>\n<img loading=\"lazy\" decoding=\"async\" class=\"aligncenter size-medium wp-image-244\" src=\"https:\/\/blogs.ua.es\/copla\/files\/2009\/11\/puzzle_ejes_va-300x201.PNG\" alt=\"puzzle_ejes_va\" width=\"300\" height=\"201\" srcset=\"https:\/\/blogs.ua.es\/copla\/files\/2009\/11\/puzzle_ejes_va-300x201.PNG 300w, https:\/\/blogs.ua.es\/copla\/files\/2009\/11\/puzzle_ejes_va.PNG 320w\" sizes=\"auto, (max-width: 300px) 100vw, 300px\" \/><\/p>\n<p><span style=\"color: #003366\"><br \/>\n<strong>Eixos Principals<\/strong><\/span><\/p>\n<ul>\n<li><span style=\"color: #003366\"><a href=\"https:\/\/blogs.ua.es\/copla\/coneixement-obert\/\"><strong>Coneixement Obert<\/strong><\/a><\/span><span style=\"color: #003366\">Aquest eix, seguint els principis de la Declaraci\u00f3 de Berl\u00edn, s&#8217;encarrega de fomentar la recopilaci\u00f3, gesti\u00f3 i difusi\u00f3 dels coneixements en obert creats o depositats en la Universitat d&#8217;Alacant, tant en doc\u00e8ncia com en investigaci\u00f3. Per a aix\u00f2 comptar\u00e0 amb les ferramentes tecnol\u00f2giques i els servicis adequats que permeten posar a disposici\u00f3 tant de la comunitat universit\u00e0ria com del p\u00fablic en general les aportacions generades pels membres de la nostra Universitat. <\/span><\/li>\n<li><span style=\"color: #003366\"><a href=\"https:\/\/blogs.ua.es\/copla\/continguts-oberts\/\"><strong>Continguts Oberts<\/strong><\/a><\/span><span style=\"color: #003366\">Aquest eix s&#8217;encarrega dels materials, documents i recursos educatius que es posen a disposici\u00f3 de la comunitat educativa de forma lliure. Tamb\u00e9 s&#8217;encarrega de les solucions tecnol\u00f2giques que fan possible esta filosofia.<\/span><span style=\"color: #003366\">Subeixos<\/span>\n<ul>\n<li><span style=\"color: #003366\"><a href=\"https:\/\/blogs.ua.es\/copla\/continguts-oberts\/ocwa-ua\/\">OCWA-UA<\/a><\/span><\/li>\n<li><span style=\"color: #003366\"><a href=\"https:\/\/blogs.ua.es\/copla\/continguts-oberts\/moodle\/\">MOODLE<\/a><\/span><\/li>\n<li><span style=\"color: #003366\"><a href=\"https:\/\/blogs.ua.es\/copla\/continguts-oberts\/blogsua\/\">BlogsUA<\/a><\/span><\/li>\n<\/ul>\n<\/li>\n<li><span style=\"color: #003366\"><a href=\"https:\/\/blogs.ua.es\/copla\/formats-oberts\/\"><strong>Formats Oberts<\/strong><\/a><\/span><\/li>\n<li><span style=\"color: #003366\"><a href=\"https:\/\/blogs.ua.es\/copla\/programari-lliure\/\"><strong>Programari Lliure<\/strong><\/a><\/span><span style=\"color: #003366\">Aquest eix s&#8217;ocupa de fomentar l&#8217;\u00fas de programari lliure en la comunitat universit\u00e0ria. Per a aix\u00f2 es doten als equips inform\u00e0tics d&#8217;este tipus de programari, es proposen m\u00e8todes per a incentivar l&#8217;\u00fas de programari lliure en la doc\u00e8ncia i es busquen aplicacions de programari lliure equivalents a algun programari propietari existent.<\/span><span style=\"color: #003366\">Subeixos<\/span>\n<ul>\n<li><span style=\"color: #003366\"><a href=\"https:\/\/blogs.ua.es\/copla\/programari-lliure\/gestio-i-admin\u2026ps-informatics\/\">Gesti\u00f3n y Administraci\u00f3n de Equipos Inform\u00e1ticos<\/span><\/a><\/li>\n<li><span style=\"color: #003366\"><a href=\"https:\/\/blogs.ua.es\/copla\/programari-lliure\/xarxes-tematiq\u2026en-la-docencia\/\">Redes Tem\u00e1ticas de Incentivo al uso del Software Libre en la Docencia<\/a><\/span><\/li>\n<li><span style=\"color: #003366\"><a href=\"https:\/\/blogs.ua.es\/copla\/programari-lliure\/aplicacions-de\u2026gramari-lliure\/\">Aplicaciones del Software Libre<\/a><\/span><\/li>\n<\/ul>\n<\/li>\n<li><span style=\"color: #003366\"><a href=\"https:\/\/blogs.ua.es\/copla\/observatori\/\"><strong>Observatori<\/strong><\/a> <\/span><span style=\"color: #003366\">Analitzar els resultats d&#8217;altres projectes de Programari Lliure i\/o Coneixement Obert en diferents \u00e0mbits i proposar tecnologies o iniciatives que pogueren ser beneficioses per al projecte COPLA i atendre possibles dubtes sobre Programari Lliure a altres branques del COPLA o usuaris.<\/span><\/li>\n<li><span style=\"color: #003366\"><a href=\"https:\/\/blogs.ua.es\/copla\/difusio\/\"><strong>Difusi\u00f3<\/strong><\/a> <\/span><span style=\"color: #003366\">Per a portar la filosofia del Coneixement Obert i el Programari lliure a tota la comunitat universit\u00e0ria s&#8217;han plantejat diversos modes de difondre este missatge. Tota la informaci\u00f3 rellevant es publica en la Web i a m\u00e9s cada any se celebren les Jornades COPLA en qu\u00e8 es tracta de mostrar tant el que es fa dins de la universitat com fora sobre el Coneixement Obert i el Programari Lliure. A m\u00e9s s&#8217;aposta per la formaci\u00f3 de la comunitat universit\u00e0ria en estos temes per mitj\u00e0 de cursets i seminaris.<\/span><span style=\"color: #003366\">Subeixos<\/span>\n<ul>\n<li><span style=\"color: #003366\"><a href=\"https:\/\/blogs.ua.es\/copla\/difusio\/web\/\">Web<\/a><\/span><\/li>\n<li><a href=\"https:\/\/blogs.ua.es\/copla\/difusio\/jornades\/\"><span style=\"color: #003366\">Jornadas<\/span><\/a><\/li>\n<li><span style=\"color: #003366\"><a href=\"https:\/\/blogs.ua.es\/copla\/difusio\/formacio\/\">Formaci\u00f3n<\/a><\/span><\/li>\n<\/ul>\n<\/li>\n<\/ul>\n","protected":false},"excerpt":{"rendered":"<p>Per a aconseguir els objectius, el projecte COPLA dividix les seues tasques en distints eixos estrat\u00e8gics. Cada un d&#8217;ells s&#8217;especialitza en unes tasques concretes que unides formen el projecte COPLA en si. Eixos Principals Coneixement ObertAquest eix, seguint els principis de la Declaraci\u00f3 de Berl\u00edn, s&#8217;encarrega de fomentar la recopilaci\u00f3, gesti\u00f3 i difusi\u00f3 dels coneixements [&hellip;]<\/p>\n","protected":false},"author":1465,"featured_media":0,"parent":0,"menu_order":0,"comment_status":"closed","ping_status":"closed","template":"","meta":{"footnotes":""},"class_list":["post-245","page","type-page","status-publish","hentry"],"_links":{"self":[{"href":"https:\/\/blogs.ua.es\/copla\/wp-json\/wp\/v2\/pages\/245","targetHints":{"allow":["GET"]}}],"collection":[{"href":"https:\/\/blogs.ua.es\/copla\/wp-json\/wp\/v2\/pages"}],"about":[{"href":"https:\/\/blogs.ua.es\/copla\/wp-json\/wp\/v2\/types\/page"}],"author":[{"embeddable":true,"href":"https:\/\/blogs.ua.es\/copla\/wp-json\/wp\/v2\/users\/1465"}],"replies":[{"embeddable":true,"href":"https:\/\/blogs.ua.es\/copla\/wp-json\/wp\/v2\/comments?post=245"}],"version-history":[{"count":4,"href":"https:\/\/blogs.ua.es\/copla\/wp-json\/wp\/v2\/pages\/245\/revisions"}],"predecessor-version":[{"id":247,"href":"https:\/\/blogs.ua.es\/copla\/wp-json\/wp\/v2\/pages\/245\/revisions\/247"}],"wp:attachment":[{"href":"https:\/\/blogs.ua.es\/copla\/wp-json\/wp\/v2\/media?parent=245"}],"curies":[{"name":"wp","href":"https:\/\/api.w.org\/{rel}","templated":true}]}}