{"id":251,"date":"2009-11-10T15:10:40","date_gmt":"2009-11-10T13:10:40","guid":{"rendered":"https:\/\/blogs.ua.es\/copla\/?page_id=251"},"modified":"2009-11-10T19:53:24","modified_gmt":"2009-11-10T17:53:24","slug":"continguts-oberts","status":"publish","type":"page","link":"https:\/\/blogs.ua.es\/copla\/continguts-oberts\/","title":{"rendered":"Continguts Oberts"},"content":{"rendered":"<p><span style=\"color: #003366\"><strong>Descripci\u00f3:<\/strong><br \/>\nAquest eix s&#8217;encarrega dels materials, documents i recursos educatius que es posen a disposici\u00f3 de la comunitat educativa de forma lliure. Tamb\u00e9 s&#8217;encarrega de les solucions tecnol\u00f2giques que fan possible esta filosofia.<\/span><\/p>\n<p><span style=\"color: #003366\"><strong>Subeixos:<\/strong><\/span><\/p>\n<ul>\n<li><span style=\"color: #003366\"><a href=\"https:\/\/blogs.ua.es\/copla\/continguts-oberts\/ocwa-ua\/\"><strong>OCWA-UA<\/strong><\/a><br \/>\nEl projecte OCW-UA (OpenCourseWare de la Universitat d&#8217;Alacant) consistix en la publicaci\u00f3 a trav\u00e9s d&#8217;internet, en obert i sense restriccions de cap tipus per a la seua consulta, de les propostes docents dels professors de la Universitat incloent els materials i recursos did\u00e0ctics que estos utilitzen en les seues aules.<br \/>\nEl projecte OCW-UA NO \u00e9s un sistema d&#8217;e-Learning ni \u00e9s possible rebre cap certificaci\u00f3 acad\u00e8mica per la seua consulta.<br \/>\nEl projecte OCW-UA s&#8217;inscriu dins del OpenCourseware Consortium format per m\u00e9s de 100 universitats de tot el m\u00f3n que han decidit sumar-se a esta iniciativa de presentaci\u00f3 p\u00fablica de recursos i materials educatius.<\/p>\n<p><\/span><\/li>\n<li><span style=\"color: #003366\"><a href=\"https:\/\/blogs.ua.es\/copla\/continguts-oberts\/moodle\/\"><strong>MOODLE<\/strong><\/a><br \/>\nMoodle \u00e9s una plataforma de Campus Virtual davall la filosofia de Programari Lliure que la Universitat d&#8217;Alacant ha decidit utilitzar com a extensi\u00f3 del seu propi Campus Virtual per a permetre que els professors desenvolupen tasques educatives m\u00e9s complexes amb els seus alumnes.<\/p>\n<p><\/span><\/li>\n<li><span style=\"color: #003366\"><a href=\"https:\/\/blogs.ua.es\/copla\/continguts-oberts\/blogsua\/\"><strong>BlogsUA<\/strong><\/a><br \/>\nPosada en marxa d&#8217;una plataforma de publicaci\u00f3 de blogs per a la comunitat universit\u00e0ria. Foment de Programari utilitzat: WordPress multiusuari instal\u00b7lat sobre GNU\/Linux. <\/span><\/li>\n<\/ul>\n","protected":false},"excerpt":{"rendered":"<p>Descripci\u00f3: Aquest eix s&#8217;encarrega dels materials, documents i recursos educatius que es posen a disposici\u00f3 de la comunitat educativa de forma lliure. Tamb\u00e9 s&#8217;encarrega de les solucions tecnol\u00f2giques que fan possible esta filosofia. Subeixos: OCWA-UA El projecte OCW-UA (OpenCourseWare de la Universitat d&#8217;Alacant) consistix en la publicaci\u00f3 a trav\u00e9s d&#8217;internet, en obert i sense restriccions [&hellip;]<\/p>\n","protected":false},"author":1465,"featured_media":0,"parent":0,"menu_order":1,"comment_status":"closed","ping_status":"closed","template":"","meta":{"footnotes":""},"class_list":["post-251","page","type-page","status-publish","hentry"],"_links":{"self":[{"href":"https:\/\/blogs.ua.es\/copla\/wp-json\/wp\/v2\/pages\/251","targetHints":{"allow":["GET"]}}],"collection":[{"href":"https:\/\/blogs.ua.es\/copla\/wp-json\/wp\/v2\/pages"}],"about":[{"href":"https:\/\/blogs.ua.es\/copla\/wp-json\/wp\/v2\/types\/page"}],"author":[{"embeddable":true,"href":"https:\/\/blogs.ua.es\/copla\/wp-json\/wp\/v2\/users\/1465"}],"replies":[{"embeddable":true,"href":"https:\/\/blogs.ua.es\/copla\/wp-json\/wp\/v2\/comments?post=251"}],"version-history":[{"count":4,"href":"https:\/\/blogs.ua.es\/copla\/wp-json\/wp\/v2\/pages\/251\/revisions"}],"predecessor-version":[{"id":309,"href":"https:\/\/blogs.ua.es\/copla\/wp-json\/wp\/v2\/pages\/251\/revisions\/309"}],"wp:attachment":[{"href":"https:\/\/blogs.ua.es\/copla\/wp-json\/wp\/v2\/media?parent=251"}],"curies":[{"name":"wp","href":"https:\/\/api.w.org\/{rel}","templated":true}]}}