{"id":253,"date":"2009-11-10T15:14:31","date_gmt":"2009-11-10T13:14:31","guid":{"rendered":"https:\/\/blogs.ua.es\/copla\/?page_id=253"},"modified":"2009-11-10T15:25:14","modified_gmt":"2009-11-10T13:25:14","slug":"ocwa-ua","status":"publish","type":"page","link":"https:\/\/blogs.ua.es\/copla\/continguts-oberts\/ocwa-ua\/","title":{"rendered":"OCWA-UA"},"content":{"rendered":"<p><span style=\"color: #003366\"><strong>Responsables:<\/strong><\/span><\/p>\n<p><span style=\"color: #003366\">Pedro Pern\u00edas<\/span><\/p>\n<p><span style=\"color: #003366\"><strong>Descripci\u00f3:<\/strong><\/span><\/p>\n<p><span style=\"color: #003366\">El projecte OCW-UA (OpenCourseWare de la Universitat d&#8217;Alacant) consistix en la publicaci\u00f3 a trav\u00e9s d&#8217;internet, en obert i sense restriccions de cap tipus per a la seua consulta, de les propostes docents dels professors de la Universitat incloent els materials i recursos did\u00e0ctics que estos utilitzen en les seues aules.<\/span><\/p>\n<p><span style=\"color: #003366\">El projecte OCW-UA NO \u00e9s un sistema d&#8217;e-Learning ni \u00e9s possible rebre cap certificaci\u00f3 acad\u00e8mica per la seua consulta.<\/span><\/p>\n<p><span style=\"color: #003366\">El projecte OCW-UA s&#8217;inscriu dins del OpenCourseware Consortium format per m\u00e9s de 100 universitats de tot el m\u00f3n que han decidit sumar-se a esta iniciativa de presentaci\u00f3 p\u00fablica de recursos i materials educatius.<\/span><\/p>\n<p><span style=\"color: #003366\"><strong>Accions:<\/strong><\/span><\/p>\n<ul>\n<li><span style=\"color: #003366\">Manteniment del lloc web OCW<\/span><\/li>\n<li><span style=\"color: #003366\">Incorporaci\u00f3 de nous cursos al lloc web<\/span><\/li>\n<li><span style=\"color: #003366\">Xarrades de difusi\u00f3 en departaments, escoles i facultats per a presentar el projecte als professors<\/span><\/li>\n<li><span style=\"color: #003366\">Representaci\u00f3 del projecte OCW-UA en els f\u00f2rums nacionals i internacionals de l&#8217;OpenCourseWare Consortium<\/span><\/li>\n<li><span style=\"color: #003366\">Gesti\u00f3 de la convocat\u00f2ria d&#8217;ajudes per a la publicaci\u00f3 per part dels professors en l&#8217;OCW-UA<\/span><\/li>\n<\/ul>\n","protected":false},"excerpt":{"rendered":"<p>Responsables: Pedro Pern\u00edas Descripci\u00f3: El projecte OCW-UA (OpenCourseWare de la Universitat d&#8217;Alacant) consistix en la publicaci\u00f3 a trav\u00e9s d&#8217;internet, en obert i sense restriccions de cap tipus per a la seua consulta, de les propostes docents dels professors de la Universitat incloent els materials i recursos did\u00e0ctics que estos utilitzen en les seues aules. El [&hellip;]<\/p>\n","protected":false},"author":1465,"featured_media":0,"parent":251,"menu_order":0,"comment_status":"closed","ping_status":"closed","template":"","meta":{"footnotes":""},"class_list":["post-253","page","type-page","status-publish","hentry"],"_links":{"self":[{"href":"https:\/\/blogs.ua.es\/copla\/wp-json\/wp\/v2\/pages\/253","targetHints":{"allow":["GET"]}}],"collection":[{"href":"https:\/\/blogs.ua.es\/copla\/wp-json\/wp\/v2\/pages"}],"about":[{"href":"https:\/\/blogs.ua.es\/copla\/wp-json\/wp\/v2\/types\/page"}],"author":[{"embeddable":true,"href":"https:\/\/blogs.ua.es\/copla\/wp-json\/wp\/v2\/users\/1465"}],"replies":[{"embeddable":true,"href":"https:\/\/blogs.ua.es\/copla\/wp-json\/wp\/v2\/comments?post=253"}],"version-history":[{"count":4,"href":"https:\/\/blogs.ua.es\/copla\/wp-json\/wp\/v2\/pages\/253\/revisions"}],"predecessor-version":[{"id":262,"href":"https:\/\/blogs.ua.es\/copla\/wp-json\/wp\/v2\/pages\/253\/revisions\/262"}],"up":[{"embeddable":true,"href":"https:\/\/blogs.ua.es\/copla\/wp-json\/wp\/v2\/pages\/251"}],"wp:attachment":[{"href":"https:\/\/blogs.ua.es\/copla\/wp-json\/wp\/v2\/media?parent=253"}],"curies":[{"name":"wp","href":"https:\/\/api.w.org\/{rel}","templated":true}]}}