{"id":257,"date":"2009-11-10T15:19:01","date_gmt":"2009-11-10T13:19:01","guid":{"rendered":"https:\/\/blogs.ua.es\/copla\/?page_id=257"},"modified":"2009-11-10T15:24:58","modified_gmt":"2009-11-10T13:24:58","slug":"moodle","status":"publish","type":"page","link":"https:\/\/blogs.ua.es\/copla\/continguts-oberts\/moodle\/","title":{"rendered":"Moodle"},"content":{"rendered":"<p><span style=\"color: #003366\"><strong>Responsables:<\/strong><\/span><\/p>\n<ul>\n<li><span style=\"color: #003366\">Domingo Gallardo<\/span><\/li>\n<li><span style=\"color: #003366\">Pedro Pern\u00edas<\/span><\/li>\n<\/ul>\n<p><span style=\"color: #003366\"><strong>Descripci\u00f3:<\/strong><br \/>\nMoodle \u00e9s una plataforma de Campus Virtual davall la filosofia de Programari Lliure que la Universitat d&#8217;Alacant ha decidit utilitzar com a extensi\u00f3 del seu propi Campus Virtual per a permetre que els professors desenvolupen tasques educatives m\u00e9s complexes amb els seus alumnes.<\/span><\/p>\n<p><span style=\"color: #003366\"><strong>Accions:<\/strong><\/span><\/p>\n<ul>\n<li><span style=\"color: #003366\">Difusi\u00f3 de l&#8217;\u00fas de la plataforma de Campus Virtual Open Source Moodle entre el col\u00b7lectiu de professors de la UA<\/span><\/li>\n<li><span style=\"color: #003366\">Xarrades de difusi\u00f3 en departaments, escoles i facultats per a presentar el projecte als professors<\/span><\/li>\n<\/ul>\n","protected":false},"excerpt":{"rendered":"<p>Responsables: Domingo Gallardo Pedro Pern\u00edas Descripci\u00f3: Moodle \u00e9s una plataforma de Campus Virtual davall la filosofia de Programari Lliure que la Universitat d&#8217;Alacant ha decidit utilitzar com a extensi\u00f3 del seu propi Campus Virtual per a permetre que els professors desenvolupen tasques educatives m\u00e9s complexes amb els seus alumnes. Accions: Difusi\u00f3 de l&#8217;\u00fas de la [&hellip;]<\/p>\n","protected":false},"author":1465,"featured_media":0,"parent":251,"menu_order":1,"comment_status":"closed","ping_status":"closed","template":"","meta":{"footnotes":""},"class_list":["post-257","page","type-page","status-publish","hentry"],"_links":{"self":[{"href":"https:\/\/blogs.ua.es\/copla\/wp-json\/wp\/v2\/pages\/257","targetHints":{"allow":["GET"]}}],"collection":[{"href":"https:\/\/blogs.ua.es\/copla\/wp-json\/wp\/v2\/pages"}],"about":[{"href":"https:\/\/blogs.ua.es\/copla\/wp-json\/wp\/v2\/types\/page"}],"author":[{"embeddable":true,"href":"https:\/\/blogs.ua.es\/copla\/wp-json\/wp\/v2\/users\/1465"}],"replies":[{"embeddable":true,"href":"https:\/\/blogs.ua.es\/copla\/wp-json\/wp\/v2\/comments?post=257"}],"version-history":[{"count":2,"href":"https:\/\/blogs.ua.es\/copla\/wp-json\/wp\/v2\/pages\/257\/revisions"}],"predecessor-version":[{"id":261,"href":"https:\/\/blogs.ua.es\/copla\/wp-json\/wp\/v2\/pages\/257\/revisions\/261"}],"up":[{"embeddable":true,"href":"https:\/\/blogs.ua.es\/copla\/wp-json\/wp\/v2\/pages\/251"}],"wp:attachment":[{"href":"https:\/\/blogs.ua.es\/copla\/wp-json\/wp\/v2\/media?parent=257"}],"curies":[{"name":"wp","href":"https:\/\/api.w.org\/{rel}","templated":true}]}}