{"id":259,"date":"2009-11-10T15:24:33","date_gmt":"2009-11-10T13:24:33","guid":{"rendered":"https:\/\/blogs.ua.es\/copla\/?page_id=259"},"modified":"2009-11-10T15:24:33","modified_gmt":"2009-11-10T13:24:33","slug":"blogsua","status":"publish","type":"page","link":"https:\/\/blogs.ua.es\/copla\/continguts-oberts\/blogsua\/","title":{"rendered":"BlogsUA"},"content":{"rendered":"<p><span style=\"color: #003366\"><strong>Responsable:<\/strong><br \/>\nJos\u00e9 Antonio Guilabert Mart\u00ednez<\/span><\/p>\n<p><span style=\"color: #003366\"><strong>Descripci\u00f3:<\/strong><br \/>\nPosada en marxa d&#8217;una plataforma de publicaci\u00f3 de blogs per a la comunitat universit\u00e0ria. Foment de Programari utilitzat: WordPress multiusuari instal\u00b7lat sobre GNU\/Linux.<\/span><\/p>\n<p><span style=\"color: #003366\"><strong>Accions:<\/strong><\/span><\/p>\n<ul>\n<li><span style=\"color: #003366\">Carta de benvinguda. <\/span><\/li>\n<li><span style=\"color: #003366\">Campanya d&#8217;Email a determinats col\u00b7lectius.<\/span><\/li>\n<li><span style=\"color: #003366\">Premsa universit\u00e0ria.<\/span><\/li>\n<li><span style=\"color: #003366\">Promoci\u00f3 en els fullets de &#8216;enreda&#8217;t&#8217; on s&#8217;enumeren els distints servicis TIC que s&#8217;oferix a l&#8217;alumnat.<\/span><\/li>\n<li><span style=\"color: #003366\">Inclusi\u00f3 en els cursos &#8216;connecta&#8217;t&#8217; que es fan a principis de curs.<\/span><\/li>\n<li><span style=\"color: #003366\">Refer\u00e8ncia a blogsUA en la Guia de l&#8217;estudiant del curs 2007\/2008.<\/span><\/li>\n<li><span style=\"color: #003366\">Publicaci\u00f3 d&#8217;un blog institucional.<\/span><\/li>\n<\/ul>\n","protected":false},"excerpt":{"rendered":"<p>Responsable: Jos\u00e9 Antonio Guilabert Mart\u00ednez Descripci\u00f3: Posada en marxa d&#8217;una plataforma de publicaci\u00f3 de blogs per a la comunitat universit\u00e0ria. Foment de Programari utilitzat: WordPress multiusuari instal\u00b7lat sobre GNU\/Linux. Accions: Carta de benvinguda. Campanya d&#8217;Email a determinats col\u00b7lectius. Premsa universit\u00e0ria. Promoci\u00f3 en els fullets de &#8216;enreda&#8217;t&#8217; on s&#8217;enumeren els distints servicis TIC que s&#8217;oferix a [&hellip;]<\/p>\n","protected":false},"author":1465,"featured_media":0,"parent":251,"menu_order":2,"comment_status":"closed","ping_status":"closed","template":"","meta":{"footnotes":""},"class_list":["post-259","page","type-page","status-publish","hentry"],"_links":{"self":[{"href":"https:\/\/blogs.ua.es\/copla\/wp-json\/wp\/v2\/pages\/259","targetHints":{"allow":["GET"]}}],"collection":[{"href":"https:\/\/blogs.ua.es\/copla\/wp-json\/wp\/v2\/pages"}],"about":[{"href":"https:\/\/blogs.ua.es\/copla\/wp-json\/wp\/v2\/types\/page"}],"author":[{"embeddable":true,"href":"https:\/\/blogs.ua.es\/copla\/wp-json\/wp\/v2\/users\/1465"}],"replies":[{"embeddable":true,"href":"https:\/\/blogs.ua.es\/copla\/wp-json\/wp\/v2\/comments?post=259"}],"version-history":[{"count":1,"href":"https:\/\/blogs.ua.es\/copla\/wp-json\/wp\/v2\/pages\/259\/revisions"}],"predecessor-version":[{"id":260,"href":"https:\/\/blogs.ua.es\/copla\/wp-json\/wp\/v2\/pages\/259\/revisions\/260"}],"up":[{"embeddable":true,"href":"https:\/\/blogs.ua.es\/copla\/wp-json\/wp\/v2\/pages\/251"}],"wp:attachment":[{"href":"https:\/\/blogs.ua.es\/copla\/wp-json\/wp\/v2\/media?parent=259"}],"curies":[{"name":"wp","href":"https:\/\/api.w.org\/{rel}","templated":true}]}}