{"id":266,"date":"2009-11-10T15:32:17","date_gmt":"2009-11-10T13:32:17","guid":{"rendered":"https:\/\/blogs.ua.es\/copla\/?page_id=266"},"modified":"2009-11-10T19:56:22","modified_gmt":"2009-11-10T17:56:22","slug":"programari-lliure","status":"publish","type":"page","link":"https:\/\/blogs.ua.es\/copla\/programari-lliure\/","title":{"rendered":"Programari Lliure"},"content":{"rendered":"<p><span style=\"color: #003366\"><strong>Descripci\u00f3:<\/strong><br \/>\nAquest eix s&#8217;ocupa de fomentar l&#8217;\u00fas de programari lliure en la comunitat universit\u00e0ria. Per a aix\u00f2 es doten als equips inform\u00e0tics d&#8217;este tipus de programari, es proposen m\u00e8todes per a incentivar l&#8217;\u00fas de programari lliure en la doc\u00e8ncia i es busquen aplicacions de programari lliure equivalents a algun programari propietari existent.<\/span><\/p>\n<p><span style=\"color: #003366\"><strong>Subeixos:<\/strong><\/span><\/p>\n<ul>\n<li><span style=\"color: #003366\"><a href=\"https:\/\/blogs.ua.es\/copla\/programari-lliure\/gestio-i-admin\u2026ps-informatics\/\"><strong>Gesti\u00f3 i Administraci\u00f3 d&#8217;Equips Inform\u00e0tics<\/strong><\/a><br \/>\nAssessorar sobre sistemes per a la gesti\u00f3 i administraci\u00f3 de clients inform\u00e0tics per al seu \u00fas amb programari lliure, aix\u00ed com proposar metodologies i ferramentes que faciliten la instal\u00b7laci\u00f3 i administraci\u00f3 d&#8217;aules i\/o grups de PCs. Els objectius concrets que es proposen abordar en esta l\u00ednia de treball s\u00f3n: <\/span><\/p>\n<ul>\n<li><span style=\"color: #003366\">Assessorar sobre sistemes per a la gesti\u00f3 i administraci\u00f3 de clients inform\u00e0tics per al seu \u00fas amb programari lliure.<\/span><\/li>\n<li><span style=\"color: #003366\">Proposar metodologies i ferramentes que faciliten la instal\u00b7laci\u00f3 i administraci\u00f3 d&#8217;aules i\/o grups de PCs.<\/span><\/li>\n<li><span style=\"color: #003366\">Disseny i implementaci\u00f3 d&#8217;infraestructures escalables de suport a la gesti\u00f3 de PCs, sempre dins de l&#8217;\u00e0mbit del programari lliure.<\/span><\/li>\n<\/ul>\n<\/li>\n<li><span style=\"color: #003366\"><a href=\"https:\/\/blogs.ua.es\/copla\/programari-lliure\/xarxes-tematiq\u2026en-la-docencia\/\"><strong>Xarxes Tem\u00e0tiques d&#8217;Incentiu a l&#8217;\u00fas del Programari Lliure en la Doc\u00e8ncia<\/strong><\/a><br \/>\nFomentar l&#8217;\u00fas de programari lliure en la doc\u00e8ncia i particularment en les classes pr\u00e0ctiques. Tot aix\u00f2 per mitj\u00e0 de la constituci\u00f3 de xarxes tem\u00e0tiques per assignatures o grups d&#8217;elles que permeten per un costat estudiar i investigar l&#8217;oferta disponible del programari lliure d&#8217;aplicaci\u00f3 directa a les assignatures de la xarxa; i d&#8217;un altre, analitzar el grau en qu\u00e8 es podria aplicar l&#8217;oferta disponible a la doc\u00e8ncia espec\u00edfica de les assignatures.<\/span><\/li>\n<li><span style=\"color: #003366\"><a href=\"https:\/\/blogs.ua.es\/copla\/programari-lliure\/aplicacions-de\u2026gramari-lliure\/\"><strong>Aplicacions del Programari Lliure<\/strong><\/a><br \/>\nElaborar un mapa del programari que ara mateix s&#8217;esta emprant en la UA (pas, doc\u00e8ncia, investigaci\u00f3, etc&#8230;) i proposar alternatives lliures al programari propietari emprat.<\/span><\/li>\n<\/ul>\n","protected":false},"excerpt":{"rendered":"<p>Descripci\u00f3: Aquest eix s&#8217;ocupa de fomentar l&#8217;\u00fas de programari lliure en la comunitat universit\u00e0ria. Per a aix\u00f2 es doten als equips inform\u00e0tics d&#8217;este tipus de programari, es proposen m\u00e8todes per a incentivar l&#8217;\u00fas de programari lliure en la doc\u00e8ncia i es busquen aplicacions de programari lliure equivalents a algun programari propietari existent. Subeixos: Gesti\u00f3 i [&hellip;]<\/p>\n","protected":false},"author":1465,"featured_media":0,"parent":0,"menu_order":3,"comment_status":"closed","ping_status":"closed","template":"","meta":{"footnotes":""},"class_list":["post-266","page","type-page","status-publish","hentry"],"_links":{"self":[{"href":"https:\/\/blogs.ua.es\/copla\/wp-json\/wp\/v2\/pages\/266","targetHints":{"allow":["GET"]}}],"collection":[{"href":"https:\/\/blogs.ua.es\/copla\/wp-json\/wp\/v2\/pages"}],"about":[{"href":"https:\/\/blogs.ua.es\/copla\/wp-json\/wp\/v2\/types\/page"}],"author":[{"embeddable":true,"href":"https:\/\/blogs.ua.es\/copla\/wp-json\/wp\/v2\/users\/1465"}],"replies":[{"embeddable":true,"href":"https:\/\/blogs.ua.es\/copla\/wp-json\/wp\/v2\/comments?post=266"}],"version-history":[{"count":3,"href":"https:\/\/blogs.ua.es\/copla\/wp-json\/wp\/v2\/pages\/266\/revisions"}],"predecessor-version":[{"id":311,"href":"https:\/\/blogs.ua.es\/copla\/wp-json\/wp\/v2\/pages\/266\/revisions\/311"}],"wp:attachment":[{"href":"https:\/\/blogs.ua.es\/copla\/wp-json\/wp\/v2\/media?parent=266"}],"curies":[{"name":"wp","href":"https:\/\/api.w.org\/{rel}","templated":true}]}}