{"id":273,"date":"2009-11-10T15:39:12","date_gmt":"2009-11-10T13:39:12","guid":{"rendered":"https:\/\/blogs.ua.es\/copla\/?page_id=273"},"modified":"2009-11-10T15:39:12","modified_gmt":"2009-11-10T13:39:12","slug":"xarxes-tematiques-dincentiu-a-lus-del-programari-lliure-en-la-docencia","status":"publish","type":"page","link":"https:\/\/blogs.ua.es\/copla\/programari-lliure\/xarxes-tematiques-dincentiu-a-lus-del-programari-lliure-en-la-docencia\/","title":{"rendered":"Xarxes Tem\u00e0tiques d&#8217;Incentiu a l&#8217;\u00fas del Programari Lliure en la Doc\u00e8ncia"},"content":{"rendered":"<p><span style=\"color: #003366\"><strong>Responsables:<\/strong><br \/>\nFernando Torres Medina<\/span><\/p>\n<p><span style=\"color: #003366\"><strong>Descripci\u00f3:<\/strong><br \/>\nFomentar l&#8217;\u00fas de programari lliure en la doc\u00e8ncia i particularment en les classes pr\u00e0ctiques. Tot aix\u00f2 per mitj\u00e0 de la constituci\u00f3 de xarxes tem\u00e0tiques per assignatures o grups d&#8217;elles que permeten per un costat estudiar i investigar l&#8217;oferta disponible del programari lliure d&#8217;aplicaci\u00f3 directa a les assignatures de la xarxa; i d&#8217;un altre, analitzar el grau en qu\u00e8 es podria aplicar l&#8217;oferta disponible a la doc\u00e8ncia espec\u00edfica de les assignatures.<\/span><\/p>\n<p><span style=\"color: #003366\"><strong>Accions:<\/strong><br \/>\nLlan\u00e7ar i gestionar una convocat\u00f2ria d&#8217;ajudes per a la creaci\u00f3 de xarxes tecnol\u00f2giques d&#8217;introducci\u00f3 de Programari Lliure en assignatures<\/span><\/p>\n","protected":false},"excerpt":{"rendered":"<p>Responsables: Fernando Torres Medina Descripci\u00f3: Fomentar l&#8217;\u00fas de programari lliure en la doc\u00e8ncia i particularment en les classes pr\u00e0ctiques. Tot aix\u00f2 per mitj\u00e0 de la constituci\u00f3 de xarxes tem\u00e0tiques per assignatures o grups d&#8217;elles que permeten per un costat estudiar i investigar l&#8217;oferta disponible del programari lliure d&#8217;aplicaci\u00f3 directa a les assignatures de la xarxa; [&hellip;]<\/p>\n","protected":false},"author":1465,"featured_media":0,"parent":266,"menu_order":1,"comment_status":"closed","ping_status":"closed","template":"","meta":{"footnotes":""},"class_list":["post-273","page","type-page","status-publish","hentry"],"_links":{"self":[{"href":"https:\/\/blogs.ua.es\/copla\/wp-json\/wp\/v2\/pages\/273","targetHints":{"allow":["GET"]}}],"collection":[{"href":"https:\/\/blogs.ua.es\/copla\/wp-json\/wp\/v2\/pages"}],"about":[{"href":"https:\/\/blogs.ua.es\/copla\/wp-json\/wp\/v2\/types\/page"}],"author":[{"embeddable":true,"href":"https:\/\/blogs.ua.es\/copla\/wp-json\/wp\/v2\/users\/1465"}],"replies":[{"embeddable":true,"href":"https:\/\/blogs.ua.es\/copla\/wp-json\/wp\/v2\/comments?post=273"}],"version-history":[{"count":1,"href":"https:\/\/blogs.ua.es\/copla\/wp-json\/wp\/v2\/pages\/273\/revisions"}],"predecessor-version":[{"id":274,"href":"https:\/\/blogs.ua.es\/copla\/wp-json\/wp\/v2\/pages\/273\/revisions\/274"}],"up":[{"embeddable":true,"href":"https:\/\/blogs.ua.es\/copla\/wp-json\/wp\/v2\/pages\/266"}],"wp:attachment":[{"href":"https:\/\/blogs.ua.es\/copla\/wp-json\/wp\/v2\/media?parent=273"}],"curies":[{"name":"wp","href":"https:\/\/api.w.org\/{rel}","templated":true}]}}