{"id":277,"date":"2009-11-10T15:43:44","date_gmt":"2009-11-10T13:43:44","guid":{"rendered":"https:\/\/blogs.ua.es\/copla\/?page_id=277"},"modified":"2009-11-10T15:54:50","modified_gmt":"2009-11-10T13:54:50","slug":"observatori","status":"publish","type":"page","link":"https:\/\/blogs.ua.es\/copla\/observatori\/","title":{"rendered":"Observatori"},"content":{"rendered":"<p><span style=\"color: #003366\"><strong>Responsable:<\/strong><br \/>\nHector Rico Garc\u00eda<\/span><\/p>\n<p><span style=\"color: #003366\"><strong>Descripci\u00f3:<\/strong><br \/>\nAnalitzar els resultats d&#8217;altres projectes de Programari Lliure i\/o Coneixement Obert en diferents \u00e0mbits i proposar tecnologies o iniciatives que pogueren ser beneficioses per al projecte COPLA i atendre possibles dubtes sobre Programari Lliure a altres branques del COPLA o usuaris.<\/span><\/p>\n<p><span style=\"color: #003366\"><strong>Accions:<\/strong><\/span><\/p>\n<ul>\n<li><span style=\"color: #003366\">Creaci\u00f3 d&#8217;un CM \/ p\u00e0gina web , on regularment s&#8217;exposarien les not\u00edcies o possibilitats que es troben dins del nostre \u00e0mbit.<\/span><\/li>\n<li><span style=\"color: #003366\">Intentar crear un vincle amb la l\u00ednia de Programari dins del COBLA per a poder crear un sistema de consultoria de Programari Lliure a departaments o seccions de la universitat que es plantegen un canvi a Programari Lliure ( viabilitat , possibles programes, fins a demostracions d&#8217;estos mateixos).<\/span><\/li>\n<li><span style=\"color: #003366\">Organitzaci\u00f3 de cursos i tallers.<\/span><\/li>\n<\/ul>\n","protected":false},"excerpt":{"rendered":"<p>Responsable: Hector Rico Garc\u00eda Descripci\u00f3: Analitzar els resultats d&#8217;altres projectes de Programari Lliure i\/o Coneixement Obert en diferents \u00e0mbits i proposar tecnologies o iniciatives que pogueren ser beneficioses per al projecte COPLA i atendre possibles dubtes sobre Programari Lliure a altres branques del COPLA o usuaris. Accions: Creaci\u00f3 d&#8217;un CM \/ p\u00e0gina web , on [&hellip;]<\/p>\n","protected":false},"author":1465,"featured_media":0,"parent":0,"menu_order":4,"comment_status":"closed","ping_status":"closed","template":"","meta":{"footnotes":""},"class_list":["post-277","page","type-page","status-publish","hentry"],"_links":{"self":[{"href":"https:\/\/blogs.ua.es\/copla\/wp-json\/wp\/v2\/pages\/277","targetHints":{"allow":["GET"]}}],"collection":[{"href":"https:\/\/blogs.ua.es\/copla\/wp-json\/wp\/v2\/pages"}],"about":[{"href":"https:\/\/blogs.ua.es\/copla\/wp-json\/wp\/v2\/types\/page"}],"author":[{"embeddable":true,"href":"https:\/\/blogs.ua.es\/copla\/wp-json\/wp\/v2\/users\/1465"}],"replies":[{"embeddable":true,"href":"https:\/\/blogs.ua.es\/copla\/wp-json\/wp\/v2\/comments?post=277"}],"version-history":[{"count":2,"href":"https:\/\/blogs.ua.es\/copla\/wp-json\/wp\/v2\/pages\/277\/revisions"}],"predecessor-version":[{"id":290,"href":"https:\/\/blogs.ua.es\/copla\/wp-json\/wp\/v2\/pages\/277\/revisions\/290"}],"wp:attachment":[{"href":"https:\/\/blogs.ua.es\/copla\/wp-json\/wp\/v2\/media?parent=277"}],"curies":[{"name":"wp","href":"https:\/\/api.w.org\/{rel}","templated":true}]}}