{"id":279,"date":"2009-11-10T15:46:21","date_gmt":"2009-11-10T13:46:21","guid":{"rendered":"https:\/\/blogs.ua.es\/copla\/?page_id=279"},"modified":"2009-11-10T19:57:41","modified_gmt":"2009-11-10T17:57:41","slug":"difusio","status":"publish","type":"page","link":"https:\/\/blogs.ua.es\/copla\/difusio\/","title":{"rendered":"Difusi\u00f3"},"content":{"rendered":"<p><span style=\"color: #003366\"><strong>Descripci\u00f3:<\/strong><br \/>\nPer a portar la filosofia del Coneixement Obert i el Programari lliure a tota la comunitat universit\u00e0ria s&#8217;han plantejat diversos modes de difondre este missatge. Tota la informaci\u00f3 rellevant es publica en la Web i a m\u00e9s cada any se celebren les Jornades COPLA en qu\u00e8 es tracta de mostrar tant el que es fa dins de la universitat com fora sobre el Coneixement Obert i el Programari Lliure. A m\u00e9s s&#8217;aposta per la formaci\u00f3 de la comunitat universit\u00e0ria en estos temes per mitj\u00e0 de cursets i seminaris.<\/span><\/p>\n<p><span style=\"color: #003366\"><strong>Subeixos:<\/strong><\/span><\/p>\n<ul>\n<li><span style=\"color: #003366\"><a href=\"https:\/\/blogs.ua.es\/copla\/difusio\/web\/\"><strong>Web<\/strong><\/a><br \/>\n\u00c9s el lloc Web del projecte dins de la Web institucional de la Universitat d&#8217;Alacant. Es tracta d&#8217;un rac\u00f3 on la gent pot trobar informaci\u00f3 sobre el projecte COPLA aix\u00ed com de les seues iniciatives. Es tracta d&#8217;una Web participativa perqu\u00e8 els usuaris puguen opinar i millorar amb aix\u00f2 el desenvolupament del projecte COPLA.<\/span><\/li>\n<li><span style=\"color: #003366\"><a href=\"https:\/\/blogs.ua.es\/copla\/difusio\/jornades\/\"><strong>Jornades<\/strong><\/a><br \/>\nLa Universitat d&#8217;Alacant organitza les Jornades pel Coneixement Obert i Programari Lliure de la Universitat d&#8217;Alacant (Jornades COPLA) amb l&#8217;objectiu de donar una m\u00e0xima difusi\u00f3 possible i incentivar a la comunitat universit\u00e0ria l&#8217;\u00fas del programari lliure i promocionar el coneixement obert. Estes jornades serviran per a conscienciar els membres de la Universitat perqu\u00e8 compartisquen els seus treballs o investigacions derivats del seu treball en la universitat, perqu\u00e8 facen \u00fas de formats oberts per a l&#8217;intercanvi de documents i perqu\u00e8 utilitzen el programari lliure. Estan dirigides a la comunitat universit\u00e0ria, empresarial i a tot el p\u00fablic en general interessat en el coneixement obert i programari lliure. Estes Jornades se celebren anualment en la Universitat d&#8217;Alacant. En les I Jornades COPLA es va voler mostrar a la Universitat d&#8217;Alacant el que s&#8217;estava realitzant en altres llocs. Les II Jornades COPLA es van estructurar entorn d&#8217;iniciatives de la pr\u00f2pia Universitat d&#8217;Alacant en este \u00e0mbit i a m\u00e9s es va comptar amb confer\u00e8ncies impartides per personalitats rellevants en l&#8217;\u00e0mbit del programari lliure invitades per l&#8217;organitzaci\u00f3. Actualment ja s&#8217;est\u00e0 treballant en la preparaci\u00f3 de les III Jornades COPLA que volen orientar-se a mostrar quines aportacions pot oferir l&#8217;\u00fas del programari lliure i del coneixement obert a l&#8217;entorn universitari.<\/span><\/li>\n<li><span style=\"color: #003366\"><a href=\"https:\/\/blogs.ua.es\/copla\/difusio\/formacio\/\"><strong>Formaci\u00f3<\/strong><\/a><br \/>\nPer a aconseguir la integraci\u00f3 del Programari Lliure en els processos d&#8217;ensenyan\u00e7a-aprenentatge de la Universitat d&#8217;Alacant, a m\u00e9s del seu coneixement i acceptaci\u00f3 per part del professorat i alumnat, \u00e9s necess\u00e0ria la realitzaci\u00f3 d&#8217;accions formatives sobre la seua utilitzaci\u00f3.<\/span><\/li>\n<\/ul>\n","protected":false},"excerpt":{"rendered":"<p>Descripci\u00f3: Per a portar la filosofia del Coneixement Obert i el Programari lliure a tota la comunitat universit\u00e0ria s&#8217;han plantejat diversos modes de difondre este missatge. Tota la informaci\u00f3 rellevant es publica en la Web i a m\u00e9s cada any se celebren les Jornades COPLA en qu\u00e8 es tracta de mostrar tant el que es [&hellip;]<\/p>\n","protected":false},"author":1465,"featured_media":0,"parent":0,"menu_order":5,"comment_status":"closed","ping_status":"closed","template":"","meta":{"footnotes":""},"class_list":["post-279","page","type-page","status-publish","hentry"],"_links":{"self":[{"href":"https:\/\/blogs.ua.es\/copla\/wp-json\/wp\/v2\/pages\/279","targetHints":{"allow":["GET"]}}],"collection":[{"href":"https:\/\/blogs.ua.es\/copla\/wp-json\/wp\/v2\/pages"}],"about":[{"href":"https:\/\/blogs.ua.es\/copla\/wp-json\/wp\/v2\/types\/page"}],"author":[{"embeddable":true,"href":"https:\/\/blogs.ua.es\/copla\/wp-json\/wp\/v2\/users\/1465"}],"replies":[{"embeddable":true,"href":"https:\/\/blogs.ua.es\/copla\/wp-json\/wp\/v2\/comments?post=279"}],"version-history":[{"count":4,"href":"https:\/\/blogs.ua.es\/copla\/wp-json\/wp\/v2\/pages\/279\/revisions"}],"predecessor-version":[{"id":313,"href":"https:\/\/blogs.ua.es\/copla\/wp-json\/wp\/v2\/pages\/279\/revisions\/313"}],"wp:attachment":[{"href":"https:\/\/blogs.ua.es\/copla\/wp-json\/wp\/v2\/media?parent=279"}],"curies":[{"name":"wp","href":"https:\/\/api.w.org\/{rel}","templated":true}]}}