{"id":283,"date":"2009-11-10T15:50:47","date_gmt":"2009-11-10T13:50:47","guid":{"rendered":"https:\/\/blogs.ua.es\/copla\/?page_id=283"},"modified":"2009-11-10T15:50:47","modified_gmt":"2009-11-10T13:50:47","slug":"jornades","status":"publish","type":"page","link":"https:\/\/blogs.ua.es\/copla\/difusio\/jornades\/","title":{"rendered":"Jornades"},"content":{"rendered":"<p><span style=\"color: #003366\"><strong>Responsables:<\/strong><\/span><\/p>\n<ul>\n<li><span style=\"color: #003366\">Fara\u00f3n Llorens Largo<\/span><\/li>\n<li><span style=\"color: #003366\">Mireia Sempere Tortosa<\/span><\/li>\n<\/ul>\n<p><span style=\"color: #003366\"><strong>Descripci\u00f3:<\/strong><br \/>\nLa Universitat d&#8217;Alacant organitza les Jornades pel Coneixement Obert i Programari Lliure de la Universitat d&#8217;Alacant (Jornades COPLA) amb l&#8217;objectiu de donar una m\u00e0xima difusi\u00f3 possible i incentivar a la comunitat universit\u00e0ria l&#8217;\u00fas del programari lliure i promocionar el coneixement obert. Estes jornades serviran per a conscienciar els membres de la Universitat perqu\u00e8 compartisquen els seus treballs o investigacions derivats del seu treball en la universitat, perqu\u00e8 facen \u00fas de formats oberts per a l&#8217;intercanvi de documents i perqu\u00e8 utilitzen el programari lliure. Estan dirigides a la comunitat universit\u00e0ria, empresarial i a tot el p\u00fablic en general interessat en el coneixement obert i programari lliure. Estes Jornades se celebren anualment en la Universitat d&#8217;Alacant. En les I Jornades COPLA es va voler mostrar a la Universitat d&#8217;Alacant el que s&#8217;estava realitzant en altres llocs. Les II Jornades COPLA es van estructurar entorn d&#8217;iniciatives de la pr\u00f2pia Universitat d&#8217;Alacant en este \u00e0mbit i a m\u00e9s es va comptar amb confer\u00e8ncies impartides per personalitats rellevants en l&#8217;\u00e0mbit del programari lliure invitades per l&#8217;organitzaci\u00f3. Actualment ja s&#8217;est\u00e0 treballant en la preparaci\u00f3 de les III Jornades COPLA que volen orientar-se a mostrar quines aportacions pot oferir l&#8217;\u00fas del programari lliure i del coneixement obert a l&#8217;entorn universitari.<\/span><\/p>\n<p><span style=\"color: #003366\"><strong>Accions:<\/strong><br \/>\nDisseny i organitzaci\u00f3 de les Jornades COPLA cada any.<\/span><\/p>\n","protected":false},"excerpt":{"rendered":"<p>Responsables: Fara\u00f3n Llorens Largo Mireia Sempere Tortosa Descripci\u00f3: La Universitat d&#8217;Alacant organitza les Jornades pel Coneixement Obert i Programari Lliure de la Universitat d&#8217;Alacant (Jornades COPLA) amb l&#8217;objectiu de donar una m\u00e0xima difusi\u00f3 possible i incentivar a la comunitat universit\u00e0ria l&#8217;\u00fas del programari lliure i promocionar el coneixement obert. Estes jornades serviran per a conscienciar [&hellip;]<\/p>\n","protected":false},"author":1465,"featured_media":0,"parent":279,"menu_order":1,"comment_status":"closed","ping_status":"closed","template":"","meta":{"footnotes":""},"class_list":["post-283","page","type-page","status-publish","hentry"],"_links":{"self":[{"href":"https:\/\/blogs.ua.es\/copla\/wp-json\/wp\/v2\/pages\/283","targetHints":{"allow":["GET"]}}],"collection":[{"href":"https:\/\/blogs.ua.es\/copla\/wp-json\/wp\/v2\/pages"}],"about":[{"href":"https:\/\/blogs.ua.es\/copla\/wp-json\/wp\/v2\/types\/page"}],"author":[{"embeddable":true,"href":"https:\/\/blogs.ua.es\/copla\/wp-json\/wp\/v2\/users\/1465"}],"replies":[{"embeddable":true,"href":"https:\/\/blogs.ua.es\/copla\/wp-json\/wp\/v2\/comments?post=283"}],"version-history":[{"count":1,"href":"https:\/\/blogs.ua.es\/copla\/wp-json\/wp\/v2\/pages\/283\/revisions"}],"predecessor-version":[{"id":284,"href":"https:\/\/blogs.ua.es\/copla\/wp-json\/wp\/v2\/pages\/283\/revisions\/284"}],"up":[{"embeddable":true,"href":"https:\/\/blogs.ua.es\/copla\/wp-json\/wp\/v2\/pages\/279"}],"wp:attachment":[{"href":"https:\/\/blogs.ua.es\/copla\/wp-json\/wp\/v2\/media?parent=283"}],"curies":[{"name":"wp","href":"https:\/\/api.w.org\/{rel}","templated":true}]}}