{"id":3,"date":"2009-09-30T09:32:14","date_gmt":"2009-09-30T07:32:14","guid":{"rendered":"https:\/\/blogs.ua.es\/copla\/?page_id=3"},"modified":"2009-11-10T15:55:18","modified_gmt":"2009-11-10T13:55:18","slug":"%c2%bfque-es-copla","status":"publish","type":"page","link":"https:\/\/blogs.ua.es\/copla\/%c2%bfque-es-copla\/","title":{"rendered":"\u00bfQu\u00e9 es COPLA?"},"content":{"rendered":"<p><span style=\"color: #003366\">El proyecto COPLA (Coneixement Obert i Programari Lliure a la Universitat d\u2019Alacant) es una iniciativa del Vicerrectorado de Tecnolog\u00eda e Innovaci\u00f3n Educativa de la Universidad de Alicante, que nace con la idea de impulsar iniciativas para promover el conocimiento abierto y el software libre.<\/span><\/p>\n<p><span style=\"color: #003366\">Es un conjunto de intenciones, que apuesta por una libre distribuci\u00f3n del conocimiento. Desde este proyecto se pretenden desarrollar m\u00faltiples iniciativas para dar a conocer y fomentar el conocimiento abierto y el uso del software libre en el entorno de la universidad.<\/span><\/p>\n<p><span style=\"color: #003366\"><strong>Objetivos<\/strong><br \/>\nEl proyecto COPLA tendr\u00e1 como principal objetivo la difusi\u00f3n del conocimiento abierto, en general, y del software libre, en particular. Sus principales objetivos son:<\/span><\/p>\n<ul>\n<li><span style=\"color: #003366\">Promover los valores que fomenta el conocimiento abierto como la colaboraci\u00f3n, compromiso y solidaridad.<\/span><\/li>\n<li><span style=\"color: #003366\">Fomentar cambios, no s\u00f3lo en el \u00e1mbito tecnol\u00f3gico y metodolog\u00eda de trabajo, sino tambi\u00e9n fomentar cambios de filosof\u00eda en estudiantes y personal de la universidad.<\/span><\/li>\n<li><span style=\"color: #003366\">Realizar convenios de colaboraci\u00f3n para apoyar el conocimiento abierto.<\/span><\/li>\n<li><span style=\"color: #003366\">Fomentar el uso de formatos abiertos y software libre en estudiantes y profesores. Promoviendo su uso para la docencia e investigaci\u00f3n.<\/span><\/li>\n<li><span style=\"color: #003366\">Aumentar el conocimiento sobre formatos abiertos y software libre.<\/span><\/li>\n<li><span style=\"color: #003366\">Apoyar la difusi\u00f3n del conocimiento. Promover el desarrollo del conocimiento abierto y del software libre por parte de alumnos \ty personal, para que publiquen mediante licencias libres sus investigaciones y trabajos.<\/span><\/li>\n<\/ul>\n<p><span style=\"color: #003366\"><strong>Iniciativas<\/strong><br \/>\nPara alcanzar estos objetivos, el proyecto COPLA pondr\u00e1 en marcha una serie de iniciativas:<\/span><\/p>\n<ul>\n<li><span style=\"color: #003366\">Desarrollo de campa\u00f1as informativas para dar a conocer el conocimiento abierto y las ventajas que conlleva su uso y distribuci\u00f3n.<\/span><\/li>\n<li><span style=\"color: #003366\">Apoyo a eventos relacionados con la promoci\u00f3n del conocimiento abierto y software libre.<\/span><\/li>\n<li><span style=\"color: #003366\">Fomentar convenios de colaboraci\u00f3n con otras universidades, instituciones, empresas, etc. para el apoyo de iniciativas relacionadas con la distribuci\u00f3n de conocimiento y formatos abiertos.<\/span><\/li>\n<li><span style=\"color: #003366\">Organizaci\u00f3n y desarrollo de cursos, seminarios, jornadas y congresos para promocionar el conocimiento abierto y el uso de software libre.<\/span><\/li>\n<li><span style=\"color: #003366\">Disponer de un espacio en el sitio Web corporativo de la Universidad de Alicante donde apoyar el conocimiento abierto y el software libre, con listas de herramientas equivalentes a las herramientas propietarias, materiales de formaci\u00f3n y soporte de software libre y cat\u00e1logo de aplicaciones libres para descargar.<\/span><\/li>\n<li><span style=\"color: #003366\">Apoyo a talleres para alumnos, PDI y PAS que ayuden a la instalaci\u00f3n de software libre.<\/span><\/li>\n<li><span style=\"color: #003366\">Promover el uso del software libre, con la distribuci\u00f3n, entre estudiantes y personal de la universidad, de aplicaciones libres.<\/span><\/li>\n<li><span style=\"color: #003366\">Trabajar coordinadamente con los distintos centros de la universidad para adaptar estas iniciativas a las distintas titulaciones.<\/span><\/li>\n<li><span style=\"color: #003366\">Creaci\u00f3n de un consejo para el asesoramiento de los usuarios de software libre.<\/span><\/li>\n<\/ul>\n","protected":false},"excerpt":{"rendered":"<p>El proyecto COPLA (Coneixement Obert i Programari Lliure a la Universitat d\u2019Alacant) es una iniciativa del Vicerrectorado de Tecnolog\u00eda e Innovaci\u00f3n Educativa de la Universidad de Alicante, que nace con la idea de impulsar iniciativas para promover el conocimiento abierto y el software libre. Es un conjunto de intenciones, que apuesta por una libre distribuci\u00f3n [&hellip;]<\/p>\n","protected":false},"author":1465,"featured_media":0,"parent":0,"menu_order":0,"comment_status":"closed","ping_status":"closed","template":"","meta":{"footnotes":""},"class_list":["post-3","page","type-page","status-publish","hentry"],"_links":{"self":[{"href":"https:\/\/blogs.ua.es\/copla\/wp-json\/wp\/v2\/pages\/3","targetHints":{"allow":["GET"]}}],"collection":[{"href":"https:\/\/blogs.ua.es\/copla\/wp-json\/wp\/v2\/pages"}],"about":[{"href":"https:\/\/blogs.ua.es\/copla\/wp-json\/wp\/v2\/types\/page"}],"author":[{"embeddable":true,"href":"https:\/\/blogs.ua.es\/copla\/wp-json\/wp\/v2\/users\/1465"}],"replies":[{"embeddable":true,"href":"https:\/\/blogs.ua.es\/copla\/wp-json\/wp\/v2\/comments?post=3"}],"version-history":[{"count":8,"href":"https:\/\/blogs.ua.es\/copla\/wp-json\/wp\/v2\/pages\/3\/revisions"}],"predecessor-version":[{"id":292,"href":"https:\/\/blogs.ua.es\/copla\/wp-json\/wp\/v2\/pages\/3\/revisions\/292"}],"wp:attachment":[{"href":"https:\/\/blogs.ua.es\/copla\/wp-json\/wp\/v2\/media?parent=3"}],"curies":[{"name":"wp","href":"https:\/\/api.w.org\/{rel}","templated":true}]}}