{"id":304,"date":"2009-11-10T16:05:57","date_gmt":"2009-11-10T14:05:57","guid":{"rendered":"https:\/\/blogs.ua.es\/copla\/?page_id=304"},"modified":"2009-11-10T16:06:41","modified_gmt":"2009-11-10T14:06:41","slug":"enllacos-enlaces","status":"publish","type":"page","link":"https:\/\/blogs.ua.es\/copla\/enllacos-enlaces\/","title":{"rendered":"Enlla\u00e7os \/ Enlaces"},"content":{"rendered":"<p><span style=\"color: #003366\"><strong>Enlla\u00e7os a altres universitats espanyoles<\/strong><br \/>\n<strong>Enlaces a otras universidades espa\u00f1olas<\/strong><\/span><\/p>\n<ul>\n<li><span style=\"color: #003366\"><strong>LUC3M<\/strong><br \/>\nUniversitat Carlos III de Madrid<\/span><\/li>\n<li><span style=\"color: #003366\"><strong>Centre de Refer\u00e8ncia Linux<\/strong><br \/>\nUniversitat Aut\u00f2noma de Madrid<\/span><\/li>\n<li><span style=\"color: #003366\"><strong>SOLFA<\/strong><br \/>\nProgramari Lliure i de Font Oberta. Universitat de Sevilla<\/span><\/li>\n<li><span style=\"color: #003366\"><strong>Oficina de Programari Lliure<\/strong><br \/>\nUniversitat de Cadis<\/span><\/li>\n<li><span style=\"color: #003366\"><strong>Projecte LaFarga<\/strong><br \/>\nUniversitat Polit\u00e8cnica de Catalunya<\/span><\/li>\n<li><span style=\"color: #003366\"><strong>C\u00e0tedra de Programari Lliure<\/strong><br \/>\nUniversitat Polit\u00e8cnica de Catalunya<\/span><\/li>\n<li><span style=\"color: #003366\"><strong>CALDUM<\/strong><br \/>\nConeixement Obert i Lliure Distribuci\u00f3 Universitat de M\u00farcia<\/span><\/li>\n<li><span style=\"color: #003366\"><strong>SOFTLA<\/strong><br \/>\nProgramari lliure i obert. Universitat de M\u00farcia<\/span><\/li>\n<li><span style=\"color: #003366\"><strong>CRUETIC-SL<\/strong><br \/>\nConfer\u00e8ncia de Rectors de les Universitats Espanyoles<\/span><\/li>\n<\/ul>\n<p><span style=\"color: #003366\"><strong>Enlla\u00e7os a associacions<br \/>\nEnlaces a asociaciones<\/strong><\/span><\/p>\n<li><span style=\"color: #003366\"><strong>GULA<\/strong><br \/>\nGrup d&#8217;Usuaris de Linux d&#8217;Alacant<\/span><\/li>\n<li><span style=\"color: #003366\"><strong>Kleenux<\/strong><br \/>\nAssociaci\u00f3 d&#8217;Usuaris de Programari Lliure d&#8217;Elx<\/span><\/li>\n<li><span style=\"color: #003366\"><strong>PoLinux<\/strong><br \/>\nAssociaci\u00f3 d&#8217;Usuaris de Linux de la UPV<\/span><\/li>\n<li><span style=\"color: #003366\"><strong>ADITEL<\/strong><br \/>\nAssociaci\u00f3 per al Desenvolupament de la Inform\u00e0tica i Telem\u00e0tica.<br \/>\nUniversitat Jaume I. Castell\u00f3<\/span><\/li>\n<li><span style=\"color: #003366\"><strong>VaLux<\/strong><br \/>\nVal\u00e8ncia Linux. Associaci\u00f3 de Linux de la Comunitat Valenciana<\/span><\/li>\n<li><span style=\"color: #003366\"><strong>Gulmu<\/strong><br \/>\nGrup d&#8217;Usuaris de Linux de M\u00farcia<\/span><\/li>\n<li><span style=\"color: #003366\"><strong>Hispalinux<\/strong><br \/>\nAssociaci\u00f3 d&#8217;usuaris espanyols de GNU\/Linux<\/span><\/li>\n","protected":false},"excerpt":{"rendered":"<p>Enlla\u00e7os a altres universitats espanyoles Enlaces a otras universidades espa\u00f1olas LUC3M Universitat Carlos III de Madrid Centre de Refer\u00e8ncia Linux Universitat Aut\u00f2noma de Madrid SOLFA Programari Lliure i de Font Oberta. Universitat de Sevilla Oficina de Programari Lliure Universitat de Cadis Projecte LaFarga Universitat Polit\u00e8cnica de Catalunya C\u00e0tedra de Programari Lliure Universitat Polit\u00e8cnica de Catalunya [&hellip;]<\/p>\n","protected":false},"author":1465,"featured_media":0,"parent":0,"menu_order":0,"comment_status":"closed","ping_status":"closed","template":"","meta":{"footnotes":""},"class_list":["post-304","page","type-page","status-publish","hentry"],"_links":{"self":[{"href":"https:\/\/blogs.ua.es\/copla\/wp-json\/wp\/v2\/pages\/304","targetHints":{"allow":["GET"]}}],"collection":[{"href":"https:\/\/blogs.ua.es\/copla\/wp-json\/wp\/v2\/pages"}],"about":[{"href":"https:\/\/blogs.ua.es\/copla\/wp-json\/wp\/v2\/types\/page"}],"author":[{"embeddable":true,"href":"https:\/\/blogs.ua.es\/copla\/wp-json\/wp\/v2\/users\/1465"}],"replies":[{"embeddable":true,"href":"https:\/\/blogs.ua.es\/copla\/wp-json\/wp\/v2\/comments?post=304"}],"version-history":[{"count":2,"href":"https:\/\/blogs.ua.es\/copla\/wp-json\/wp\/v2\/pages\/304\/revisions"}],"predecessor-version":[{"id":306,"href":"https:\/\/blogs.ua.es\/copla\/wp-json\/wp\/v2\/pages\/304\/revisions\/306"}],"wp:attachment":[{"href":"https:\/\/blogs.ua.es\/copla\/wp-json\/wp\/v2\/media?parent=304"}],"curies":[{"name":"wp","href":"https:\/\/api.w.org\/{rel}","templated":true}]}}