{"id":5,"date":"2009-09-30T09:36:07","date_gmt":"2009-09-30T07:36:07","guid":{"rendered":"https:\/\/blogs.ua.es\/copla\/?page_id=5"},"modified":"2009-11-12T19:48:07","modified_gmt":"2009-11-12T17:48:07","slug":"ejes-estrategicos","status":"publish","type":"page","link":"https:\/\/blogs.ua.es\/copla\/ejes-estrategicos\/","title":{"rendered":"Ejes Estrat\u00e9gicos"},"content":{"rendered":"<p><span style=\"color: #003366\">Para conseguir los objetivos, el proyecto COPLA divide sus tareas en distintos ejes estrat\u00e9gicos. Cada uno de ellos se especializa en unas tareas concretas que unidas forman el proyecto COPLA en s\u00ed.<\/span><\/p>\n<p><img loading=\"lazy\" decoding=\"async\" class=\"aligncenter size-medium wp-image-144\" src=\"https:\/\/blogs.ua.es\/copla\/files\/2009\/09\/puzzle_ejes_2-300x201.jpg\" alt=\"puzzle_ejes_2\" width=\"300\" height=\"201\" srcset=\"https:\/\/blogs.ua.es\/copla\/files\/2009\/09\/puzzle_ejes_2-300x201.jpg 300w, https:\/\/blogs.ua.es\/copla\/files\/2009\/09\/puzzle_ejes_2.JPG 320w\" sizes=\"auto, (max-width: 300px) 100vw, 300px\" \/><\/p>\n<p><span style=\"color: #003366\"><strong>Ejes principales: <\/strong><\/span><\/p>\n<ul>\n<li><span style=\"color: #003366\"><a href=\"https:\/\/blogs.ua.es\/copla\/conocimiento-abierto\/\"><strong>Conocimiento Abierto<\/strong><\/a><br \/>\nEste eje, siguiendo los principios de la Declaraci\u00f3n de Berl\u00edn, se encarga de fomentar la recopilaci\u00f3n, gesti\u00f3n y difusi\u00f3n de los conocimientos en abierto creados o depositados en la Universidad de Alicante, tanto en docencia como en investigaci\u00f3n. Para ello contar\u00e1 con las herramientas tecnol\u00f3gicas y los servicios adecuados que permitan poner a disposici\u00f3n tanto de la comunidad universitaria como del p\u00fablico en general las aportaciones generadas por los miembros de nuestra Universidad.<\/span><\/li>\n<\/ul>\n<ul>\n<li><span style=\"color: #003366\"><a href=\"https:\/\/blogs.ua.es\/copla\/contenidos-abiertos\/\"><strong>Contenidos Abiertos<\/strong><\/a><br \/>\nEste eje se encarga de los materiales, documentos y recursos educativos que se ponen a disposici\u00f3n de la comunidad educativa de forma libre. Tambi\u00e9n se encarga de las soluciones tecnol\u00f3gicas que hacen posible esta filosof\u00eda.Subejes:<\/span><\/p>\n<ul>\n<li><span style=\"color: #003366\"><a href=\"https:\/\/blogs.ua.es\/copla\/contenidos-abiertos\/ocw-ua\/\">OCWA-UA<\/a><\/span><\/li>\n<li><span style=\"color: #003366\"><a href=\"https:\/\/blogs.ua.es\/copla\/contenidos-abiertos\/moodle\/\">MOODLE<\/a><\/span><\/li>\n<li><span style=\"color: #003366\"><a href=\"https:\/\/blogs.ua.es\/copla\/contenidos-abiertos\/blogsua\/\">BlogsUA<\/a><\/span><\/li>\n<\/ul>\n<\/li>\n<\/ul>\n<ul>\n<li><span style=\"color: #003366\"><a href=\"https:\/\/blogs.ua.es\/copla\/formatos-abiertos\/\"><strong>Formatos Abiertos<\/strong><\/a><\/span><\/li>\n<\/ul>\n<ul>\n<li><span style=\"color: #003366\"><a href=\"https:\/\/blogs.ua.es\/copla\/software-libre\/\"><strong>Software Libre<\/strong><\/a><br \/>\nEste eje se ocupa de fomentar el uso de software libre en la comunidad universitaria. Para ello se dotan a los equipos inform\u00e1ticos de este tipo de software, se proponen m\u00e9todos para incentivar el uso de software libre en la docencia y se buscan aplicaciones de software libre equivalentes a alg\u00fan software propietario existente.Subejes:<\/span><\/p>\n<ul>\n<li><span style=\"color: #003366\"><a href=\"https:\/\/blogs.ua.es\/copla\/software-libre\/gestion-y-admi\u2026s-informaticos\/\">Gesti\u00f3n y Administraci\u00f3n de Equipos Inform\u00e1ticos<\/a><\/span><\/li>\n<li><span style=\"color: #003366\"><a href=\"https:\/\/blogs.ua.es\/copla\/software-libre\/redes-tematica\u2026software-libre\/\">Redes Tem\u00e1ticas de Incentivo al uso del Software Libre en la Docencia<\/a><\/span><\/li>\n<li><span style=\"color: #003366\"><a href=\"https:\/\/blogs.ua.es\/copla\/software-libre\/aplicaciones-d\u2026software-libre\/\">Aplicaciones del Software Libre<\/a><\/span><\/li>\n<\/ul>\n<\/li>\n<\/ul>\n<ul>\n<li><span style=\"color: #003366\"><a href=\"https:\/\/blogs.ua.es\/copla\/82\/\"><strong>Observatorio<\/strong><\/a><br \/>\nAnalizar los resultados de otros proyectos de Software Libre y\/o Conocimiento Abierto en diferentes \u00e1mbitos y proponer tecnolog\u00edas o iniciativas que pudieran ser beneficiosas para el proyecto COPLA y atender posibles dudas sobre Software Libre a otras ramas del COPLA o usuarios.<\/span><\/li>\n<\/ul>\n<ul>\n<li><span style=\"color: #003366\"><a href=\"https:\/\/blogs.ua.es\/copla\/difusion\/\"><strong>Difusi\u00f3n<\/strong><\/a><br \/>\nPara llevar la filosof\u00eda del Conocimiento Abierto y el Software libre a toda la comunidad universitaria se han planteado varios modos de difundir este mensaje. Toda la informaci\u00f3n relevante se publica en la Web y adem\u00e1s cada a\u00f1o se celebran las Jornadas COPLA en las que se trata de mostrar tanto lo que se hace dentro de la universidad como fuera acerca del Conocimiento Abierto y el Software Libre. Adem\u00e1s se apuesta por la formaci\u00f3n de la comunidad universitaria en estos temas mediante cursillos y seminarios.<\/span><span style=\"color: #003366\">Subejes:<\/span><\/p>\n<ul>\n<li><span style=\"color: #003366\"><a>Web<\/a><\/span><\/li>\n<li><span style=\"color: #003366\"><a href=\"https:\/\/blogs.ua.es\/copla\/difusion\/jornadas\/\">Jornadas<\/a><\/span><\/li>\n<li><span style=\"color: #003366\"><a href=\"https:\/\/blogs.ua.es\/copla\/difusion\/formacion\/\">Formaci\u00f3n<\/a><\/span><\/li>\n<\/ul>\n<\/li>\n<\/ul>\n","protected":false},"excerpt":{"rendered":"<p>Para conseguir los objetivos, el proyecto COPLA divide sus tareas en distintos ejes estrat\u00e9gicos. Cada uno de ellos se especializa en unas tareas concretas que unidas forman el proyecto COPLA en s\u00ed. Ejes principales: Conocimiento Abierto Este eje, siguiendo los principios de la Declaraci\u00f3n de Berl\u00edn, se encarga de fomentar la recopilaci\u00f3n, gesti\u00f3n y difusi\u00f3n [&hellip;]<\/p>\n","protected":false},"author":1465,"featured_media":0,"parent":0,"menu_order":1,"comment_status":"open","ping_status":"closed","template":"","meta":{"footnotes":""},"class_list":["post-5","page","type-page","status-publish","hentry"],"_links":{"self":[{"href":"https:\/\/blogs.ua.es\/copla\/wp-json\/wp\/v2\/pages\/5","targetHints":{"allow":["GET"]}}],"collection":[{"href":"https:\/\/blogs.ua.es\/copla\/wp-json\/wp\/v2\/pages"}],"about":[{"href":"https:\/\/blogs.ua.es\/copla\/wp-json\/wp\/v2\/types\/page"}],"author":[{"embeddable":true,"href":"https:\/\/blogs.ua.es\/copla\/wp-json\/wp\/v2\/users\/1465"}],"replies":[{"embeddable":true,"href":"https:\/\/blogs.ua.es\/copla\/wp-json\/wp\/v2\/comments?post=5"}],"version-history":[{"count":10,"href":"https:\/\/blogs.ua.es\/copla\/wp-json\/wp\/v2\/pages\/5\/revisions"}],"predecessor-version":[{"id":70,"href":"https:\/\/blogs.ua.es\/copla\/wp-json\/wp\/v2\/pages\/5\/revisions\/70"}],"wp:attachment":[{"href":"https:\/\/blogs.ua.es\/copla\/wp-json\/wp\/v2\/media?parent=5"}],"curies":[{"name":"wp","href":"https:\/\/api.w.org\/{rel}","templated":true}]}}