{"id":7,"date":"2009-09-30T09:38:03","date_gmt":"2009-09-30T07:38:03","guid":{"rendered":"https:\/\/blogs.ua.es\/copla\/?page_id=7"},"modified":"2009-11-05T19:06:48","modified_gmt":"2009-11-05T17:06:48","slug":"ocw-ua","status":"publish","type":"page","link":"https:\/\/blogs.ua.es\/copla\/contenidos-abiertos\/ocw-ua\/","title":{"rendered":"OCW-UA"},"content":{"rendered":"<p><span style=\"color: #003366\"><strong>Responsables:<\/strong><br \/>\nPedro Pern\u00edas<\/span><\/p>\n<p><span style=\"color: #003366\"><strong>Descripci\u00f3n:<\/strong><br \/>\nEl proyecto OCW-UA (OpenCourseWare de la Universidad de Alicante) consiste en la publicaci\u00f3n a trav\u00e9s de internet, en abierto y sin restricciones de ning\u00fan tipo para su consulta, de las propuestas docentes de los profesores de la Universidad incluyendo los materiales y recursos did\u00e1cticos que estos utilizan en sus aulas.<br \/>\nEl proyecto OCW-UA NO es un sistema de e-Learning ni es posible recibir ninguna certificaci\u00f3n acad\u00e9mica por su consulta.<br \/>\nEl proyecto OCW-UA se inscribe dentro del <a href=\"http:\/\/www.ocwconsortium.org\/\">OpenCourseware Consortium<\/a><\/span> formado por m\u00e1s de 100 universidades de todo el mundo que han decidido sumarse a esta iniciativa de presentaci\u00f3n p\u00fablica de recursos y materiales educativos.<\/p>\n<p><span style=\"color: #003366\"><strong>Acciones:<\/strong><\/span><\/p>\n<ul>\n<li><span style=\"color: #003366\">Mantenimiento del lugar web OCW<\/span><\/li>\n<li><span style=\"color: #003366\">Incorporaci\u00f3n de nuevos cursos al lugar web<\/span><\/li>\n<li><span style=\"color: #003366\">Charlas de difusi\u00f3n en departamentos, escuelas y facultades para presentar el proyecto a los profesores<\/span><\/li>\n<li><span style=\"color: #003366\">Representaci\u00f3n del proyecto OCW-UA en los foros nacionales e internacionales del OpenCourseWare Consortium<\/span><\/li>\n<li><span style=\"color: #003366\">Gesti\u00f3n de la convocatoria de ayudas para la publicaci\u00f3n por parte de los profesores en el OCW-UA<\/span><\/li>\n<\/ul>\n","protected":false},"excerpt":{"rendered":"<p>Responsables: Pedro Pern\u00edas Descripci\u00f3n: El proyecto OCW-UA (OpenCourseWare de la Universidad de Alicante) consiste en la publicaci\u00f3n a trav\u00e9s de internet, en abierto y sin restricciones de ning\u00fan tipo para su consulta, de las propuestas docentes de los profesores de la Universidad incluyendo los materiales y recursos did\u00e1cticos que estos utilizan en sus aulas. El [&hellip;]<\/p>\n","protected":false},"author":59,"featured_media":0,"parent":76,"menu_order":0,"comment_status":"open","ping_status":"closed","template":"","meta":{"footnotes":""},"class_list":["post-7","page","type-page","status-publish","hentry"],"_links":{"self":[{"href":"https:\/\/blogs.ua.es\/copla\/wp-json\/wp\/v2\/pages\/7","targetHints":{"allow":["GET"]}}],"collection":[{"href":"https:\/\/blogs.ua.es\/copla\/wp-json\/wp\/v2\/pages"}],"about":[{"href":"https:\/\/blogs.ua.es\/copla\/wp-json\/wp\/v2\/types\/page"}],"author":[{"embeddable":true,"href":"https:\/\/blogs.ua.es\/copla\/wp-json\/wp\/v2\/users\/59"}],"replies":[{"embeddable":true,"href":"https:\/\/blogs.ua.es\/copla\/wp-json\/wp\/v2\/comments?post=7"}],"version-history":[{"count":7,"href":"https:\/\/blogs.ua.es\/copla\/wp-json\/wp\/v2\/pages\/7\/revisions"}],"predecessor-version":[{"id":9,"href":"https:\/\/blogs.ua.es\/copla\/wp-json\/wp\/v2\/pages\/7\/revisions\/9"}],"up":[{"embeddable":true,"href":"https:\/\/blogs.ua.es\/copla\/wp-json\/wp\/v2\/pages\/76"}],"wp:attachment":[{"href":"https:\/\/blogs.ua.es\/copla\/wp-json\/wp\/v2\/media?parent=7"}],"curies":[{"name":"wp","href":"https:\/\/api.w.org\/{rel}","templated":true}]}}