{"id":74,"date":"2009-10-16T13:38:01","date_gmt":"2009-10-16T11:38:01","guid":{"rendered":"https:\/\/blogs.ua.es\/copla\/?page_id=74"},"modified":"2009-11-10T15:55:31","modified_gmt":"2009-11-10T13:55:31","slug":"conocimiento-abierto","status":"publish","type":"page","link":"https:\/\/blogs.ua.es\/copla\/conocimiento-abierto\/","title":{"rendered":"Conocimiento Abierto"},"content":{"rendered":"<p><span style=\"color: #003366\"><strong>Responsables:<\/strong><\/span><\/p>\n<ul>\n<li><span style=\"color: #003366\">Juan Jos\u00e9 Bayona Gim\u00e9nez<\/span><\/li>\n<li><span style=\"color: #003366\">Jose Mar\u00eda Garc\u00eda Avil\u00e9s<\/span><\/li>\n<li><span style=\"color: #003366\">Salvador S\u00e1nchez<\/span><\/li>\n<\/ul>\n<p><span style=\"color: #003366\"><strong>Descripci\u00f3n:<\/strong><br \/>\nEste eje, siguiendo los principios de la Declaraci\u00f3n de Berl\u00edn, se encarga de fomentar la recopilaci\u00f3n, gesti\u00f3n y difusi\u00f3n de los conocimientos en abierto creados o depositados en la Universidad de Alicante, tanto en docencia como en investigaci\u00f3n. Para ello contar\u00e1 con las herramientas tecnol\u00f3gicas y los servicios adecuados que permitan poner a disposici\u00f3n tanto de la comunidad universitaria como del p\u00fablico en general las aportaciones generadas por los miembros de nuestra Universidad.<\/span><\/p>\n<p><span style=\"color: #003366\"><strong>Acciones:<\/strong><\/span><\/p>\n<ul>\n<li><span style=\"color: #003366\"> Sustituci\u00f3n progresiva del software propietario por software libre en el Servicio de Biblioteca de la UA<\/span><\/li>\n<li><span style=\"color: #003366\"> Creaci\u00f3n de una fonoteca utilizando software libre. El Servicio de Biblioteca administra una donaci\u00f3n de m\u00e1s de 40.000 discos de vinilo procedentes de la cadena SER.<\/span><\/li>\n<li><span style=\"color: #003366\"> Mantenimiento y difusi\u00f3n del Repositorio de la Universidad de Alicante (<a href=\"http:\/\/rua.ua.es\/\">RUA<\/a>)<\/span><\/li>\n<\/ul>\n","protected":false},"excerpt":{"rendered":"<p>Responsables: Juan Jos\u00e9 Bayona Gim\u00e9nez Jose Mar\u00eda Garc\u00eda Avil\u00e9s Salvador S\u00e1nchez Descripci\u00f3n: Este eje, siguiendo los principios de la Declaraci\u00f3n de Berl\u00edn, se encarga de fomentar la recopilaci\u00f3n, gesti\u00f3n y difusi\u00f3n de los conocimientos en abierto creados o depositados en la Universidad de Alicante, tanto en docencia como en investigaci\u00f3n. Para ello contar\u00e1 con las [&hellip;]<\/p>\n","protected":false},"author":1465,"featured_media":0,"parent":0,"menu_order":1,"comment_status":"closed","ping_status":"closed","template":"","meta":{"footnotes":""},"class_list":["post-74","page","type-page","status-publish","hentry"],"_links":{"self":[{"href":"https:\/\/blogs.ua.es\/copla\/wp-json\/wp\/v2\/pages\/74","targetHints":{"allow":["GET"]}}],"collection":[{"href":"https:\/\/blogs.ua.es\/copla\/wp-json\/wp\/v2\/pages"}],"about":[{"href":"https:\/\/blogs.ua.es\/copla\/wp-json\/wp\/v2\/types\/page"}],"author":[{"embeddable":true,"href":"https:\/\/blogs.ua.es\/copla\/wp-json\/wp\/v2\/users\/1465"}],"replies":[{"embeddable":true,"href":"https:\/\/blogs.ua.es\/copla\/wp-json\/wp\/v2\/comments?post=74"}],"version-history":[{"count":6,"href":"https:\/\/blogs.ua.es\/copla\/wp-json\/wp\/v2\/pages\/74\/revisions"}],"predecessor-version":[{"id":148,"href":"https:\/\/blogs.ua.es\/copla\/wp-json\/wp\/v2\/pages\/74\/revisions\/148"}],"wp:attachment":[{"href":"https:\/\/blogs.ua.es\/copla\/wp-json\/wp\/v2\/media?parent=74"}],"curies":[{"name":"wp","href":"https:\/\/api.w.org\/{rel}","templated":true}]}}