{"id":76,"date":"2009-10-16T13:40:47","date_gmt":"2009-10-16T11:40:47","guid":{"rendered":"https:\/\/blogs.ua.es\/copla\/?page_id=76"},"modified":"2009-11-10T20:04:34","modified_gmt":"2009-11-10T18:04:34","slug":"contenidos-abiertos","status":"publish","type":"page","link":"https:\/\/blogs.ua.es\/copla\/contenidos-abiertos\/","title":{"rendered":"Contenidos Abiertos"},"content":{"rendered":"<p><span style=\"color: #003366\"><strong>Descripci\u00f3n<\/strong><br \/>\nEste eje se encarga de los materiales, documentos y recursos educativos que se ponen a disposici\u00f3n de la comunidad educativa de forma libre. Tambi\u00e9n se encarga de las soluciones tecnol\u00f3gicas que hacen posible esta filosof\u00eda.<\/span><\/p>\n<p><span style=\"color: #003366\"><strong>Subejes<\/strong><\/span><\/p>\n<ul>\n<li><span style=\"color: #003366\"><a href=\"https:\/\/blogs.ua.es\/copla\/contenidos-abiertos\/ocw-ua\/\"><strong>OCWA-UA<\/strong><\/a><br \/>\nEl proyecto OCW-UA (OpenCourseWare de la Universidad de Alicante) consiste en la publicaci\u00f3n a trav\u00e9s de internet, en abierto y sin restricciones de ning\u00fan tipo para su consulta, de las propuestas docentes de los profesores de la Universidad incluyendo los materiales y recursos did\u00e1cticos que estos utilizan en sus aulas.<br \/>\nEl proyecto OCW-UA NO es un sistema de e-Learning ni es posible recibir ninguna certificaci\u00f3n acad\u00e9mica por su consulta.<br \/>\nEl proyecto OCW-UA se inscribe dentro del OpenCourseware Consortium formado por m\u00e1s de 100 universidades de todo el mundo que han decidido sumarse a esta iniciativa de presentaci\u00f3n p\u00fablica de recursos y materiales educativos.<\/span><\/li>\n<li><span style=\"color: #003366\"><a href=\"https:\/\/blogs.ua.es\/copla\/contenidos-abiertos\/moodle\/\"><strong>MOODLE<\/strong><\/a><br \/>\nMoodle es una plataforma de Campus Virtual bajo la filosof\u00eda de Software Libre que la Universidad de Alicante ha decidido utilizar como extensi\u00f3n de su propio Campus Virtual para permitir que los profesores desarrollen tareas educativas m\u00e1s complejas con sus alumnos.<\/span><\/li>\n<li><span style=\"color: #003366\"><a href=\"https:\/\/blogs.ua.es\/copla\/contenidos-abiertos\/blogsua\/\"><strong>BlogsUA<\/strong><\/a><br \/>\nPuesta en marcha de una plataforma de publicaci\u00f3n de blogs para la comunidad universitaria. Fomento de Software utilizado: WordPress multiusuario instalado sobre GNU\/Linux.<\/span><\/li>\n<\/ul>\n","protected":false},"excerpt":{"rendered":"<p>Descripci\u00f3n Este eje se encarga de los materiales, documentos y recursos educativos que se ponen a disposici\u00f3n de la comunidad educativa de forma libre. Tambi\u00e9n se encarga de las soluciones tecnol\u00f3gicas que hacen posible esta filosof\u00eda. Subejes OCWA-UA El proyecto OCW-UA (OpenCourseWare de la Universidad de Alicante) consiste en la publicaci\u00f3n a trav\u00e9s de internet, [&hellip;]<\/p>\n","protected":false},"author":59,"featured_media":0,"parent":0,"menu_order":2,"comment_status":"closed","ping_status":"closed","template":"","meta":{"footnotes":""},"class_list":["post-76","page","type-page","status-publish","hentry"],"_links":{"self":[{"href":"https:\/\/blogs.ua.es\/copla\/wp-json\/wp\/v2\/pages\/76","targetHints":{"allow":["GET"]}}],"collection":[{"href":"https:\/\/blogs.ua.es\/copla\/wp-json\/wp\/v2\/pages"}],"about":[{"href":"https:\/\/blogs.ua.es\/copla\/wp-json\/wp\/v2\/types\/page"}],"author":[{"embeddable":true,"href":"https:\/\/blogs.ua.es\/copla\/wp-json\/wp\/v2\/users\/59"}],"replies":[{"embeddable":true,"href":"https:\/\/blogs.ua.es\/copla\/wp-json\/wp\/v2\/comments?post=76"}],"version-history":[{"count":8,"href":"https:\/\/blogs.ua.es\/copla\/wp-json\/wp\/v2\/pages\/76\/revisions"}],"predecessor-version":[{"id":153,"href":"https:\/\/blogs.ua.es\/copla\/wp-json\/wp\/v2\/pages\/76\/revisions\/153"}],"wp:attachment":[{"href":"https:\/\/blogs.ua.es\/copla\/wp-json\/wp\/v2\/media?parent=76"}],"curies":[{"name":"wp","href":"https:\/\/api.w.org\/{rel}","templated":true}]}}