{"id":82,"date":"2009-10-16T14:11:37","date_gmt":"2009-10-16T12:11:37","guid":{"rendered":"https:\/\/blogs.ua.es\/copla\/?page_id=82"},"modified":"2009-11-10T15:56:34","modified_gmt":"2009-11-10T13:56:34","slug":"82","status":"publish","type":"page","link":"https:\/\/blogs.ua.es\/copla\/82\/","title":{"rendered":"Observatorio"},"content":{"rendered":"<p><span style=\"color: #003366\"><strong>Responsable<\/strong><br \/>\nHector Rico Garc\u00eda<\/span><\/p>\n<p><span style=\"color: #003366\"><strong>Descripci\u00f3n<\/strong><br \/>\nAnalizar los resultados de otros proyectos de Software Libre y\/o Conocimiento Abierto en diferentes \u00e1mbitos y proponer tecnolog\u00edas o iniciativas que pudieran ser beneficiosas para el proyecto COPLA y atender posibles dudas sobre Software Libre a otras ramas del COPLA o usuarios.<\/span><\/p>\n<p><span style=\"color: #003366\"><strong>Acciones<\/strong><\/span><\/p>\n<li><span style=\"color: #003366\">Creaci\u00f3n de un CMS \/ p\u00e1gina web , donde regularmente se expondr\u00edan las noticias o posibilidades que se encuentren dentro de nuestro \u00e1mbito.<\/span><\/li>\n<li><span style=\"color: #003366\">Intentar crear un v\u00ednculo con la l\u00ednea de Software dentro del COPLA para poder crear un sistema de consultor\u00eda de Software Libre a departamentos o secciones de la universidad que se planteen un cambio a Software Libre ( viabilidad , posibles programas, hasta demostraciones de estos mismos).<\/span><\/li>\n<li><span style=\"color: #003366\">Organizaci\u00f3n de cursos y talleres.<\/span><\/li>\n","protected":false},"excerpt":{"rendered":"<p>Responsable Hector Rico Garc\u00eda Descripci\u00f3n Analizar los resultados de otros proyectos de Software Libre y\/o Conocimiento Abierto en diferentes \u00e1mbitos y proponer tecnolog\u00edas o iniciativas que pudieran ser beneficiosas para el proyecto COPLA y atender posibles dudas sobre Software Libre a otras ramas del COPLA o usuarios. Acciones Creaci\u00f3n de un CMS \/ p\u00e1gina web [&hellip;]<\/p>\n","protected":false},"author":1465,"featured_media":0,"parent":0,"menu_order":5,"comment_status":"closed","ping_status":"closed","template":"","meta":{"footnotes":""},"class_list":["post-82","page","type-page","status-publish","hentry"],"_links":{"self":[{"href":"https:\/\/blogs.ua.es\/copla\/wp-json\/wp\/v2\/pages\/82","targetHints":{"allow":["GET"]}}],"collection":[{"href":"https:\/\/blogs.ua.es\/copla\/wp-json\/wp\/v2\/pages"}],"about":[{"href":"https:\/\/blogs.ua.es\/copla\/wp-json\/wp\/v2\/types\/page"}],"author":[{"embeddable":true,"href":"https:\/\/blogs.ua.es\/copla\/wp-json\/wp\/v2\/users\/1465"}],"replies":[{"embeddable":true,"href":"https:\/\/blogs.ua.es\/copla\/wp-json\/wp\/v2\/comments?post=82"}],"version-history":[{"count":8,"href":"https:\/\/blogs.ua.es\/copla\/wp-json\/wp\/v2\/pages\/82\/revisions"}],"predecessor-version":[{"id":299,"href":"https:\/\/blogs.ua.es\/copla\/wp-json\/wp\/v2\/pages\/82\/revisions\/299"}],"wp:attachment":[{"href":"https:\/\/blogs.ua.es\/copla\/wp-json\/wp\/v2\/media?parent=82"}],"curies":[{"name":"wp","href":"https:\/\/api.w.org\/{rel}","templated":true}]}}