{"id":85,"date":"2009-10-16T14:14:11","date_gmt":"2009-10-16T12:14:11","guid":{"rendered":"https:\/\/blogs.ua.es\/copla\/?page_id=85"},"modified":"2009-11-10T20:06:44","modified_gmt":"2009-11-10T18:06:44","slug":"difusion","status":"publish","type":"page","link":"https:\/\/blogs.ua.es\/copla\/difusion\/","title":{"rendered":"Difusi\u00f3n"},"content":{"rendered":"<p><span style=\"color: #003366\"><strong>Descripci\u00f3n<\/strong><br \/>\nPara llevar la filosof\u00eda del Conocimiento Abierto y el Software libre a toda la comunidad universitaria se han planteado varios modos de difundir este mensaje. Toda la informaci\u00f3n relevante se publica en la Web y adem\u00e1s cada a\u00f1o se celebran las Jornadas COPLA en las que se trata de mostrar tanto lo que se hace dentro de la universidad como fuera acerca del Conocimiento Abierto y el Software Libre. Adem\u00e1s se apuesta por la formaci\u00f3n de la comunidad universitaria en estos temas mediante cursillos y seminarios.<\/span><\/p>\n<p><span style=\"color: #003366\"><strong>Subejes<\/strong><\/span><\/p>\n<li><span style=\"color: #003366\"><a href=\"https:\/\/blogs.ua.es\/copla\/difusion\/web\/\"><strong>Web<\/strong><\/a><br \/>\nEs el sitio Web del proyecto dentro de la Web institucional de la Universidad de Alicante. Se trata de un rinc\u00f3n donde la gente puede encontrar informaci\u00f3n acerca del proyecto COPLA as\u00ed como de sus iniciativas. Se trata de una Web participativa para que los usuarios puedan opinar y mejorar con ello el desarrollo del proyecto COPLA.<\/span><\/li>\n<li><span style=\"color: #003366\"><a href=\"https:\/\/blogs.ua.es\/copla\/difusion\/jornadas\/\"><strong>Jornadas<\/strong><\/a><br \/>\nLa Universidad de Alicante organiza las Jornadas por el Conocimiento Abierto y Software Libre de la Universidad de Alicante (Jornadas COPLA) con el objetivo de dar una m\u00e1xima difusi\u00f3n posible e incentivar a la comunidad universitaria el uso del software libre y promocionar el conocimiento abierto. Estas jornadas servir\u00e1n para concienciar a los miembros de la Universidad para que compartan sus trabajos o investigaciones derivados de su trabajo en la universidad, para que hagan uso de formatos abiertos para el intercambio de documentos y para que utilicen el software libre. Est\u00e1n dirigidas a la comunidad universitaria, empresarial y a todo el p\u00fablico en general interesado en el conocimiento abierto y software libre. Estas Jornadas se celebran anualmente en la Universidad de Alicante. En las I Jornadas COPLA se quiso mostrar a la Universidad de Alicante lo que se estaba realizando en otros lugares. Las II Jornadas COPLA se estructuraron en torno a iniciativas de la propia Universidad de Alicante en este \u00e1mbito y adem\u00e1s se cont\u00f3 con conferencias impartidas por personalidades relevantes en el \u00e1mbito del software libre invitadas por la organizaci\u00f3n. Actualmente ya se est\u00e1 trabajando en la preparaci\u00f3n de las III Jornadas COPLA que quieren orientarse a mostrar qu\u00e9 aportaciones puede ofrecer el uso del software libre y del conocimiento abierto al entorno universitario.<\/span><\/li>\n<li><span style=\"color: #003366\"><a href=\"https:\/\/blogs.ua.es\/copla\/difusion\/formacion\/\"><strong>Formaci\u00f3n<\/strong><\/a><br \/>\nPara conseguir la integraci\u00f3n del Software Libre en los procesos de ense\u00f1anza-aprendizaje de la Universidad de Alicante, adem\u00e1s de su conocimiento y aceptaci\u00f3n por parte del profesorado y alumnado, es necesaria la realizaci\u00f3n de acciones formativas acerca de su utilizaci\u00f3n.<\/span><\/li>\n","protected":false},"excerpt":{"rendered":"<p>Descripci\u00f3n Para llevar la filosof\u00eda del Conocimiento Abierto y el Software libre a toda la comunidad universitaria se han planteado varios modos de difundir este mensaje. Toda la informaci\u00f3n relevante se publica en la Web y adem\u00e1s cada a\u00f1o se celebran las Jornadas COPLA en las que se trata de mostrar tanto lo que se [&hellip;]<\/p>\n","protected":false},"author":1465,"featured_media":0,"parent":0,"menu_order":6,"comment_status":"closed","ping_status":"closed","template":"","meta":{"footnotes":""},"class_list":["post-85","page","type-page","status-publish","hentry"],"_links":{"self":[{"href":"https:\/\/blogs.ua.es\/copla\/wp-json\/wp\/v2\/pages\/85","targetHints":{"allow":["GET"]}}],"collection":[{"href":"https:\/\/blogs.ua.es\/copla\/wp-json\/wp\/v2\/pages"}],"about":[{"href":"https:\/\/blogs.ua.es\/copla\/wp-json\/wp\/v2\/types\/page"}],"author":[{"embeddable":true,"href":"https:\/\/blogs.ua.es\/copla\/wp-json\/wp\/v2\/users\/1465"}],"replies":[{"embeddable":true,"href":"https:\/\/blogs.ua.es\/copla\/wp-json\/wp\/v2\/comments?post=85"}],"version-history":[{"count":6,"href":"https:\/\/blogs.ua.es\/copla\/wp-json\/wp\/v2\/pages\/85\/revisions"}],"predecessor-version":[{"id":316,"href":"https:\/\/blogs.ua.es\/copla\/wp-json\/wp\/v2\/pages\/85\/revisions\/316"}],"wp:attachment":[{"href":"https:\/\/blogs.ua.es\/copla\/wp-json\/wp\/v2\/media?parent=85"}],"curies":[{"name":"wp","href":"https:\/\/api.w.org\/{rel}","templated":true}]}}