{"id":87,"date":"2009-10-16T14:16:39","date_gmt":"2009-10-16T12:16:39","guid":{"rendered":"https:\/\/blogs.ua.es\/copla\/?page_id=87"},"modified":"2009-11-06T11:58:07","modified_gmt":"2009-11-06T09:58:07","slug":"moodle","status":"publish","type":"page","link":"https:\/\/blogs.ua.es\/copla\/contenidos-abiertos\/moodle\/","title":{"rendered":"Moodle"},"content":{"rendered":"<p><span style=\"color: #003366\"><strong>Responsables<\/strong><\/span><\/p>\n<ul>\n<li><span style=\"color: #003366\">Domingo Gallardo<\/span><\/li>\n<li><span style=\"color: #003366\">Pedro Pern\u00edas<\/span><\/li>\n<\/ul>\n<p><span style=\"color: #003366\"><strong>Descripci\u00f3n<\/strong><br \/>\nMoodle es una plataforma de Campus Virtual bajo la filosof\u00eda de Software Libre que la Universidad de Alicante ha decidido utilizar como extensi\u00f3n de su propio Campus Virtual para permitir que los profesores desarrollen tareas educativas m\u00e1s complejas con sus alumnos.<\/span><\/p>\n<p><span style=\"color: #003366\"><strong>Acciones<\/strong><\/span><\/p>\n<li><span style=\"color: #003366\">Difusi\u00f3n del uso de la plataforma de Campus Virtual Open Source Moodle entre el colectivo de profesores de la UA<\/span><\/li>\n<li><span style=\"color: #003366\">Charlas de difusi\u00f3n en departamentos, escuelas y facultades para presentar el proyecto a los profesores<\/span><\/li>\n","protected":false},"excerpt":{"rendered":"<p>Responsables Domingo Gallardo Pedro Pern\u00edas Descripci\u00f3n Moodle es una plataforma de Campus Virtual bajo la filosof\u00eda de Software Libre que la Universidad de Alicante ha decidido utilizar como extensi\u00f3n de su propio Campus Virtual para permitir que los profesores desarrollen tareas educativas m\u00e1s complejas con sus alumnos. Acciones Difusi\u00f3n del uso de la plataforma de [&hellip;]<\/p>\n","protected":false},"author":59,"featured_media":0,"parent":76,"menu_order":1,"comment_status":"closed","ping_status":"closed","template":"","meta":{"footnotes":""},"class_list":["post-87","page","type-page","status-publish","hentry"],"_links":{"self":[{"href":"https:\/\/blogs.ua.es\/copla\/wp-json\/wp\/v2\/pages\/87","targetHints":{"allow":["GET"]}}],"collection":[{"href":"https:\/\/blogs.ua.es\/copla\/wp-json\/wp\/v2\/pages"}],"about":[{"href":"https:\/\/blogs.ua.es\/copla\/wp-json\/wp\/v2\/types\/page"}],"author":[{"embeddable":true,"href":"https:\/\/blogs.ua.es\/copla\/wp-json\/wp\/v2\/users\/59"}],"replies":[{"embeddable":true,"href":"https:\/\/blogs.ua.es\/copla\/wp-json\/wp\/v2\/comments?post=87"}],"version-history":[{"count":6,"href":"https:\/\/blogs.ua.es\/copla\/wp-json\/wp\/v2\/pages\/87\/revisions"}],"predecessor-version":[{"id":149,"href":"https:\/\/blogs.ua.es\/copla\/wp-json\/wp\/v2\/pages\/87\/revisions\/149"}],"up":[{"embeddable":true,"href":"https:\/\/blogs.ua.es\/copla\/wp-json\/wp\/v2\/pages\/76"}],"wp:attachment":[{"href":"https:\/\/blogs.ua.es\/copla\/wp-json\/wp\/v2\/media?parent=87"}],"curies":[{"name":"wp","href":"https:\/\/api.w.org\/{rel}","templated":true}]}}