{"id":93,"date":"2009-10-16T14:26:56","date_gmt":"2009-10-16T12:26:56","guid":{"rendered":"https:\/\/blogs.ua.es\/copla\/?page_id=93"},"modified":"2009-11-10T15:56:18","modified_gmt":"2009-11-10T13:56:18","slug":"redes-tematicas-de-incentivo-al-uso-de-software-libre","status":"publish","type":"page","link":"https:\/\/blogs.ua.es\/copla\/software-libre\/redes-tematicas-de-incentivo-al-uso-de-software-libre\/","title":{"rendered":"Redes tem\u00e1ticas de incentivo al uso de Software Libre"},"content":{"rendered":"<p><span style=\"color: #003366\"><strong>Responsable<\/strong><br \/>\nFernando Torres Medina<\/span><\/p>\n<p><span style=\"color: #003366\"><strong>Descripci\u00f3n<\/strong><br \/>\nFomentar el uso de software libre en la docencia y particularmente en las clases pr\u00e1cticas. Todo ello mediante la constituci\u00f3n de redes tem\u00e1ticas por asignaturas o grupos de ellas que permitan por un lado estudiar e investigar la oferta disponible del software libre de aplicaci\u00f3n directa a las asignaturas de la red; y por otro, analizar el grado en el que se podr\u00eda aplicar la oferta disponible a la docencia espec\u00edfica de las asignaturas.<\/span><\/p>\n<p><span style=\"color: #003366\"><strong>Acciones<\/strong><br \/>\nLanzar y gestionar una convocatoria de ayudas para la creaci\u00f3n de redes tecnol\u00f3gicas de introducci\u00f3n de Software Libre en asignaturas<\/span><\/p>\n","protected":false},"excerpt":{"rendered":"<p>Responsable Fernando Torres Medina Descripci\u00f3n Fomentar el uso de software libre en la docencia y particularmente en las clases pr\u00e1cticas. Todo ello mediante la constituci\u00f3n de redes tem\u00e1ticas por asignaturas o grupos de ellas que permitan por un lado estudiar e investigar la oferta disponible del software libre de aplicaci\u00f3n directa a las asignaturas de [&hellip;]<\/p>\n","protected":false},"author":1465,"featured_media":0,"parent":79,"menu_order":1,"comment_status":"closed","ping_status":"closed","template":"","meta":{"footnotes":""},"class_list":["post-93","page","type-page","status-publish","hentry"],"_links":{"self":[{"href":"https:\/\/blogs.ua.es\/copla\/wp-json\/wp\/v2\/pages\/93","targetHints":{"allow":["GET"]}}],"collection":[{"href":"https:\/\/blogs.ua.es\/copla\/wp-json\/wp\/v2\/pages"}],"about":[{"href":"https:\/\/blogs.ua.es\/copla\/wp-json\/wp\/v2\/types\/page"}],"author":[{"embeddable":true,"href":"https:\/\/blogs.ua.es\/copla\/wp-json\/wp\/v2\/users\/1465"}],"replies":[{"embeddable":true,"href":"https:\/\/blogs.ua.es\/copla\/wp-json\/wp\/v2\/comments?post=93"}],"version-history":[{"count":5,"href":"https:\/\/blogs.ua.es\/copla\/wp-json\/wp\/v2\/pages\/93\/revisions"}],"predecessor-version":[{"id":297,"href":"https:\/\/blogs.ua.es\/copla\/wp-json\/wp\/v2\/pages\/93\/revisions\/297"}],"up":[{"embeddable":true,"href":"https:\/\/blogs.ua.es\/copla\/wp-json\/wp\/v2\/pages\/79"}],"wp:attachment":[{"href":"https:\/\/blogs.ua.es\/copla\/wp-json\/wp\/v2\/media?parent=93"}],"curies":[{"name":"wp","href":"https:\/\/api.w.org\/{rel}","templated":true}]}}